{"id":54736,"date":"2025-04-07T14:57:39","date_gmt":"2025-04-07T19:57:39","guid":{"rendered":"https:\/\/www.grandsalondeguitare.com\/?post_type=product&#038;p=54736"},"modified":"2025-04-07T15:15:57","modified_gmt":"2025-04-07T20:15:57","slug":"a-224-la-bella-2001-mtcl-copy","status":"publish","type":"product","link":"https:\/\/www.grandsalondeguitare.com\/fr\/produit\/a-224-la-bella-2001-mtcl-copy\/","title":{"rendered":"A-390, La Bella Preferita, MTCL"},"content":{"rendered":"<p>Con\u00e7ues pour les musiciens exigeants, les cordes de guitare classique Preferita\u00ae allient tradition et innovation pour une exp\u00e9rience de jeu sup\u00e9rieure. Dot\u00e9es d&rsquo;aigus en nylon de haute qualit\u00e9 et de basses en alliage r\u00e9sistant au ternissement, ces cordes sont con\u00e7ues pour r\u00e9pondre aux besoins des \u00e9tudiants en herbe comme des professionnels chevronn\u00e9s.<\/p>\n<p>L&rsquo;alliage exclusif utilis\u00e9 dans les cordes basses assure une durabilit\u00e9 exceptionnelle, offrant un son clair, brillant et \u00e9quilibr\u00e9, constant dans le temps.<\/p>\n<p>Inspir\u00e9es des sonorit\u00e9s riches et vintage des guitares classiques du d\u00e9but du XXe si\u00e8cle, les cordes Preferita\u00ae redonnent vie au son intemporel qui a s\u00e9duit les musiciens des ann\u00e9es 1920. En faisant revivre le nom bien-aim\u00e9 de Preferita\u00ae, nous honorons son h\u00e9ritage tout en offrant une fiabilit\u00e9 moderne et une qualit\u00e9 exceptionnelle.<\/p>\n<p>&#8211; Aigus en nylon transparent<br \/>\n&#8211; Basses en alliage nickel-argent exclusif et durable<br \/>\n&#8211; Son brillant\u00a0; Conserve la qualit\u00e9 sonore et la r\u00e9activit\u00e9 plus longtemps que les cordes plaqu\u00e9es argent.<br \/>\n&#8211; Tension : Moyenne<br \/>\n&#8211; Fabriqu\u00e9es aux \u00c9tats-Unis avec du fil American Wire<br \/>\n&#8211; Conditionn\u00e9es sous atmosph\u00e8re protectrice (MAP) pour \u00e9viter le ternissement et garantir la fra\u00eecheur.<\/p>\n<p>Jauges des cordes :<\/p>\n<p>Aigu\u00ebs en nylon transparent : .028&Prime;\u00a0 .032&Prime; .041&Prime;<\/p>\n<p>Basses fil\u00e9es plaqu\u00e9es argent : 0,27&Prime;, 0.33&Prime;, .041&Prime;<\/p>\n","protected":false},"excerpt":{"rendered":"[youtube v=wkT7ZXvLnEc maxwidth=\"800px\"]\n<p>&nbsp;<\/p>\n<p>Cordes de guitare classique La Bella<\/p>\n<p>Modele Preferita 1P<\/p>\n<p>Basses plaqu\u00e9e nickel-argent<\/p>\n<p>Nylon transparent<\/p>\n<p>Tension moyenne<\/p>\n","protected":false},"featured_media":54738,"comment_status":"closed","ping_status":"closed","template":"","meta":{"_mo_disable_npp":""},"product_brand":[],"product_cat":[1052,1054],"product_tag":[1383,1384,1385],"class_list":{"0":"post-54736","1":"product","2":"type-product","3":"status-publish","4":"has-post-thumbnail","6":"product_cat-accessoires","7":"product_cat-cordes","8":"product_tag-concert-series-guitar-strings-fr","9":"product_tag-la-bella-2001-classical-guitar-strings-fr","10":"product_tag-medium-tension-guitar-strings-fr","11":"sales-flash-overlay","12":"woocommerce-text-align-left","13":"woocommerce-image-align-center","14":"do-quantity-buttons","16":"first","17":"instock","18":"taxable","19":"shipping-taxable","20":"purchasable","21":"product-type-simple"},"_links":{"self":[{"href":"https:\/\/www.grandsalondeguitare.com\/fr\/wp-json\/wp\/v2\/product\/54736","targetHints":{"allow":["GET"]}}],"collection":[{"href":"https:\/\/www.grandsalondeguitare.com\/fr\/wp-json\/wp\/v2\/product"}],"about":[{"href":"https:\/\/www.grandsalondeguitare.com\/fr\/wp-json\/wp\/v2\/types\/product"}],"replies":[{"embeddable":true,"href":"https:\/\/www.grandsalondeguitare.com\/fr\/wp-json\/wp\/v2\/comments?post=54736"}],"wp:featuredmedia":[{"embeddable":true,"href":"https:\/\/www.grandsalondeguitare.com\/fr\/wp-json\/wp\/v2\/media\/54738"}],"wp:attachment":[{"href":"https:\/\/www.grandsalondeguitare.com\/fr\/wp-json\/wp\/v2\/media?parent=54736"}],"wp:term":[{"taxonomy":"product_brand","embeddable":true,"href":"https:\/\/www.grandsalondeguitare.com\/fr\/wp-json\/wp\/v2\/product_brand?post=54736"},{"taxonomy":"product_cat","embeddable":true,"href":"https:\/\/www.grandsalondeguitare.com\/fr\/wp-json\/wp\/v2\/product_cat?post=54736"},{"taxonomy":"product_tag","embeddable":true,"href":"https:\/\/www.grandsalondeguitare.com\/fr\/wp-json\/wp\/v2\/product_tag?post=54736"}],"curies":[{"name":"wp","href":"https:\/\/api.w.org\/{rel}","templated":true}]}}