{"id":54647,"date":"2025-03-27T16:54:02","date_gmt":"2025-03-27T21:54:02","guid":{"rendered":"https:\/\/www.grandsalondeguitare.com\/?post_type=product&#038;p=54647"},"modified":"2025-03-27T17:08:51","modified_gmt":"2025-03-27T22:08:51","slug":"c-734-oscar-munoz-espagne-copy","status":"publish","type":"product","link":"https:\/\/www.grandsalondeguitare.com\/fr\/produit\/c-734-oscar-munoz-espagne-copy\/","title":{"rendered":"C-808, Oscar Munoz (Espagne)"},"content":{"rendered":"<p>Nouvelle guitare classique de concert<\/p>\n<p>Fabriqu\u00e9 en 2025<\/p>\n<p>Mod\u00e8le AC-68-T<\/p>\n<p>\u00c9chelle de 640 mm avec sillet de 51 mm<\/p>\n<p>Table en c\u00e8dre canadien (7 barres en \u00e9ventail)<\/p>\n<p>Dos et \u00e9clisses en palissandre de Madagascar<\/p>\n<p>Manche en c\u00e8dre d&rsquo;Am\u00e9rique centrale<\/p>\n<p>Touche en \u00e9b\u00e8ne camerounien<\/p>\n<p>Rosace fabriqu\u00e9e \u00e0 la main avec un design exclusif selon les traditions Taracea de Grenade<\/p>\n<p>Chevalet et plaquage de la t\u00eate en palissandre de Madagascar<\/p>\n<p>M\u00e9caniques Schaller Grandtune avec boutons en bois de serpent<\/p>\n<p>Finition au tampon en polis Fran\u00e7ais<\/p>\n<p>\u00c9tui Hiscox Liteflite PROII inclus<\/p>\n<p>&nbsp;<\/p>\n<p>La longueur totale de la guitare est de 99,06 cm \/ 39 pouces<\/p>\n<p>La longueur du corps est de 48,5 cm \/ 19,09 pouces<\/p>\n<p>Le bout sup\u00e9rieur mesure 28 cm \/ 11,02 pouces<\/p>\n<p>Le bout inf\u00e9rieur est de 36,5 cm \/ 14,37 pouces<\/p>\n<p>La largeur est de 9,8 cm \/ 3,85 pouces<\/p>\n<p>Le poids de la guitare est de 1,5 kg \/ 3,4 lbs<\/p>\n<p>&nbsp;<\/p>\n<p>Avant de poursuivre sa carri\u00e8re dans la fabrication de guitares, le luthier grenadin Oscar Munoz a travaill\u00e9 pendant 20 ans dans l&rsquo;\u00e9b\u00e9nisterie et la menuiserie. Cela lui a donn\u00e9 un avantage naturel lorsqu&rsquo;il s&rsquo;est tourn\u00e9 vers la lutherie en 2013 en suivant des cours de construction donn\u00e9s par Stephen Hill et Pablo Requena. Il a \u00e9galement nou\u00e9 une \u00e9troite camaraderie avec un groupe de jeunes cr\u00e9ateurs et joueurs de Grenade, dont Sergio Valverde, Federico Udini, Javier et Sixto Moreno.<\/p>\n<p>Il est \u00e9galement reconnaissant pour les conseils et le soutien de la famille Bellido qui l&rsquo;a encourag\u00e9 d\u00e8s le d\u00e9but de son travail.<\/p>\n<p>Apr\u00e8s plusieurs ann\u00e9es de travail dans son m\u00e9tier, Oscar Munoz a re\u00e7u le deuxi\u00e8me prix du prestigieux concours de fabrication de guitares Antonio Marin Montero qui s&rsquo;est tenu \u00e0 Grenade, en Espagne, en octobre 2017.<\/p>\n","protected":false},"excerpt":{"rendered":"<p>Directement de Grenade en Espagne, excellente nouvelle guitare classique de concert !!<\/p>\n<p>Un timbre magnifique comme on peut s&rsquo;y attendre des guitares du Grenade&#8230; des aigus chantants et agr\u00e9ables avec des basses tr\u00e8s chaudes, excellent \u00e9quilibre, facile a jouer avec une projection de niveau concert&#8230;<\/p>\n<p>Un essaie s&rsquo;impose !!!<\/p>\n","protected":false},"featured_media":54649,"comment_status":"closed","ping_status":"closed","template":"","meta":{"_mo_disable_npp":""},"product_brand":[],"product_cat":[1058,1057],"product_tag":[1562,1564,2078],"class_list":{"0":"post-54647","1":"product","2":"type-product","3":"status-publish","4":"has-post-thumbnail","6":"product_cat-guitares","7":"product_cat-guitares-classique","8":"product_tag-granada-guitars-in-montreal-fr","9":"product_tag-luthier-guitars-montreal-canada-fr","10":"product_tag-oscar-munoz-luthier-granada-spain-fr","11":"sales-flash-overlay","12":"woocommerce-text-align-left","13":"woocommerce-image-align-center","14":"do-quantity-buttons","15":"wc-has-gallery","17":"first","18":"outofstock","19":"taxable","20":"shipping-taxable","21":"product-type-simple"},"_links":{"self":[{"href":"https:\/\/www.grandsalondeguitare.com\/fr\/wp-json\/wp\/v2\/product\/54647","targetHints":{"allow":["GET"]}}],"collection":[{"href":"https:\/\/www.grandsalondeguitare.com\/fr\/wp-json\/wp\/v2\/product"}],"about":[{"href":"https:\/\/www.grandsalondeguitare.com\/fr\/wp-json\/wp\/v2\/types\/product"}],"replies":[{"embeddable":true,"href":"https:\/\/www.grandsalondeguitare.com\/fr\/wp-json\/wp\/v2\/comments?post=54647"}],"wp:featuredmedia":[{"embeddable":true,"href":"https:\/\/www.grandsalondeguitare.com\/fr\/wp-json\/wp\/v2\/media\/54649"}],"wp:attachment":[{"href":"https:\/\/www.grandsalondeguitare.com\/fr\/wp-json\/wp\/v2\/media?parent=54647"}],"wp:term":[{"taxonomy":"product_brand","embeddable":true,"href":"https:\/\/www.grandsalondeguitare.com\/fr\/wp-json\/wp\/v2\/product_brand?post=54647"},{"taxonomy":"product_cat","embeddable":true,"href":"https:\/\/www.grandsalondeguitare.com\/fr\/wp-json\/wp\/v2\/product_cat?post=54647"},{"taxonomy":"product_tag","embeddable":true,"href":"https:\/\/www.grandsalondeguitare.com\/fr\/wp-json\/wp\/v2\/product_tag?post=54647"}],"curies":[{"name":"wp","href":"https:\/\/api.w.org\/{rel}","templated":true}]}}