{"id":54592,"date":"2025-03-27T09:41:45","date_gmt":"2025-03-27T14:41:45","guid":{"rendered":"https:\/\/www.grandsalondeguitare.com\/?post_type=product&#038;p=54592"},"modified":"2025-10-04T14:31:27","modified_gmt":"2025-10-04T19:31:27","slug":"f-789-manuel-camargo-aranda-espagne-copy-2","status":"publish","type":"product","link":"https:\/\/www.grandsalondeguitare.com\/fr\/produit\/f-789-manuel-camargo-aranda-espagne-copy-2\/","title":{"rendered":"F-807, Manuel Camargo Aranda (Espagne)"},"content":{"rendered":"<p>Guitare Flamenco neuve de S\u00e9ville Espagne<\/p>\n<p>\u00ab\u00a0Oportuna \u00a0\u00bb fabriqu\u00e9e en 2025<\/p>\n<p>Diapason de 660 mm avec largeur de sillet de 53 mm<\/p>\n<p>Table en \u00e9pic\u00e9a allemande (Picea Abies)<\/p>\n<p>Fond et \u00e9clisses en \u00e9rable europ\u00e9en (Acer pseudoplatanu)<\/p>\n<p>Manche en c\u00e8dre du Honduras (Cereal odorata)<\/p>\n<p>Touche en \u00e9b\u00e8ne africain (Dyospyrus crassiflora Cameroom)<\/p>\n<p>Rosace en bois peinte au pinceau par la m\u00e8re de Manuel !!<\/p>\n<p>Incrustations d&rsquo;os sur le placage de la t\u00eate<\/p>\n<p>Chevalet en palissandre du Madagascar<\/p>\n<p>Filets, bande de fond et d\u00e9coration du chevalet en palissandre Indien<\/p>\n<p>M\u00e9caniques Gotoh 35G1600<\/p>\n<p>Finition au tampon en polis Francais<\/p>\n<p>\u00c9tui rigide en ABS inclus<\/p>\n<p>&nbsp;<\/p>\n<p>*** Un certificat sign\u00e9 par le luthier est inclus ***<\/p>\n<p>&nbsp;<\/p>\n<p>Le poids de la guitare est de 1,45 kg \/ 3,196 lb<\/p>\n<p>La longueur totale de la guitare est de 99,5 cm \/ 39,173 pouces<\/p>\n<p>La longueur du corps est de 48,5 cm \/ 19,09 pouces<\/p>\n<p>La partie sup\u00e9rieure mesure 28,5 cm \/ 11,22 pouces<\/p>\n<p>La partie inf\u00e9rieure mesure 37 cm \/ 14,56 pouces<\/p>\n<p>La profondeur du corps est de 9,5 cm \/ 3,740 pouces<\/p>\n","protected":false},"excerpt":{"rendered":"[youtube v=Z1INEGJltTk maxwidth=\"800px\"]\n<p>&nbsp;<\/p>\n<p>Une autre \u00ab\u00a0Flamenca Blanca\u00a0\u00bb magnifique par Manuel !<\/p>\n<p>Confortable et facile \u00e0 jouer, avec une attaque et une r\u00e9ponse rapides, le son coule naturellement et, avec la \u00ab\u00a0Jondura\u00a0\u00bb (profondeur) flamenca d\u00e8s la premi\u00e8re note, il poss\u00e8de force, caract\u00e8re et l&rsquo;\u00e2me typique de toute bonne guitare flamenca\u00a0!<\/p>\n<p>Une guitare flamenca de premi\u00e8re classe, \u00e0 un prix sans concurrence pour une guitare de cette cat\u00e9gorie !!<\/p>\n<p>Un essaie s&rsquo;impose<\/p>\n","protected":false},"featured_media":54594,"comment_status":"open","ping_status":"closed","template":"","meta":{"_mo_disable_npp":""},"product_brand":[],"product_cat":[1058,1053],"product_tag":[1102,1103,1104],"class_list":{"0":"post-54592","1":"product","2":"type-product","3":"status-publish","4":"has-post-thumbnail","6":"product_cat-guitares","7":"product_cat-guitares-flamenco","8":"product_tag-bellido-guitars-granada-spain-fr","9":"product_tag-granada-luthier-fr","10":"product_tag-hand-made-spanish-guitars-from-spain-fr","11":"sales-flash-overlay","12":"woocommerce-text-align-left","13":"woocommerce-image-align-center","14":"do-quantity-buttons","15":"wc-has-gallery","17":"first","18":"instock","19":"taxable","20":"shipping-taxable","21":"purchasable","22":"product-type-simple"},"_links":{"self":[{"href":"https:\/\/www.grandsalondeguitare.com\/fr\/wp-json\/wp\/v2\/product\/54592","targetHints":{"allow":["GET"]}}],"collection":[{"href":"https:\/\/www.grandsalondeguitare.com\/fr\/wp-json\/wp\/v2\/product"}],"about":[{"href":"https:\/\/www.grandsalondeguitare.com\/fr\/wp-json\/wp\/v2\/types\/product"}],"replies":[{"embeddable":true,"href":"https:\/\/www.grandsalondeguitare.com\/fr\/wp-json\/wp\/v2\/comments?post=54592"}],"wp:featuredmedia":[{"embeddable":true,"href":"https:\/\/www.grandsalondeguitare.com\/fr\/wp-json\/wp\/v2\/media\/54594"}],"wp:attachment":[{"href":"https:\/\/www.grandsalondeguitare.com\/fr\/wp-json\/wp\/v2\/media?parent=54592"}],"wp:term":[{"taxonomy":"product_brand","embeddable":true,"href":"https:\/\/www.grandsalondeguitare.com\/fr\/wp-json\/wp\/v2\/product_brand?post=54592"},{"taxonomy":"product_cat","embeddable":true,"href":"https:\/\/www.grandsalondeguitare.com\/fr\/wp-json\/wp\/v2\/product_cat?post=54592"},{"taxonomy":"product_tag","embeddable":true,"href":"https:\/\/www.grandsalondeguitare.com\/fr\/wp-json\/wp\/v2\/product_tag?post=54592"}],"curies":[{"name":"wp","href":"https:\/\/api.w.org\/{rel}","templated":true}]}}