{"id":54493,"date":"2025-03-25T10:32:49","date_gmt":"2025-03-25T15:32:49","guid":{"rendered":"https:\/\/www.grandsalondeguitare.com\/?post_type=product&#038;p=54493"},"modified":"2025-03-25T10:51:23","modified_gmt":"2025-03-25T15:51:23","slug":"c-459-daniel-lesueur-france","status":"publish","type":"product","link":"https:\/\/www.grandsalondeguitare.com\/fr\/produit\/c-459-daniel-lesueur-france\/","title":{"rendered":"C-459, Daniel Lesueur (France)"},"content":{"rendered":"<p>Guitare classique de concert<\/p>\n<p>N-211, fabriqu\u00e9e en 1979<\/p>\n<p>Table en c\u00e8dre<\/p>\n<p>Dos et \u00e9clisses en palissandre indien<\/p>\n<p>Manche en c\u00e8dre espagnol<\/p>\n<p>Touche en \u00e9b\u00e8ne<\/p>\n<p>Chevalet en palissandre br\u00e9silien<\/p>\n<p>Incrustations sur la tete, dos &amp; chevalet<\/p>\n<p>M\u00e9caniques Irving Sloane<\/p>\n<p>Vernis au tampon en polis Fran\u00e7ais<\/p>\n<p>\u00c9tui rigide inclus<\/p>\n<p>&nbsp;<\/p>\n<p>Selon Lesueur, Friederich et lui se connaissaient comme \u00e9b\u00e9nistes \u00e0 Paris avant de se lancer dans la fabrication de guitares.<\/p>\n<p>Friederich a d\u00e9but\u00e9 le premier et a acquis des comp\u00e9tences et un savoir-faire qui l&rsquo;ont plac\u00e9 au premier rang des luthiers mondiaux.<\/p>\n<p>\u00c0 39 ans, Lesueur a d\u00e9cid\u00e9 de suivre son ami et de devenir son apprenti. En 1978, il a fabriqu\u00e9 son premier instrument de concert.<\/p>\n<p>Au cours de sa carri\u00e8re, il a remport\u00e9 tous les concours nationaux et internationaux de lutherie et a attir\u00e9 l&rsquo;attention de nombreux virtuoses de renom tels que Toninho Ramos, Celco Machado, Mitsutoshi Tanaka et Alvaro Pieri.<\/p>\n","protected":false},"excerpt":{"rendered":"<p>Une guitare id\u00e9ale pour un guitariste ou un collectionneur souhaitant un instrument construit dans la pure tradition de Daniel Friederich, aupr\u00e8s duquel Lesueur a appris la lutherie il y a 45 ans.<\/p>\n<p>Selon Lesueur, lui et Friederich se connaissaient comme \u00e9b\u00e9nistes \u00e0 Paris avant de se lancer dans la fabrication de guitares.<\/p>\n<p>Au cours de sa carri\u00e8re, Daniel Lesueur a remport\u00e9 tous les concours nationaux et internationaux de lutherie et a attir\u00e9 l&rsquo;attention de nombreux virtuoses de renom tels que Toninho Ramos, Celco Machado, Mitsutoshi Tanaka et Alvaro Pieri.<\/p>\n","protected":false},"featured_media":54495,"comment_status":"closed","ping_status":"closed","template":"","meta":{"_mo_disable_npp":""},"product_brand":[],"product_cat":[1058,1057],"product_tag":[],"class_list":{"0":"post-54493","1":"product","2":"type-product","3":"status-publish","4":"has-post-thumbnail","6":"product_cat-guitares","7":"product_cat-guitares-classique","8":"sales-flash-overlay","9":"woocommerce-text-align-left","10":"woocommerce-image-align-center","11":"do-quantity-buttons","12":"wc-has-gallery","14":"first","15":"instock","16":"taxable","17":"shipping-taxable","18":"purchasable","19":"product-type-simple"},"_links":{"self":[{"href":"https:\/\/www.grandsalondeguitare.com\/fr\/wp-json\/wp\/v2\/product\/54493","targetHints":{"allow":["GET"]}}],"collection":[{"href":"https:\/\/www.grandsalondeguitare.com\/fr\/wp-json\/wp\/v2\/product"}],"about":[{"href":"https:\/\/www.grandsalondeguitare.com\/fr\/wp-json\/wp\/v2\/types\/product"}],"replies":[{"embeddable":true,"href":"https:\/\/www.grandsalondeguitare.com\/fr\/wp-json\/wp\/v2\/comments?post=54493"}],"wp:featuredmedia":[{"embeddable":true,"href":"https:\/\/www.grandsalondeguitare.com\/fr\/wp-json\/wp\/v2\/media\/54495"}],"wp:attachment":[{"href":"https:\/\/www.grandsalondeguitare.com\/fr\/wp-json\/wp\/v2\/media?parent=54493"}],"wp:term":[{"taxonomy":"product_brand","embeddable":true,"href":"https:\/\/www.grandsalondeguitare.com\/fr\/wp-json\/wp\/v2\/product_brand?post=54493"},{"taxonomy":"product_cat","embeddable":true,"href":"https:\/\/www.grandsalondeguitare.com\/fr\/wp-json\/wp\/v2\/product_cat?post=54493"},{"taxonomy":"product_tag","embeddable":true,"href":"https:\/\/www.grandsalondeguitare.com\/fr\/wp-json\/wp\/v2\/product_tag?post=54493"}],"curies":[{"name":"wp","href":"https:\/\/api.w.org\/{rel}","templated":true}]}}