{"id":54378,"date":"2025-03-14T07:09:51","date_gmt":"2025-03-14T12:09:51","guid":{"rendered":"https:\/\/www.grandsalondeguitare.com\/?post_type=product&#038;p=54378"},"modified":"2025-04-05T08:37:12","modified_gmt":"2025-04-05T13:37:12","slug":"f-575-francisco-esteve-9f-espagne-copy-3","status":"publish","type":"product","link":"https:\/\/www.grandsalondeguitare.com\/fr\/produit\/f-575-francisco-esteve-9f-espagne-copy-3\/","title":{"rendered":"F-804, Francisco Esteve (9F-Cd)"},"content":{"rendered":"<p>Francisco Esteve &#8211; Espagne<\/p>\n<p>Nouvelle Flamenca Blanca<\/p>\n<p>Mod\u00e8le 9F<\/p>\n<p>52mm au sillet<\/p>\n<p>\u00c9chelle de 650 mm<\/p>\n<p>Table en c\u00e8dre Canadien<\/p>\n<p>Dos et \u00e9clisses en cypr\u00e8s Espagnol<\/p>\n<p>Manche en c\u00e8dre avec renfort en fibre de carbone<\/p>\n<p>Touche en \u00e9b\u00e8ne<\/p>\n<p>M\u00e9caniques Der Jung<\/p>\n<p>Finition laque nitrocellulosique<\/p>\n<p>\u00c9tui rigide inclus<\/p>\n<p>&nbsp;<\/p>\n<p>La longueur totale de la guitare est de 1009,65 mm\/ 39,75 pouces<\/p>\n<p>La longueur du corps est de 495,3 mm \/ 19,55 pouces<\/p>\n<p>La profondeur du corps est de 9,7 mm \/ 3,8189 pouces<\/p>\n<p>Le bout sup\u00e9rieur est de 273,5 mm \/ 10,75 pouces<\/p>\n<p>Le bout inf\u00e9rieur est de 374,65 mm \/ 14,75 pouces<\/p>\n<p>Le poids de la guitare est 1,4 kg \/ 3 lb<\/p>\n<p>&nbsp;<\/p>\n<p>*** Nous sommes fiers d&rsquo;\u00eatre le revendeur Canadien exclusifs des guitares Francisco Esteve de Valence Espagne ***<\/p>\n<p>Veuillez noter que les photos utilis\u00e9es pour ce mod\u00e8le sont g\u00e9n\u00e9riques, la guitare exacte illustr\u00e9e n&rsquo;est plus disponible, la nouvelle guitare offerte diff\u00e9rera l\u00e9g\u00e8rement des images actuelles&#8230;<\/p>\n","protected":false},"excerpt":{"rendered":"[youtube v=GoyReANyc9k maxwidth=\"800px\"]\n<p>&nbsp;<\/p>\n<p>Une superbe nouvelle guitare flamenca blanca de Francisco Esteve<\/p>\n<p>Mod\u00e8le 9F avec table en c\u00e8dre !!<\/p>\n<p>Attaque et r\u00e9ponse rapides, facile \u00e0 jouer avec un timbre Espagnol authentique !!!<\/p>\n<p>A Essayer !!!<\/p>\n","protected":false},"featured_media":54380,"comment_status":"closed","ping_status":"closed","template":"","meta":{"_mo_disable_npp":""},"product_brand":[],"product_cat":[1058,1053],"product_tag":[1267,1268,1195,1202,1203],"class_list":{"0":"post-54378","1":"product","2":"type-product","3":"status-publish","4":"has-post-thumbnail","6":"product_cat-guitares","7":"product_cat-guitares-flamenco","8":"product_tag-esteve-9f-flamenco-guitars-fr","9":"product_tag-francisco-esteve-flamenco-guitars-fr","10":"product_tag-francisco-esteve-guitars-fr","11":"product_tag-hand-made-guitars-from-spain-fr","12":"product_tag-hand-made-guitars-montreal-canada-fr","13":"sales-flash-overlay","14":"woocommerce-text-align-left","15":"woocommerce-image-align-center","16":"do-quantity-buttons","17":"wc-has-gallery","19":"first","20":"onbackorder","21":"taxable","22":"shipping-taxable","23":"purchasable","24":"product-type-simple"},"_links":{"self":[{"href":"https:\/\/www.grandsalondeguitare.com\/fr\/wp-json\/wp\/v2\/product\/54378","targetHints":{"allow":["GET"]}}],"collection":[{"href":"https:\/\/www.grandsalondeguitare.com\/fr\/wp-json\/wp\/v2\/product"}],"about":[{"href":"https:\/\/www.grandsalondeguitare.com\/fr\/wp-json\/wp\/v2\/types\/product"}],"replies":[{"embeddable":true,"href":"https:\/\/www.grandsalondeguitare.com\/fr\/wp-json\/wp\/v2\/comments?post=54378"}],"wp:featuredmedia":[{"embeddable":true,"href":"https:\/\/www.grandsalondeguitare.com\/fr\/wp-json\/wp\/v2\/media\/54380"}],"wp:attachment":[{"href":"https:\/\/www.grandsalondeguitare.com\/fr\/wp-json\/wp\/v2\/media?parent=54378"}],"wp:term":[{"taxonomy":"product_brand","embeddable":true,"href":"https:\/\/www.grandsalondeguitare.com\/fr\/wp-json\/wp\/v2\/product_brand?post=54378"},{"taxonomy":"product_cat","embeddable":true,"href":"https:\/\/www.grandsalondeguitare.com\/fr\/wp-json\/wp\/v2\/product_cat?post=54378"},{"taxonomy":"product_tag","embeddable":true,"href":"https:\/\/www.grandsalondeguitare.com\/fr\/wp-json\/wp\/v2\/product_tag?post=54378"}],"curies":[{"name":"wp","href":"https:\/\/api.w.org\/{rel}","templated":true}]}}