{"id":54118,"date":"2025-02-25T10:30:21","date_gmt":"2025-02-25T15:30:21","guid":{"rendered":"https:\/\/www.grandsalondeguitare.com\/?post_type=product&#038;p=54118"},"modified":"2026-04-20T09:42:36","modified_gmt":"2026-04-20T14:42:36","slug":"c-800-armin-hanika-new-century-lattice-copy","status":"publish","type":"product","link":"https:\/\/www.grandsalondeguitare.com\/fr\/produit\/c-800-armin-hanika-new-century-lattice-copy\/","title":{"rendered":"C-801, Armin Hanika \u00ab\u00a0New Century D-Top\u00a0\u00bb"},"content":{"rendered":"<p>Nouvelle guitare classique de la gamme Concert<\/p>\n<p>Par Hanika Gitarren<\/p>\n<p>Mod\u00e8le \u00ab\u00a0New Century Double Top\u00a0\u00bb<\/p>\n<p>\u00c9chelle courte de 640 mm avec sillet de 52 mm<\/p>\n<p>Double cedre avec du Nomex et barrages lattice tout en bois<\/p>\n<p>Fond et \u00e9clisses en palissandre indien<\/p>\n<p>Manche en \u00e9rable avec renfort en stratifi\u00e9 Grenadille<\/p>\n<p>Touche en grenadille avec 20\u00e8me frette (du Mosambique)<\/p>\n<p>Rosace de Macassar<\/p>\n<p>Repose bras et port de son<\/p>\n<p>Chevalet en alisier modifi\u00e9 thermiquement<\/p>\n<p>Placage de la t\u00eate en palissandre du Madagascar<\/p>\n<p>M\u00e9caniques Rubner \u00ab\u00a0R2-E\u00a0\u00bb<\/p>\n<p>Finition \u00e0 la cire naturelle<\/p>\n<p>Etuis Hiscox incluse<\/p>\n<p>&nbsp;<\/p>\n<p>Le poids de la\u00a0 guitare est de 1,75 kg \/ 3,858 lb<\/p>\n<p>Mesure 100 cm \/ 39,37 pouces de hauteur<\/p>\n<p>La longueur du corps est de 48,5 cm \/ 19,09 pouces<\/p>\n<p>La profondeur du corps est de 10 cm \/ 3,93 pouces<\/p>\n<p>Le tour sup\u00e9rieur mesure 28,5 cm \/ 11,22 pouces<\/p>\n<p>Le tour inf\u00e9rieur mesure 37 cm \/ 14,56 pouces<\/p>\n<p>Un certificat sign\u00e9 et un sillet en os suppl\u00e9mentaire sont inclus avec la guitare<\/p>\n<p>&nbsp;<\/p>\n<p>*** Veuillez noter que les photos utilis\u00e9es pour cette annonce sont des photos d&rsquo;illustration. La guitare exacte pr\u00e9sent\u00e9e n&rsquo;est plus disponible et la nouvelle guitare propos\u00e9e diff\u00e9rera l\u00e9g\u00e8rement des photos actuelles. ***<\/p>\n<p>&nbsp;<\/p>\n<p>Avec le mod\u00e8le NEW CENTURY, nous avons d\u00e9velopp\u00e9 une autre guitare moderne, con\u00e7ue pour les exigences et les besoins individuels de nos guitaristes.<\/p>\n<p>Bas\u00e9 sur notre mod\u00e8le Doubletable HE et sur nos exp\u00e9riences avec du bois trait\u00e9 thermiquement local. Double fond en bois de damier\/carbone trait\u00e9 thermiquement pour un son tr\u00e8s plein avec un bon sustain et une projection particuli\u00e8rement bonne dans les grandes pi\u00e8ces.<\/p>\n<p>La \u00abconstruction de touche sur\u00e9lev\u00e9e\u00bb \u00e9tablit de nouvelles normes. Elle facilite grandement la lecture des notes les plus aigu\u00ebs et le \u00ab port sonore \u00bb offre une meilleure perception de soi.<\/p>\n<p>Nos nouveaux ponts diminuent \u00e0 la fois le poids et l&rsquo;amortissement autrement que le palissandre. L&rsquo;accoudoir offre plus de confort pendant le jeu.<\/p>\n<p>La finition HANIKA \u00ab NATURAL \u00bb est une particularit\u00e9 de cette guitare. Ce vernis \/ cire tr\u00e8s fin rend la finition moins sensible aux contraintes qui se produisent g\u00e9n\u00e9ralement lorsque l&rsquo;instrument est jou\u00e9. Le joint fin contribue \u00e0 produire un son particuli\u00e8rement ouvert et transparent.<\/p>\n<p>Nos guitares de la gamme Concert Line impressionnent par leur son parfaitement harmonieux et leur design sophistiqu\u00e9. Unique \u00e0 tous \u00e9gards \u2013 des bois s\u00e9lectionn\u00e9s et exceptionnels, des ornementations en filigrane et un jeu de couleurs impressionnant sont responsables de la cr\u00e9ation d&rsquo;une esth\u00e9tique \u00e0 la fois visuellement et auditivement agr\u00e9able.<\/p>\n<p>La ligne de concert HANIKA est pour les joueurs avertis qui n&rsquo;ont pas peur de s&rsquo;essayer \u00e0 des morceaux plus difficiles et qui ont d\u00e9pass\u00e9 le statut d&rsquo;amateur.<\/p>\n<p>&nbsp;<\/p>\n<p>*** Nous sommes fiers d&rsquo;\u00eatre le revendeur Canadien autoris\u00e9 des guitares \u00ab\u00a0Hanika Gitarren\u00a0\u00bb ***<\/p>\n","protected":false},"excerpt":{"rendered":"[youtube v=X2D0YZTyTvQ maxwidth=\"800px\"]\n<p>&nbsp;<\/p>\n<p>\u00ab\u00a0New Century Double-Top\u00a0\u00bb<\/p>\n<p>Ce nouveau mod\u00e8le est une des derni\u00e8res innovations de l&rsquo;atelier d&rsquo;Armin Hanika. Il pr\u00e9sente tous les \u00e9l\u00e9ments d&rsquo;une guitare double table de concert moderne, une touche sur\u00e9lev\u00e9e pour am\u00e9liorer l&rsquo;acc\u00e8s aux aigus, un port de son suppl\u00e9mentaire sur le c\u00f4t\u00e9 pour un meilleur contr\u00f4le du son, un barrage en treillis l\u00e9ger pour un son tr\u00e8s r\u00e9actif et \u00e9quilibr\u00e9, et enfin une belle finition cir\u00e9e pour un entretien facile.<\/p>\n<p>Avec sa double table et son barrage en treillis tout en bois, c&rsquo;est une guitare extr\u00eamement r\u00e9active offrant une excellente timbre, equilibre &amp; projection&#8230; le volume \u00e9lev\u00e9 la rend \u00e9galement particuli\u00e8rement facile \u00e0 jouer, car peu d&rsquo;effort est requis de la main droite pour obtenir un son magnifique et puissant.<\/p>\n<p>Un essai s&rsquo;impose!!!<\/p>\n","protected":false},"featured_media":54120,"comment_status":"closed","ping_status":"closed","template":"","meta":{"_mo_disable_npp":""},"product_brand":[],"product_cat":[2258,1058,1057],"product_tag":[],"class_list":{"0":"post-54118","1":"product","2":"type-product","3":"status-publish","4":"has-post-thumbnail","6":"product_cat-double-tops","7":"product_cat-guitares","8":"product_cat-guitares-classique","9":"sales-flash-overlay","10":"woocommerce-text-align-left","11":"woocommerce-image-align-center","12":"do-quantity-buttons","13":"wc-has-gallery","15":"first","16":"instock","17":"sold-individually","18":"taxable","19":"shipping-taxable","20":"purchasable","21":"product-type-simple"},"_links":{"self":[{"href":"https:\/\/www.grandsalondeguitare.com\/fr\/wp-json\/wp\/v2\/product\/54118","targetHints":{"allow":["GET"]}}],"collection":[{"href":"https:\/\/www.grandsalondeguitare.com\/fr\/wp-json\/wp\/v2\/product"}],"about":[{"href":"https:\/\/www.grandsalondeguitare.com\/fr\/wp-json\/wp\/v2\/types\/product"}],"replies":[{"embeddable":true,"href":"https:\/\/www.grandsalondeguitare.com\/fr\/wp-json\/wp\/v2\/comments?post=54118"}],"wp:featuredmedia":[{"embeddable":true,"href":"https:\/\/www.grandsalondeguitare.com\/fr\/wp-json\/wp\/v2\/media\/54120"}],"wp:attachment":[{"href":"https:\/\/www.grandsalondeguitare.com\/fr\/wp-json\/wp\/v2\/media?parent=54118"}],"wp:term":[{"taxonomy":"product_brand","embeddable":true,"href":"https:\/\/www.grandsalondeguitare.com\/fr\/wp-json\/wp\/v2\/product_brand?post=54118"},{"taxonomy":"product_cat","embeddable":true,"href":"https:\/\/www.grandsalondeguitare.com\/fr\/wp-json\/wp\/v2\/product_cat?post=54118"},{"taxonomy":"product_tag","embeddable":true,"href":"https:\/\/www.grandsalondeguitare.com\/fr\/wp-json\/wp\/v2\/product_tag?post=54118"}],"curies":[{"name":"wp","href":"https:\/\/api.w.org\/{rel}","templated":true}]}}