{"id":53988,"date":"2025-02-20T11:38:28","date_gmt":"2025-02-20T16:38:28","guid":{"rendered":"https:\/\/www.grandsalondeguitare.com\/?post_type=product&#038;p=53988"},"modified":"2025-02-20T12:17:59","modified_gmt":"2025-02-20T17:17:59","slug":"c-725-valerio-licari-italie-copy","status":"publish","type":"product","link":"https:\/\/www.grandsalondeguitare.com\/fr\/produit\/c-725-valerio-licari-italie-copy\/","title":{"rendered":"C-799, Valerio Licari (Italie)"},"content":{"rendered":"<p>Nouvelle guitare classique de concert<\/p>\n<p>Fabriqu\u00e9 en 2025<\/p>\n<p>\u00ab\u00a0Lesna\u00a0\u00bb<\/p>\n<p>Barrages traditionnel \u00e0 6 \u00e9ventails<\/p>\n<p>\u00c9chelle de 650 mm avec sillet de 52 mm<\/p>\n<p>Table en \u00e9pic\u00e9a Italienne (\u00e2g\u00e9e 20 ans + )<\/p>\n<p>Dos et \u00e9clisses en palissandre Indien<\/p>\n<p>Manche en c\u00e8dre du Honduras (renforc\u00e9 de fibre de carbone)<\/p>\n<p>Touche en \u00e9b\u00e8ne africain\u00a0avec 20e frette (compound radius)<\/p>\n<p>Repose bras<\/p>\n<p>Chevalet en palissandre Bresilien avec bloc d&rsquo;attache \u00e0 12 trous<\/p>\n<p>T\u00eate de manche, hommage a \u00ab\u00a0Gallinotti\u00a0\u00bb<\/p>\n<p>M\u00e9caniques Alessi \u00ab\u00a0Hauser\u00a0\u00bb avec boutons en \u00e9b\u00e8ne<\/p>\n<p>Finition gomme laque polis fran\u00e7ais<\/p>\n<p>\u00c9tui rigide ABS \u00ab\u00a0Proel Force3&Prime; inclus<\/p>\n<p>&nbsp;<\/p>\n<p>Le poids de la guitare est \u00a01,55 kg \/ 3,417 lb<\/p>\n<p>Longueur du corps 48cm \/ 18.897&Prime;<\/p>\n<p>Partie inf\u00e9rieur \u00a036,5 cm \/ 14,370&Prime;<\/p>\n<p>Partie sup\u00e9rieure 27,5 cm \/ 10,826&Prime;<\/p>\n<p>Profondeur du corps 10 cm \/ 3,93\u00a0\u00bb<\/p>\n<p>&nbsp;<\/p>\n<p>*** Nous sommes fiers d&rsquo;\u00eatre le revendeur Canadien officiel des guitares du luthier Valerio Licari ***<\/p>\n","protected":false},"excerpt":{"rendered":"<p>Directement de Turin Italie !!!<\/p>\n<p>Le fantastique nouveau mod\u00e8le \u00ab\u00a0Lesna\u00a0\u00bb est arriv\u00e9, sa premi\u00e8re guitare de l&rsquo;ann\u00e9e !!<\/p>\n<p>Une guitare magnifique \u00e0 tous points de vue avec tant d&rsquo;attention aux d\u00e9tails, simple mais exquise !!<\/p>\n<p>De nombreuses nouvelles guitares Licari arriveront en 2025, veuillez me contacter pour r\u00e9server l&rsquo;instrument \u00e0 venir<\/p>\n","protected":false},"featured_media":53992,"comment_status":"closed","ping_status":"closed","template":"","meta":{"_mo_disable_npp":""},"product_brand":[],"product_cat":[1058,1057],"product_tag":[1122,1248,1249,1250,1814,1251],"class_list":{"0":"post-53988","1":"product","2":"type-product","3":"status-publish","4":"has-post-thumbnail","6":"product_cat-guitares","7":"product_cat-guitares-classique","8":"product_tag-italian-luthier-fr","9":"product_tag-licari-guitars-italy-fr","10":"product_tag-licari-guitars-montreal-canada-fr","11":"product_tag-montreal-hand-made-guitar-showroom-fr","12":"product_tag-valerio-licari-albaicin-classical-guitar-model-fr","13":"product_tag-valerio-licari-guitars-fr","14":"sales-flash-overlay","15":"woocommerce-text-align-left","16":"woocommerce-image-align-center","17":"do-quantity-buttons","18":"wc-has-gallery","20":"first","21":"outofstock","22":"taxable","23":"shipping-taxable","24":"product-type-simple"},"_links":{"self":[{"href":"https:\/\/www.grandsalondeguitare.com\/fr\/wp-json\/wp\/v2\/product\/53988","targetHints":{"allow":["GET"]}}],"collection":[{"href":"https:\/\/www.grandsalondeguitare.com\/fr\/wp-json\/wp\/v2\/product"}],"about":[{"href":"https:\/\/www.grandsalondeguitare.com\/fr\/wp-json\/wp\/v2\/types\/product"}],"replies":[{"embeddable":true,"href":"https:\/\/www.grandsalondeguitare.com\/fr\/wp-json\/wp\/v2\/comments?post=53988"}],"wp:featuredmedia":[{"embeddable":true,"href":"https:\/\/www.grandsalondeguitare.com\/fr\/wp-json\/wp\/v2\/media\/53992"}],"wp:attachment":[{"href":"https:\/\/www.grandsalondeguitare.com\/fr\/wp-json\/wp\/v2\/media?parent=53988"}],"wp:term":[{"taxonomy":"product_brand","embeddable":true,"href":"https:\/\/www.grandsalondeguitare.com\/fr\/wp-json\/wp\/v2\/product_brand?post=53988"},{"taxonomy":"product_cat","embeddable":true,"href":"https:\/\/www.grandsalondeguitare.com\/fr\/wp-json\/wp\/v2\/product_cat?post=53988"},{"taxonomy":"product_tag","embeddable":true,"href":"https:\/\/www.grandsalondeguitare.com\/fr\/wp-json\/wp\/v2\/product_tag?post=53988"}],"curies":[{"name":"wp","href":"https:\/\/api.w.org\/{rel}","templated":true}]}}