{"id":53937,"date":"2025-02-19T17:22:31","date_gmt":"2025-02-19T22:22:31","guid":{"rendered":"https:\/\/www.grandsalondeguitare.com\/?post_type=product&#038;p=53937"},"modified":"2025-03-06T17:50:12","modified_gmt":"2025-03-06T22:50:12","slug":"c-797-stark-performer-ii-ep-copy","status":"publish","type":"product","link":"https:\/\/www.grandsalondeguitare.com\/fr\/produit\/c-797-stark-performer-ii-ep-copy\/","title":{"rendered":"C-798, Stark Performer II-Cd"},"content":{"rendered":"<p>Nouvelle guitare \u00ab\u00a0Crossover\u00a0\u00bb de la s\u00e9rie Performer II<\/p>\n<p>Con\u00e7ue par Daniel Stark et fabriqu\u00e9e en Espagne !!!<\/p>\n<p><span style=\"font-size: inherit; font-family: -apple-system, system-ui, BlinkMacSystemFont, 'Segoe UI', Helvetica, Arial, sans-serif, 'Apple Color Emoji', 'Segoe UI Emoji', 'Segoe UI Symbol';\">\u00c9chelle de 650 mm avec sillet de 50mm<\/span><\/p>\n<p>Espacement des cordes, 42 mm \u00e0 la 1\u00e8re frette et 58 mm \u00e0 la 12e frette<\/p>\n<p>Table en c\u00e8dre (barrage sym\u00e9trique en \u00e9ventail)<\/p>\n<p>Fond et \u00e9clisses en palissandre Indien<\/p>\n<p>Manche en acajou avec 2 renforts en tige de carbone<\/p>\n<p>Touche en \u00e9b\u00e8ne avec radius<\/p>\n<p>Placage de la t\u00eate en \u00e9b\u00e8ne<\/p>\n<p>Chevalet en palissandre Indien<\/p>\n<p>Micro \u00e0 2 voies Fishman Prefix Pro-Blend<\/p>\n<p>Pont et sillet en os<\/p>\n<p>M\u00e9caniques Der Jung<\/p>\n<p>Vernis polyur\u00e9thane\u00a0brillant<\/p>\n<p>\u00c9tui rigide inclus<\/p>\n<p>&nbsp;<\/p>\n<p>Le poids de la guitare est de 1,8 kg \/ 4 lb<\/p>\n<p>Mesure 99,06 cm \/ 39 pouces de hauteur<\/p>\n<p>La longueur du corps est de 48,3\u00a0cm \/ 19 pouces<\/p>\n<p>La profondeur du corps est de 10,16 cm \/ 4 pouces<\/p>\n<p>Le bout sup\u00e9rieur mesure 27,5\u00a0cm\u00a0\/ 10,826\u00a0pouces<\/p>\n<p>Le bout inf\u00e9rieur est de 37 cm \/ 14,56 pouces<\/p>\n<p>&nbsp;<\/p>\n<p>*** Nous sommes fiers d&rsquo;\u00eatre le revendeur exclusif en Am\u00e9rique du Nord des guitares Daniel Stark ***<\/p>\n<p>Veuillez noter que des photos g\u00e9n\u00e9rique sont utilis\u00e9es pour ce mod\u00e8le, la guitare exacte illustr\u00e9e n&rsquo;est plus disponible, la nouvelle guitare offerte diff\u00e9rera l\u00e9g\u00e8rement des images actuelles\u2026<\/p>\n","protected":false},"excerpt":{"rendered":"[youtube v=RD6UijWxKiA maxwidth=\"800px\"]\n<p>&nbsp;<\/p>\n<p>Nouvelle guitare \u00ab\u00a0Crossover\u00a0\u00bb<\/p>\n<p>La Performer II est une guitare \u00ab\u00a0Crossover\u00a0\u00bb id\u00e9ale avec de nombreuses caract\u00e9ristiques int\u00e9ressantes telles qu&rsquo;un pan coup\u00e9, un manche plus \u00e9troit de 50 mm pour une excellente jouabilit\u00e9 \u00e0 la main gauche et un micro Fishman Pro Blend a deux voies<\/p>\n<p>Ce mod\u00e8le tout en bois massif a une projection impressionnante, mais avec une voix chantante chaude et magnifique&#8230; Un instrument polyvalent \u00e0 tous points de vue qui pourrait \u00eatre utilis\u00e9 \u00e0 la maison, en studio ou sur sc\u00e8ne !!!<\/p>\n","protected":false},"featured_media":53939,"comment_status":"closed","ping_status":"closed","template":"","meta":{"_mo_disable_npp":""},"product_brand":[],"product_cat":[1058,1057],"product_tag":[1243,1060,1244,1245,1062,1246],"class_list":{"0":"post-53937","1":"product","2":"type-product","3":"status-publish","4":"has-post-thumbnail","6":"product_cat-guitares","7":"product_cat-guitares-classique","8":"product_tag-classic-espagnola-model-classical-guitar-fr","9":"product_tag-daniel-stark-german-luthier-montreal-canada-fr","10":"product_tag-daniel-stark-guitars-fr","11":"product_tag-espagnola-ii-classical-guitars-fr","12":"product_tag-high-end-guitar-showroom-montreal-canada-fr","13":"product_tag-manufacture-series-made-in-spain-guitars-fr","14":"sales-flash-overlay","15":"woocommerce-text-align-left","16":"woocommerce-image-align-center","17":"do-quantity-buttons","18":"wc-has-gallery","20":"first","21":"outofstock","22":"sold-individually","23":"taxable","24":"shipping-taxable","25":"product-type-simple"},"_links":{"self":[{"href":"https:\/\/www.grandsalondeguitare.com\/fr\/wp-json\/wp\/v2\/product\/53937","targetHints":{"allow":["GET"]}}],"collection":[{"href":"https:\/\/www.grandsalondeguitare.com\/fr\/wp-json\/wp\/v2\/product"}],"about":[{"href":"https:\/\/www.grandsalondeguitare.com\/fr\/wp-json\/wp\/v2\/types\/product"}],"replies":[{"embeddable":true,"href":"https:\/\/www.grandsalondeguitare.com\/fr\/wp-json\/wp\/v2\/comments?post=53937"}],"wp:featuredmedia":[{"embeddable":true,"href":"https:\/\/www.grandsalondeguitare.com\/fr\/wp-json\/wp\/v2\/media\/53939"}],"wp:attachment":[{"href":"https:\/\/www.grandsalondeguitare.com\/fr\/wp-json\/wp\/v2\/media?parent=53937"}],"wp:term":[{"taxonomy":"product_brand","embeddable":true,"href":"https:\/\/www.grandsalondeguitare.com\/fr\/wp-json\/wp\/v2\/product_brand?post=53937"},{"taxonomy":"product_cat","embeddable":true,"href":"https:\/\/www.grandsalondeguitare.com\/fr\/wp-json\/wp\/v2\/product_cat?post=53937"},{"taxonomy":"product_tag","embeddable":true,"href":"https:\/\/www.grandsalondeguitare.com\/fr\/wp-json\/wp\/v2\/product_tag?post=53937"}],"curies":[{"name":"wp","href":"https:\/\/api.w.org\/{rel}","templated":true}]}}