{"id":53823,"date":"2025-02-13T10:23:15","date_gmt":"2025-02-13T15:23:15","guid":{"rendered":"https:\/\/www.grandsalondeguitare.com\/?post_type=product&#038;p=53823"},"modified":"2025-10-21T09:10:35","modified_gmt":"2025-10-21T14:10:35","slug":"c-758-david-ryer-canada-copy","status":"publish","type":"product","link":"https:\/\/www.grandsalondeguitare.com\/fr\/produit\/c-758-david-ryer-canada-copy\/","title":{"rendered":"C-796, David Ryer (Canada)"},"content":{"rendered":"<p>Nouvelle guitare classique de concert<\/p>\n<p>N-210125C termin\u00e9e en f\u00e9vrier 2025<\/p>\n<p>Longueur d&rsquo;\u00e9chelle de 630mm avec sillet de 51mm<\/p>\n<p>Double table c\u00e8dre sur c\u00e8dre avec barrage en \u00e9ventail<\/p>\n<p>Couche interne en paulownia d\u00e9coup\u00e9e au laser<\/p>\n<p>Dos et \u00e9clisses en Ziricote, lamin\u00e9s avec du c\u00e8dre espagnol<\/p>\n<p>Placage de la t\u00eate et couvercle du port de son en Ziricote<\/p>\n<p>Touche en \u00e9b\u00e8ne avec 20e frette<\/p>\n<p>Frettes EVO dor\u00e9es<\/p>\n<p>Manche viss\u00e9 sur\u00e9lev\u00e9 en c\u00e8dre espagnol renforc\u00e9 de fibre de carbone<\/p>\n<p>Fixations, repose bras et accents en \u00e9rable mouchet\u00e9<\/p>\n<p>Tornavoz dans la rosace<\/p>\n<p>Repose bras<\/p>\n<p>Port de son et couvercle<\/p>\n<p>M\u00e9caniques Alessi fabriqu\u00e9es \u00e0 la main avec boutons en \u00e9b\u00e8ne<\/p>\n<p>Polis Fran\u00e7ais au tampon sur la table d&rsquo;harmonie<\/p>\n<p>Finition brillante en polyur\u00e9thane sur le dos, les \u00e9clisses, l&rsquo;accoudoir et le couvercle du port de son<\/p>\n<p>Finition soie polyur\u00e9thane sur le dos du manche et de la t\u00eate<\/p>\n<p>\u00c9tui rigide inclus<\/p>\n<p>&nbsp;<\/p>\n<p>Le poids de la guitare est 1,75 kg \/ 3,858 lb<\/p>\n<p>La longueur du corps est de 48\u00a0cm \/ 18.89 pouces<\/p>\n<p>Le bout sup\u00e9rieur est de 27.5 cm \/ 10 7\/8 pouces<\/p>\n<p>Le bout inf\u00e9rieur est de 37 cm \/ 14,56 pouces<\/p>\n<p>La profondeur du corps est de 9,8 cm\/ 3 7\/8 pouces<\/p>\n<p>&nbsp;<\/p>\n<p>Du site Web de David Ryer&#8230;<\/p>\n<p>J&rsquo;ai toujours eu une profonde appr\u00e9ciation pour le travail du bois fin, en particulier en ce qui concerne les instruments de musique.<\/p>\n<p>\u00c0 la fin des ann\u00e9es 1980, j&rsquo;ai r\u00e9par\u00e9 des instruments \u00e0 cordes pour des magasins de musique locaux et depuis le tournant du mill\u00e9naire, j&rsquo;ai nourri mon \u00e2me tout en apprenant l&rsquo;art de fabriquer des guitares acoustiques\/classiques de haute qualit\u00e9.<\/p>\n<p>J&rsquo;ai eu la chance d&rsquo;avoir acquis ma formation initiale aupr\u00e8s de Sergei de Jonge en 2000 et encore une fois, j&rsquo;ai pu travailler avec Sergei pendant plus de 2 ans dans sa boutique.<\/p>\n<p>J&rsquo;ai r\u00e9alis\u00e9 qu&rsquo;il n&rsquo;y a pas de meilleure fa\u00e7on de vivre que de faire ce qui me passionne. L&rsquo;art et l&rsquo;artisanat de construire quelque chose de si magnifiquement majestueux, riche en d\u00e9tails, technologiquement avanc\u00e9 et pourtant si simple.<\/p>\n<p>La guitare, sous toutes ses formes, existe depuis des \u00e9ons, si largement reconnue et appr\u00e9ci\u00e9e dans le monde entier et pourtant, il y a encore tant \u00e0 apprendre, tant de nuances qui rendent chaque guitare unique et personnelle.<\/p>\n<p>Je ne m&rsquo;attends pas et je ne veux pas que l&rsquo;apprentissage se termine. La construction des guitares est un travail d&rsquo;amour de toute une vie o\u00f9 l&rsquo;apprentissage ne s&rsquo;arr\u00eate jamais.<\/p>\n","protected":false},"excerpt":{"rendered":"[youtube v=oshr1HljhtM maxwidth=\"800px\"]\n<p>&nbsp;<\/p>\n<p>Excellente nouvelle double table par David Ryer avec echelle courte de 630mm !!!<\/p>\n<p>Une tres belle voix chantante, facile \u00e0 jouer avec projection de niveau concert !<\/p>\n<p>Un essaie s&rsquo;impose !!!<\/p>\n","protected":false},"featured_media":53825,"comment_status":"closed","ping_status":"closed","template":"","meta":{"_mo_disable_npp":""},"product_brand":[],"product_cat":[2258,1058,1057],"product_tag":[],"class_list":{"0":"post-53823","1":"product","2":"type-product","3":"status-publish","4":"has-post-thumbnail","6":"product_cat-double-tops","7":"product_cat-guitares","8":"product_cat-guitares-classique","9":"sales-flash-overlay","10":"woocommerce-text-align-left","11":"woocommerce-image-align-center","12":"do-quantity-buttons","13":"wc-has-gallery","15":"first","16":"outofstock","17":"taxable","18":"shipping-taxable","19":"product-type-simple"},"_links":{"self":[{"href":"https:\/\/www.grandsalondeguitare.com\/fr\/wp-json\/wp\/v2\/product\/53823","targetHints":{"allow":["GET"]}}],"collection":[{"href":"https:\/\/www.grandsalondeguitare.com\/fr\/wp-json\/wp\/v2\/product"}],"about":[{"href":"https:\/\/www.grandsalondeguitare.com\/fr\/wp-json\/wp\/v2\/types\/product"}],"replies":[{"embeddable":true,"href":"https:\/\/www.grandsalondeguitare.com\/fr\/wp-json\/wp\/v2\/comments?post=53823"}],"wp:featuredmedia":[{"embeddable":true,"href":"https:\/\/www.grandsalondeguitare.com\/fr\/wp-json\/wp\/v2\/media\/53825"}],"wp:attachment":[{"href":"https:\/\/www.grandsalondeguitare.com\/fr\/wp-json\/wp\/v2\/media?parent=53823"}],"wp:term":[{"taxonomy":"product_brand","embeddable":true,"href":"https:\/\/www.grandsalondeguitare.com\/fr\/wp-json\/wp\/v2\/product_brand?post=53823"},{"taxonomy":"product_cat","embeddable":true,"href":"https:\/\/www.grandsalondeguitare.com\/fr\/wp-json\/wp\/v2\/product_cat?post=53823"},{"taxonomy":"product_tag","embeddable":true,"href":"https:\/\/www.grandsalondeguitare.com\/fr\/wp-json\/wp\/v2\/product_tag?post=53823"}],"curies":[{"name":"wp","href":"https:\/\/api.w.org\/{rel}","templated":true}]}}