{"id":53710,"date":"2025-02-10T08:48:47","date_gmt":"2025-02-10T13:48:47","guid":{"rendered":"https:\/\/www.grandsalondeguitare.com\/?post_type=product&#038;p=53710"},"modified":"2025-09-25T11:40:11","modified_gmt":"2025-09-25T16:40:11","slug":"f-789-manuel-camargo-aranda-espagne-copy","status":"publish","type":"product","link":"https:\/\/www.grandsalondeguitare.com\/fr\/produit\/f-789-manuel-camargo-aranda-espagne-copy\/","title":{"rendered":"F-794, Vda Y Sobrinos De Domingo Esteso"},"content":{"rendered":"<p>Vda Y Sobrinos De Domingo Esteso<\/p>\n<p>Guitare Flamenco Blanca par la veuve et les neveux de Domingo Esteso<\/p>\n<p>Fabriqu\u00e9e en 1962<\/p>\n<p>Diapason de 670 mm avec largeur de sillet de 51 mm<\/p>\n<p>Table en \u00e9pic\u00e9a<\/p>\n<p>Dos et \u00e9clisses en cypr\u00e8s espagnol<\/p>\n<p>Manche en c\u00e8dre<\/p>\n<p>Touche en \u00e9b\u00e8ne<\/p>\n<p>Chevalet et placage de la t\u00eate en palissandre<\/p>\n<p>Chevilles m\u00e9caniques de r\u00e9glage fin Wittner (chevilles d&rsquo;origine disponibles)<\/p>\n<p>Finition enti\u00e8rement laqu\u00e9e<\/p>\n<p>\u00c9tui rigide d&rsquo;origine inclus<\/p>\n<p>&nbsp;<\/p>\n<p>Le poids de la guitare est de 1,25 kg \/ 2,755 lb<\/p>\n<p>La longueur totale de la guitare est de 99 cm \/ 38,976 pouces<\/p>\n<p>La longueur du corps est de 49 cm \/ 19,29 pouces<\/p>\n<p>La partie sup\u00e9rieure est de 28,5 cm \/ 11,22 pouces<\/p>\n<p>La partie inf\u00e9rieure est de 37 cm \/ 14,56 pouces<\/p>\n<p>La profondeur du corps est de 9,5 cm \/ 3,740 pouces<\/p>\n<p>&nbsp;<\/p>\n<p>Le luthier espagnol Domingo Esteso Lopez fut l&rsquo;un des plus grands luthiers du d\u00e9but du XXe si\u00e8cle.<\/p>\n<p>Dans les ann\u00e9es 1890, il commen\u00e7a son apprentissage dans l&rsquo;atelier de Manuel Ramirez \u00e0 Madrid o\u00f9 il travailla \u00e9galement avec d&rsquo;autres luthiers c\u00e9l\u00e8bres comme Modesto Borreguero et Santos Hernandez.<\/p>\n<p>Apr\u00e8s la mort de Manuel Ramirez en 1916, il travailla pendant un an pour la veuve de Manuel Ramirez avant d&rsquo;ouvrir son propre atelier en 1917 dans la rue Gravina.<\/p>\n<p>Il fut rejoint par son neveu de 13 ans Faustino Conde en 1926, tout comme Mariano Conde en 1929.<\/p>\n<p>Apr\u00e8s sa mort \u00e0 la fin de 1937, Faustino et ses deux fr\u00e8res, Mariano et Julio Conde continu\u00e8rent \u00e0 travailler sous le label Vda y Sobrinos de Domingo Esteso.<\/p>\n<p>Les guitares Domingo Esteso sont consid\u00e9r\u00e9es comme monumentales et historiques, certaines d&rsquo;entre elles sont expos\u00e9es dans les grands mus\u00e9es du monde entier racontant la partie la plus importante de l&rsquo;histoire de la guitare espagnole.<\/p>\n","protected":false},"excerpt":{"rendered":"[youtube v=4OJsyWYsSfs maxwidth=\"800px\"]\n<p>&nbsp;<\/p>\n<p>Une belle trouvaille au Canada !!!<\/p>\n<p>Un timbre incroyable du vieux monde !!! Si l\u00e9ger \u00e0 tenir, confortable et facile \u00e0 jouer avec 3,2 mm c\u00f4t\u00e9 graves \u00e0 la 12\u00e8me frette et 2,9 mm pour les aigus, le son coule naturellement avec beaucoup de profondeur, de puissance, une attaque et une r\u00e9ponse rapides !!!<\/p>\n<p>Une guitare flamenco de premi\u00e8re classe !!!<\/p>\n<p>La guitare a une fissure au dos et quelques fissures sur les c\u00f4t\u00e9s qui ont \u00e9t\u00e9 enti\u00e8rement r\u00e9par\u00e9es et restaur\u00e9es par Pedro Manzanero en Espagne, les m\u00e9caniques d&rsquo;origine ont \u00e9t\u00e9 remplac\u00e9es par des chevilles m\u00e9caniques Wittner toutes neuves !!!<\/p>\n<p>Cette guitare fait partie de notre \u00ab Collection priv\u00e9e \u00bb non destin\u00e9e \u00e0 la revente !!<\/p>\n","protected":false},"featured_media":53712,"comment_status":"open","ping_status":"closed","template":"","meta":{"_mo_disable_npp":""},"product_brand":[],"product_cat":[1058,1053],"product_tag":[1104],"class_list":{"0":"post-53710","1":"product","2":"type-product","3":"status-publish","4":"has-post-thumbnail","6":"product_cat-guitares","7":"product_cat-guitares-flamenco","8":"product_tag-hand-made-spanish-guitars-from-spain-fr","9":"sales-flash-overlay","10":"woocommerce-text-align-left","11":"woocommerce-image-align-center","12":"do-quantity-buttons","13":"wc-has-gallery","15":"first","16":"instock","17":"taxable","18":"shipping-taxable","19":"product-type-simple"},"_links":{"self":[{"href":"https:\/\/www.grandsalondeguitare.com\/fr\/wp-json\/wp\/v2\/product\/53710","targetHints":{"allow":["GET"]}}],"collection":[{"href":"https:\/\/www.grandsalondeguitare.com\/fr\/wp-json\/wp\/v2\/product"}],"about":[{"href":"https:\/\/www.grandsalondeguitare.com\/fr\/wp-json\/wp\/v2\/types\/product"}],"replies":[{"embeddable":true,"href":"https:\/\/www.grandsalondeguitare.com\/fr\/wp-json\/wp\/v2\/comments?post=53710"}],"wp:featuredmedia":[{"embeddable":true,"href":"https:\/\/www.grandsalondeguitare.com\/fr\/wp-json\/wp\/v2\/media\/53712"}],"wp:attachment":[{"href":"https:\/\/www.grandsalondeguitare.com\/fr\/wp-json\/wp\/v2\/media?parent=53710"}],"wp:term":[{"taxonomy":"product_brand","embeddable":true,"href":"https:\/\/www.grandsalondeguitare.com\/fr\/wp-json\/wp\/v2\/product_brand?post=53710"},{"taxonomy":"product_cat","embeddable":true,"href":"https:\/\/www.grandsalondeguitare.com\/fr\/wp-json\/wp\/v2\/product_cat?post=53710"},{"taxonomy":"product_tag","embeddable":true,"href":"https:\/\/www.grandsalondeguitare.com\/fr\/wp-json\/wp\/v2\/product_tag?post=53710"}],"curies":[{"name":"wp","href":"https:\/\/api.w.org\/{rel}","templated":true}]}}