{"id":53633,"date":"2025-01-29T18:13:39","date_gmt":"2025-01-29T23:13:39","guid":{"rendered":"https:\/\/www.grandsalondeguitare.com\/?post_type=product&#038;p=53633"},"modified":"2025-05-02T08:31:36","modified_gmt":"2025-05-02T13:31:36","slug":"c-792-jose-antonio-lagunar-espagne","status":"publish","type":"product","link":"https:\/\/www.grandsalondeguitare.com\/fr\/produit\/c-792-jose-antonio-lagunar-espagne\/","title":{"rendered":"C-792, Jose Antonio Lagunar (Espagne)"},"content":{"rendered":"<p>Jose Antonio Lagunar<\/p>\n<p>Guitarra de Artesania<\/p>\n<p>Madrid-Espagne<\/p>\n<p>Mod\u00e8le \u00ab\u00a0Gran Concierto\u00a0\u00bb<\/p>\n<p>Guitare N-102 construite en 2025<\/p>\n<p>Diapason de 650 mm avec sillet de t\u00eate de 52 mm<\/p>\n<p>Table en \u00e9pic\u00e9a d&rsquo;europ\u00e9en (Picea abies)<\/p>\n<p>Dos et \u00e9clisses en ziricote (Corde Deodecandra)<\/p>\n<p>Manche en c\u00e8dre d&rsquo;am\u00e9rique centrale (Cedrela Odorata)<\/p>\n<p>Touche en \u00e9b\u00e8ne (Diospyro Crassiflora Hiern)<\/p>\n<p>Chevalet et placage du t\u00eate en ziricote<\/p>\n<p>Ornements et filets en sicomore (Ficus sycomorus)<\/p>\n<p>M\u00e9caniques Gotoh 35G-510QC<\/p>\n<p>La table est au tampon en polis fran\u00e7ais, balance de la guitare est en laque polyur\u00e9thane<\/p>\n<p>\u00c9tui ABS Cibeles inclus<\/p>\n<p>&nbsp;<\/p>\n<p>Le poids de la guitare est de 2,05 kg \/ 4,519 lbs<\/p>\n<p>Longueur du corps 49 cm \/ 19,29&Prime;<\/p>\n<p>Bord inf\u00e9rieur 37,5 cm \/ 14,76&Prime;<\/p>\n<p>Bord sup\u00e9rieur 28,5 cm \/ 11,22&Prime;<\/p>\n<p>Profondeur du corps 10,4 cm \/ 4,09&Prime;<\/p>\n<p>&nbsp;<\/p>\n<p>*** Nous sommes fiers d&rsquo;\u00eatre le revendeur exclusif des guitares Jose Antonio Lagunar en Am\u00e9rique du Nord***<\/p>\n","protected":false},"excerpt":{"rendered":"[youtube v=2ZOKThgMCOY maxwidth=\"800px\"]\n<p>&nbsp;<\/p>\n<p>Jose Antonio a \u00e9t\u00e9 le luthier principal pendant 30 ans dans la maison des guitares Contreras jusqu&rsquo;au d\u00e9c\u00e8s de Pablo Contreras, c&rsquo;est \u00e0 ce moment-l\u00e0 qu&rsquo;il a pris la direction de l&rsquo;entreprise en tant que seul et unique luthier restant pendant 4 ans\u2026<\/p>\n<p>En 2015, il a d\u00e9cid\u00e9 de construire les guitares sous son propre etiquette et de voler de ses propres ailes&#8230;<\/p>\n<p>C&rsquo;est une guitare incroyable avec beaucoup de pr\u00e9sence, de puissance et de projection, tout comme les nombreuses guitares Contreras que j&rsquo;ai vendues et jou\u00e9es au fil des ans\u2026<\/p>\n<p>Le timbre typique des guitares de l&rsquo;ecole de Madrid y est pr\u00e9sent, excellent s\u00e9paration des notes, \u00e9quilibre et bien s\u00fbr une tres belle voix chantante, une fois que cette table en \u00e9pic\u00e9a aura m\u00fbri, elle se transformera en un instrument incroyable, avec un sustain et une projection suppl\u00e9mentaires\u2026<\/p>\n<p>Un incontournable pour tous ceux qui recherchent une guitare de concert espagnole haut de gamme<\/p>\n","protected":false},"featured_media":53584,"comment_status":"open","ping_status":"closed","template":"","meta":{"_mo_disable_npp":""},"product_brand":[],"product_cat":[1058,1057],"product_tag":[],"class_list":{"0":"post-53633","1":"product","2":"type-product","3":"status-publish","4":"has-post-thumbnail","6":"product_cat-guitares","7":"product_cat-guitares-classique","8":"sales-flash-overlay","9":"woocommerce-text-align-left","10":"woocommerce-image-align-center","11":"do-quantity-buttons","12":"wc-has-gallery","14":"first","15":"instock","16":"taxable","17":"shipping-taxable","18":"purchasable","19":"product-type-simple"},"_links":{"self":[{"href":"https:\/\/www.grandsalondeguitare.com\/fr\/wp-json\/wp\/v2\/product\/53633","targetHints":{"allow":["GET"]}}],"collection":[{"href":"https:\/\/www.grandsalondeguitare.com\/fr\/wp-json\/wp\/v2\/product"}],"about":[{"href":"https:\/\/www.grandsalondeguitare.com\/fr\/wp-json\/wp\/v2\/types\/product"}],"replies":[{"embeddable":true,"href":"https:\/\/www.grandsalondeguitare.com\/fr\/wp-json\/wp\/v2\/comments?post=53633"}],"wp:featuredmedia":[{"embeddable":true,"href":"https:\/\/www.grandsalondeguitare.com\/fr\/wp-json\/wp\/v2\/media\/53584"}],"wp:attachment":[{"href":"https:\/\/www.grandsalondeguitare.com\/fr\/wp-json\/wp\/v2\/media?parent=53633"}],"wp:term":[{"taxonomy":"product_brand","embeddable":true,"href":"https:\/\/www.grandsalondeguitare.com\/fr\/wp-json\/wp\/v2\/product_brand?post=53633"},{"taxonomy":"product_cat","embeddable":true,"href":"https:\/\/www.grandsalondeguitare.com\/fr\/wp-json\/wp\/v2\/product_cat?post=53633"},{"taxonomy":"product_tag","embeddable":true,"href":"https:\/\/www.grandsalondeguitare.com\/fr\/wp-json\/wp\/v2\/product_tag?post=53633"}],"curies":[{"name":"wp","href":"https:\/\/api.w.org\/{rel}","templated":true}]}}