{"id":53429,"date":"2025-01-24T10:48:17","date_gmt":"2025-01-24T15:48:17","guid":{"rendered":"https:\/\/www.grandsalondeguitare.com\/?post_type=product&#038;p=53429"},"modified":"2025-02-09T15:50:33","modified_gmt":"2025-02-09T20:50:33","slug":"f-773-mauricio-bellido-espagne-copy","status":"publish","type":"product","link":"https:\/\/www.grandsalondeguitare.com\/fr\/produit\/f-773-mauricio-bellido-espagne-copy\/","title":{"rendered":"F-789, Manuel Camargo Aranda (Espagne)"},"content":{"rendered":"<p>Guitare Flamenco neuve de S\u00e9ville Espagne<\/p>\n<p>\u00ab\u00a0Melosa\u00a0\u00bb fabriqu\u00e9e en 2024<\/p>\n<p>Diapason de 655 mm avec largeur de sillet de 52 mm<\/p>\n<p>Table en \u00e9pic\u00e9a allemande (Picea Abies)<\/p>\n<p>Dos et \u00e9clisses en cypr\u00e8s royal espagnol (Cupressus sempervirens)<\/p>\n<p>Manche en c\u00e8dre du Honduras (Cereal odorata)<\/p>\n<p>Touche en \u00e9b\u00e8ne africain (Dyospyrus crassiflora Cameroom)<\/p>\n<p>Rosace en bois d&rsquo;olivier sculpt\u00e9 \u00e0 la main<\/p>\n<p>Bois d&rsquo;olivier avec incrustations d&rsquo;os sur le placage de la t\u00eate<\/p>\n<p>Chevalet en palissandre du Madagascar<\/p>\n<p>Reliures, bande arri\u00e8re et d\u00e9coration du chevalet en bois d&rsquo;olivier<\/p>\n<p>M\u00e9caniques Gotoh 35G1600<\/p>\n<p>Finition au tampon en polis Francais<\/p>\n<p>\u00c9tui rigide en ABS inclus<\/p>\n<p>&nbsp;<\/p>\n<p>*** Un certificat sign\u00e9 par le luthier est inclus ***<\/p>\n<p>&nbsp;<\/p>\n<p>Le poids de la guitare est de 1,40 kg \/ 3,08 lb<\/p>\n<p>La longueur totale de la guitare est de 99,5 cm \/ 39,173 pouces<\/p>\n<p>La longueur du corps est de 48,5 cm \/ 19,09 pouces<\/p>\n<p>La partie sup\u00e9rieure mesure 28,5 cm \/ 11,22 pouces<\/p>\n<p>La partie inf\u00e9rieure mesure 37 cm \/ 14,56 pouces<\/p>\n<p>La profondeur du corps est de 9,5 cm \/ 3,740 pouces<\/p>\n","protected":false},"excerpt":{"rendered":"[youtube v=_jgkfWEMUXs maxwidth=\"800px\"]\n<p>&nbsp;<\/p>\n<p>Notre premi\u00e8re flamenca blanca de Manuel Camargo est arriv\u00e9e !!!<\/p>\n<p>Attaque et r\u00e9ponse rapides, confortable et facile \u00e0 jouer, le son coule naturellement et avec la \u00ab Jondura \u00bb (profondeur) flamenco d\u00e8s la premi\u00e8re note, la guitare a de la force, du caract\u00e8re et l&rsquo;\u00e2me typique de toutes bonnes guitares flamencas<\/p>\n<p>Une guitare flamenca de premi\u00e8re classe, \u00e0 un prix sans concurrence pour une guitare de cette cat\u00e9gorie !!!<\/p>\n<p>Un essaie s&rsquo;impose<\/p>\n","protected":false},"featured_media":53431,"comment_status":"open","ping_status":"closed","template":"","meta":{"_mo_disable_npp":""},"product_brand":[],"product_cat":[1058,1053],"product_tag":[1102,1103,1104],"class_list":{"0":"post-53429","1":"product","2":"type-product","3":"status-publish","4":"has-post-thumbnail","6":"product_cat-guitares","7":"product_cat-guitares-flamenco","8":"product_tag-bellido-guitars-granada-spain-fr","9":"product_tag-granada-luthier-fr","10":"product_tag-hand-made-spanish-guitars-from-spain-fr","11":"sales-flash-overlay","12":"woocommerce-text-align-left","13":"woocommerce-image-align-center","14":"do-quantity-buttons","15":"wc-has-gallery","17":"first","18":"instock","19":"taxable","20":"shipping-taxable","21":"purchasable","22":"product-type-simple"},"_links":{"self":[{"href":"https:\/\/www.grandsalondeguitare.com\/fr\/wp-json\/wp\/v2\/product\/53429","targetHints":{"allow":["GET"]}}],"collection":[{"href":"https:\/\/www.grandsalondeguitare.com\/fr\/wp-json\/wp\/v2\/product"}],"about":[{"href":"https:\/\/www.grandsalondeguitare.com\/fr\/wp-json\/wp\/v2\/types\/product"}],"replies":[{"embeddable":true,"href":"https:\/\/www.grandsalondeguitare.com\/fr\/wp-json\/wp\/v2\/comments?post=53429"}],"wp:featuredmedia":[{"embeddable":true,"href":"https:\/\/www.grandsalondeguitare.com\/fr\/wp-json\/wp\/v2\/media\/53431"}],"wp:attachment":[{"href":"https:\/\/www.grandsalondeguitare.com\/fr\/wp-json\/wp\/v2\/media?parent=53429"}],"wp:term":[{"taxonomy":"product_brand","embeddable":true,"href":"https:\/\/www.grandsalondeguitare.com\/fr\/wp-json\/wp\/v2\/product_brand?post=53429"},{"taxonomy":"product_cat","embeddable":true,"href":"https:\/\/www.grandsalondeguitare.com\/fr\/wp-json\/wp\/v2\/product_cat?post=53429"},{"taxonomy":"product_tag","embeddable":true,"href":"https:\/\/www.grandsalondeguitare.com\/fr\/wp-json\/wp\/v2\/product_tag?post=53429"}],"curies":[{"name":"wp","href":"https:\/\/api.w.org\/{rel}","templated":true}]}}