{"id":53364,"date":"2025-01-14T17:17:10","date_gmt":"2025-01-14T22:17:10","guid":{"rendered":"https:\/\/www.grandsalondeguitare.com\/?post_type=product&#038;p=53364"},"modified":"2025-12-22T10:25:39","modified_gmt":"2025-12-22T15:25:39","slug":"c-756-valerio-licari-italie-copy","status":"publish","type":"product","link":"https:\/\/www.grandsalondeguitare.com\/fr\/produit\/c-756-valerio-licari-italie-copy\/","title":{"rendered":"C-788, Valerio Licari (Italie)"},"content":{"rendered":"<p>Nouvelle guitare classique double table de concert<\/p>\n<p>Terminer en d\u00e9cembre 2024<\/p>\n<p>\u00ab\u00a0Modelo DT-01&Prime;<\/p>\n<p>\u00c9chelle de 650 mm avec sillet de 52 mm<\/p>\n<p>Double table C\u00e8dre\/Nomex\/C\u00e8dre<\/p>\n<p>Barrages traditionnel \u00e0 5 \u00e9ventails inspir\u00e9 d&rsquo;Antonio Marin<\/p>\n<p>Dos et \u00e9clisses en palissandre Indien<\/p>\n<p>Manche en c\u00e8dre du Honduras (renforc\u00e9 de fibre de carbone)<\/p>\n<p>Touche en \u00e9b\u00e8ne africain\u00a0avec 20e frette (compound radius)<\/p>\n<p>Chevalet en palissandre Br\u00e9silien avec bloc d&rsquo;attache \u00e0 12\u00a0trous<\/p>\n<p>Repose bras<\/p>\n<p>M\u00e9caniques Alessi avec boutons en \u00e9b\u00e8ne<\/p>\n<p>Finition gomme laque polis fran\u00e7ais<\/p>\n<p>\u00c9tui rigide PROEL FORC3 en ABS<\/p>\n<p>&nbsp;<\/p>\n<p>Le poids de la guitare est \u00a01,5 kg \/ 3,4 lb<\/p>\n<p>Longueur du corps 48cm \/ 18.897&Prime;<\/p>\n<p>Partie inf\u00e9rieur \u00a036,5 cm \/ 14,370&Prime;<\/p>\n<p>Partie sup\u00e9rieure 27,5 cm \/ 10,826&Prime;<\/p>\n<p>Profondeur du corps 10 cm \/ 3,93\u00a0\u00bb<\/p>\n<p>&nbsp;<\/p>\n<p>*** Nous sommes fiers d&rsquo;\u00eatre le revendeur Canadien officiel des guitares du luthier Valerio Licari ***<\/p>\n","protected":false},"excerpt":{"rendered":"[youtube v=lC_9gazkB3k maxwidth=\"800px\"]\n<p>&nbsp;<\/p>\n[youtube v=FQb5CmPa9Gs maxwidth=\"800px\"]\n<p>&nbsp;<\/p>\n<p>Fantastique nouvelle Double Table directement de Turin Italie !!!<\/p>\n<p>Valerio a reproduit le magnifique timbre qu&rsquo;il a habituellement dans ses mod\u00e8les traditionnels, mais avec une profondeur, une pr\u00e9sence et une projection suppl\u00e9mentaires dans sa voix chantante \u2026<\/p>\n<p>Excellentes basses bois\u00e9es\/chaudes comme d&rsquo;habitudes avec de beaux aigus chantants et un sustain ajout\u00e9 !!!<\/p>\n<p>De nombreuses nouvelles guitares Licari arriveront en 2025-26&#8230;veuillez me contacter pour r\u00e9server l&rsquo;instrument \u00e0 venir,<\/p>\n<p>Merci<\/p>\n","protected":false},"featured_media":53366,"comment_status":"closed","ping_status":"closed","template":"","meta":{"_mo_disable_npp":""},"product_brand":[],"product_cat":[2258,1058,1057],"product_tag":[1122,1248,1249,1250,1814,1251],"class_list":{"0":"post-53364","1":"product","2":"type-product","3":"status-publish","4":"has-post-thumbnail","6":"product_cat-double-tops","7":"product_cat-guitares","8":"product_cat-guitares-classique","9":"product_tag-italian-luthier-fr","10":"product_tag-licari-guitars-italy-fr","11":"product_tag-licari-guitars-montreal-canada-fr","12":"product_tag-montreal-hand-made-guitar-showroom-fr","13":"product_tag-valerio-licari-albaicin-classical-guitar-model-fr","14":"product_tag-valerio-licari-guitars-fr","15":"sales-flash-overlay","16":"woocommerce-text-align-left","17":"woocommerce-image-align-center","18":"do-quantity-buttons","19":"wc-has-gallery","21":"first","22":"instock","23":"taxable","24":"shipping-taxable","25":"purchasable","26":"product-type-simple"},"_links":{"self":[{"href":"https:\/\/www.grandsalondeguitare.com\/fr\/wp-json\/wp\/v2\/product\/53364","targetHints":{"allow":["GET"]}}],"collection":[{"href":"https:\/\/www.grandsalondeguitare.com\/fr\/wp-json\/wp\/v2\/product"}],"about":[{"href":"https:\/\/www.grandsalondeguitare.com\/fr\/wp-json\/wp\/v2\/types\/product"}],"replies":[{"embeddable":true,"href":"https:\/\/www.grandsalondeguitare.com\/fr\/wp-json\/wp\/v2\/comments?post=53364"}],"wp:featuredmedia":[{"embeddable":true,"href":"https:\/\/www.grandsalondeguitare.com\/fr\/wp-json\/wp\/v2\/media\/53366"}],"wp:attachment":[{"href":"https:\/\/www.grandsalondeguitare.com\/fr\/wp-json\/wp\/v2\/media?parent=53364"}],"wp:term":[{"taxonomy":"product_brand","embeddable":true,"href":"https:\/\/www.grandsalondeguitare.com\/fr\/wp-json\/wp\/v2\/product_brand?post=53364"},{"taxonomy":"product_cat","embeddable":true,"href":"https:\/\/www.grandsalondeguitare.com\/fr\/wp-json\/wp\/v2\/product_cat?post=53364"},{"taxonomy":"product_tag","embeddable":true,"href":"https:\/\/www.grandsalondeguitare.com\/fr\/wp-json\/wp\/v2\/product_tag?post=53364"}],"curies":[{"name":"wp","href":"https:\/\/api.w.org\/{rel}","templated":true}]}}