{"id":53181,"date":"2024-12-18T09:02:08","date_gmt":"2024-12-18T14:02:08","guid":{"rendered":"https:\/\/www.grandsalondeguitare.com\/?post_type=product&#038;p=53181"},"modified":"2025-10-21T09:13:47","modified_gmt":"2025-10-21T14:13:47","slug":"c-777-jeff-sigurdson-canada-copy-2","status":"publish","type":"product","link":"https:\/\/www.grandsalondeguitare.com\/fr\/produit\/c-777-jeff-sigurdson-canada-copy-2\/","title":{"rendered":"C-786, Jeff Sigurdson (Canada)"},"content":{"rendered":"<p>Guitar Classique De Concert<\/p>\n<p>Guitare N-618<\/p>\n<p>Terminer le 16 d\u00e9cembre 2024<\/p>\n<p>\u00c9chelle de 640 mm avec sillet de 51mm<\/p>\n<p>Double Table c\u00e8dre\/c\u00e8dre<\/p>\n<p>Noyau int\u00e9rieur en Balsa<\/p>\n<p>Fond et \u00e9clisses en palissandre Indien<\/p>\n<p>Les c\u00f4t\u00e9s sont doubl\u00e9s a l&rsquo;int\u00e9rieur avec de l&rsquo;\u00e9rable<\/p>\n<p>Manche sur\u00e9lev\u00e9 en c\u00e8dre Espagnol<\/p>\n<p>Touche en \u00e9b\u00e8ne avec 20\u00e8me demi-frette<\/p>\n<p>Rosace en \u00e9rable \u00e9clabouss\u00e9<\/p>\n<p>Repose bras<\/p>\n<p>Port de son avec couvert magn\u00e9tique ajustable<\/p>\n<p>Chevalet et placage de la t\u00eate en palissandre Indien<\/p>\n<p>M\u00e9caniques Gotoh s\u00e9ries 510 avec rouleaux en aluminium<\/p>\n<p>Finition au tampon \u00e0 la main en polis Fran\u00e7ais<\/p>\n<p>\u00c9tuis rigide en ABS inclus<\/p>\n<p>&nbsp;<\/p>\n<p>La longueur totale de la guitare est de 98,5 cm \/ 38,78 pouces<\/p>\n<p>La longueur du corps est de 48 cm \/ 18,8976 pouces<\/p>\n<p>Le bout sup\u00e9rieur est de 28 cm \/ 11,02 pouces<\/p>\n<p>Le bout inf\u00e9rieur est de 36,5 cm \/ 14,37 pouces<\/p>\n<p>La largeur est de 10 cm \/ 3,93 pouces<\/p>\n<p>Le poids de la guitare est de 1,55kg \/ 3,417lb<\/p>\n","protected":false},"excerpt":{"rendered":"<p>Nouvelle double table en c\u00e8dre \u00e0 \u00e9chelle courte de 640 mm termin\u00e9e le 16 d\u00e9cembre 2024 !!!<\/p>\n<p>Une autre double table au son et \u00e0 l&rsquo;apparence incroyables de Jeff !!<\/p>\n<p>Table en c\u00e8dre fonc\u00e9 de qualit\u00e9 AAAA !!! Offrant des basses puissantes avec de beaux aigus chantants, facile \u00e0 jouer, \u00e9quilibr\u00e9e avec beaucoup de pr\u00e9sence et un sustain incroyable !!! Projection de niveau concert avec une belle tonalit\u00e9 traditionnelle&#8230;<\/p>\n<p>De nouvelles double tables arriveront en 2025, en \u00e9pic\u00e9a\/c\u00e8dre et double c\u00e8dre, veuillez me contacter pour r\u00e9server les prochaines guitares&#8230;<\/p>\n","protected":false},"featured_media":53183,"comment_status":"closed","ping_status":"closed","template":"","meta":{"_mo_disable_npp":""},"product_brand":[],"product_cat":[2257,1058,1057],"product_tag":[1141,1142,1143,1144],"class_list":{"0":"post-53181","1":"product","2":"type-product","3":"status-publish","4":"has-post-thumbnail","6":"product_cat-double-tables","7":"product_cat-guitares","8":"product_cat-guitares-classique","9":"product_tag-concert-classical-guitars-in-montreal-canada-fr","10":"product_tag-jeff-sigurdson-classical-guitars-fr","11":"product_tag-sigurdson-balsa-inner-core-double-top-fr","12":"product_tag-sigurdson-double-top-guitar-fr","13":"sales-flash-overlay","14":"woocommerce-text-align-left","15":"woocommerce-image-align-center","16":"do-quantity-buttons","17":"wc-has-gallery","19":"first","20":"outofstock","21":"sold-individually","22":"taxable","23":"shipping-taxable","24":"product-type-simple"},"_links":{"self":[{"href":"https:\/\/www.grandsalondeguitare.com\/fr\/wp-json\/wp\/v2\/product\/53181","targetHints":{"allow":["GET"]}}],"collection":[{"href":"https:\/\/www.grandsalondeguitare.com\/fr\/wp-json\/wp\/v2\/product"}],"about":[{"href":"https:\/\/www.grandsalondeguitare.com\/fr\/wp-json\/wp\/v2\/types\/product"}],"replies":[{"embeddable":true,"href":"https:\/\/www.grandsalondeguitare.com\/fr\/wp-json\/wp\/v2\/comments?post=53181"}],"wp:featuredmedia":[{"embeddable":true,"href":"https:\/\/www.grandsalondeguitare.com\/fr\/wp-json\/wp\/v2\/media\/53183"}],"wp:attachment":[{"href":"https:\/\/www.grandsalondeguitare.com\/fr\/wp-json\/wp\/v2\/media?parent=53181"}],"wp:term":[{"taxonomy":"product_brand","embeddable":true,"href":"https:\/\/www.grandsalondeguitare.com\/fr\/wp-json\/wp\/v2\/product_brand?post=53181"},{"taxonomy":"product_cat","embeddable":true,"href":"https:\/\/www.grandsalondeguitare.com\/fr\/wp-json\/wp\/v2\/product_cat?post=53181"},{"taxonomy":"product_tag","embeddable":true,"href":"https:\/\/www.grandsalondeguitare.com\/fr\/wp-json\/wp\/v2\/product_tag?post=53181"}],"curies":[{"name":"wp","href":"https:\/\/api.w.org\/{rel}","templated":true}]}}