{"id":53121,"date":"2024-12-11T11:16:44","date_gmt":"2024-12-11T16:16:45","guid":{"rendered":"https:\/\/www.grandsalondeguitare.com\/?post_type=product&#038;p=53121"},"modified":"2025-02-28T09:23:24","modified_gmt":"2025-02-28T14:23:24","slug":"c-784-daniel-stark-allemagne-copy","status":"publish","type":"product","link":"https:\/\/www.grandsalondeguitare.com\/fr\/produit\/c-784-daniel-stark-allemagne-copy\/","title":{"rendered":"C-785, Jost von Huene (Allemagne)"},"content":{"rendered":"<p>Guitare classique de concert neuve<\/p>\n<p>Fabriqu\u00e9e en 2023<\/p>\n<p>\u00c9chelle de 650 mm avec sillet de 52 mm<\/p>\n<p>Table en \u00e9pic\u00e9a alpin suisse (barrage \u00e0 5 \u00e9ventails)<\/p>\n<p>Dos et \u00e9clisses en palissandre Indien<\/p>\n<p>Manche en c\u00e8dre espagnol<\/p>\n<p>Touche en \u00e9b\u00e8ne (20 frettes)<\/p>\n<p>Filetages \u00e9l\u00e9gants assortis \u00e0 la rosace<\/p>\n<p>Chevalet et t\u00eate en palissandre indien<\/p>\n<p>M\u00e9caniques Barnett<\/p>\n<p>Gomme laque polie \u00e0 la main<\/p>\n<p>\u00c9tui archtop rigide CEWA inclus<\/p>\n<p>&nbsp;<\/p>\n<p>Le poids de la guitare est de 1,54 kg \/ 3,395 livres<\/p>\n<p>La longueur du corps est de 47 cm \/ 18,50 pouces<\/p>\n<p>La profondeur du corps est de 9,5 cm \/ 3,74 pouces<\/p>\n<p>La partie sup\u00e9rieure est de 28,5 cm \/ 11,22 pouces<\/p>\n<p>La partie inf\u00e9rieure est de 37 cm \/ 14,56 pouces<\/p>\n<p>&nbsp;<\/p>\n<p>Jost von Huene est un luthier allemand n\u00e9 en 1979 et fait partie de la nouvelle g\u00e9n\u00e9ration de luthiers allemands. Son int\u00e9r\u00eat pour la lutherie l&rsquo;a conduit \u00e0 entreprendre un apprentissage dans l&rsquo;atelier de Wolfgang Amann, o\u00f9 il a appris les bases du m\u00e9tier. Il a ensuite poursuivi ses \u00e9tudes \u00e0 l&rsquo;\u00c9cole sup\u00e9rieure de lutherie de Markneukirchen en 2003, o\u00f9 il a acquis des connaissances et des comp\u00e9tences avanc\u00e9es en lutherie.<\/p>\n<p>En 2007, apr\u00e8s avoir obtenu son master, Jost von Huene a ouvert son atelier \u00e0 Dresde, en Allemagne, o\u00f9 il a commenc\u00e9 \u00e0 produire des guitares de haute qualit\u00e9.<\/p>\n<p>Ses guitares sont connues pour leur excellente sonorit\u00e9, leur jouabilit\u00e9 et leur souci du d\u00e9tail. En plus de diriger son atelier, Jost von Huene enseigne l&rsquo;art de la lutherie \u00e0 l&rsquo;\u00c9cole sup\u00e9rieure de lutherie de Markneukirchen depuis 2012. Il transmet ses connaissances et ses comp\u00e9tences \u00e0 la prochaine g\u00e9n\u00e9ration de luthiers, contribuant ainsi \u00e0 garantir la continuit\u00e9 de la tradition de la lutherie allemande de qualit\u00e9.<\/p>\n<p>La guitare Jost von Huene 2023 est un magnifique instrument aux d\u00e9tails de construction exquis qui rappellent les styles traditionnels de Torres et Arias.<\/p>\n<p>La table en \u00e9pic\u00e9a a \u00e9t\u00e9 vieillie de mani\u00e8re experte pour donner \u00e0 la guitare un look vintage unique, tandis que la d\u00e9licate rosace de filets ajoute une touche d&rsquo;\u00e9l\u00e9gance et de raffinement. En ce qui concerne le son, cette guitare est \u00e0 la hauteur. Elle est stable, fiable et offre un son vaste, doux et facile \u00e0 jouer.<\/p>\n<p>Le barrage sup\u00e9rieur comprend un barrage en \u00e9ventail l\u00e9ger et deux minuscules barres transversales diagonales suppl\u00e9mentaires. Cette conception innovante offre une puissance et une projection exceptionnelles tout en offrant un excellent sustain et des couleurs tonales. Cette guitare est un m\u00e9lange harmonieux d&rsquo;aspects traditionnels et modernes du son et de la construction, ce qui donne un instrument d&rsquo;une beaut\u00e9 \u00e0 couper le souffle.<\/p>\n<p>Dans l&rsquo;ensemble, la guitare Jost von Huene 2023 est un instrument exceptionnel qui impressionne m\u00eame les musiciens les plus exigeants.<\/p>\n<p>*** Nous sommes fiers d&rsquo;\u00eatre le revendeur exclusif des guitares Jost von Huen en Am\u00e9rique du Nord ***<\/p>\n","protected":false},"excerpt":{"rendered":"[youtube v=dcdt7rqtqyo maxwidth=\"800px\"]\n<p>&nbsp;<\/p>\n<p>Directement d&rsquo;Allemagne, une toute nouvelle guitare de concert de Jost von Huene !!!<\/p>\n<p>Jost m&rsquo;a \u00e9t\u00e9 fortement recommand\u00e9e par Daniel Stark, cette guitare exacte a \u00e9t\u00e9 choisie personnellement pour moi par Daniel alors qu&rsquo;elle participait \u00e0 une comparaison de 30 guitares cette ann\u00e9e au festival de guitare de Hambourg !!!<\/p>\n<p>Daniel avait raison !!! C&rsquo;est un super bel instrument avec des d\u00e9tails de construction exquis qui rappellent les styles traditionnels de Torres et Arias mais avec une projection de niveau concert !!!<\/p>\n<p>La table en \u00e9pic\u00e9a a \u00e9t\u00e9 vieillie de mani\u00e8re experte pour donner \u00e0 la guitare un look vintage unique, tandis que la d\u00e9licate rosace et ses filets, ajoutent une touche d&rsquo;\u00e9l\u00e9gance et de raffinement.<\/p>\n<p>En ce qui concerne le timbre, cette guitare est vraiment \u00e0 la hauteur ! Elle est stable, fiable, offrant une grande palette de couleur et excellent sustain&#8230;<\/p>\n<p>Un essaie s&rsquo;impose !!!<\/p>\n","protected":false},"featured_media":53124,"comment_status":"closed","ping_status":"closed","template":"","meta":{"_mo_disable_npp":""},"product_brand":[],"product_cat":[1058,1057],"product_tag":[1062],"class_list":{"0":"post-53121","1":"product","2":"type-product","3":"status-publish","4":"has-post-thumbnail","6":"product_cat-guitares","7":"product_cat-guitares-classique","8":"product_tag-high-end-guitar-showroom-montreal-canada-fr","9":"sales-flash-overlay","10":"woocommerce-text-align-left","11":"woocommerce-image-align-center","12":"do-quantity-buttons","13":"wc-has-gallery","15":"first","16":"outofstock","17":"sold-individually","18":"taxable","19":"shipping-taxable","20":"product-type-simple"},"_links":{"self":[{"href":"https:\/\/www.grandsalondeguitare.com\/fr\/wp-json\/wp\/v2\/product\/53121","targetHints":{"allow":["GET"]}}],"collection":[{"href":"https:\/\/www.grandsalondeguitare.com\/fr\/wp-json\/wp\/v2\/product"}],"about":[{"href":"https:\/\/www.grandsalondeguitare.com\/fr\/wp-json\/wp\/v2\/types\/product"}],"replies":[{"embeddable":true,"href":"https:\/\/www.grandsalondeguitare.com\/fr\/wp-json\/wp\/v2\/comments?post=53121"}],"wp:featuredmedia":[{"embeddable":true,"href":"https:\/\/www.grandsalondeguitare.com\/fr\/wp-json\/wp\/v2\/media\/53124"}],"wp:attachment":[{"href":"https:\/\/www.grandsalondeguitare.com\/fr\/wp-json\/wp\/v2\/media?parent=53121"}],"wp:term":[{"taxonomy":"product_brand","embeddable":true,"href":"https:\/\/www.grandsalondeguitare.com\/fr\/wp-json\/wp\/v2\/product_brand?post=53121"},{"taxonomy":"product_cat","embeddable":true,"href":"https:\/\/www.grandsalondeguitare.com\/fr\/wp-json\/wp\/v2\/product_cat?post=53121"},{"taxonomy":"product_tag","embeddable":true,"href":"https:\/\/www.grandsalondeguitare.com\/fr\/wp-json\/wp\/v2\/product_tag?post=53121"}],"curies":[{"name":"wp","href":"https:\/\/api.w.org\/{rel}","templated":true}]}}