{"id":53113,"date":"2024-12-10T15:54:33","date_gmt":"2024-12-10T20:54:33","guid":{"rendered":"https:\/\/www.grandsalondeguitare.com\/?post_type=product&#038;p=53113"},"modified":"2026-03-03T17:36:44","modified_gmt":"2026-03-03T22:36:44","slug":"a-316-knobloch-edq-34-0-bi-nylon-copy","status":"publish","type":"product","link":"https:\/\/www.grandsalondeguitare.com\/fr\/produit\/a-316-knobloch-edq-34-0-bi-nylon-copy\/","title":{"rendered":"A-385,  EDB 33.5 BI-Nylon"},"content":{"rendered":"<p><strong>KNOBLOCH<\/strong><\/p>\n<p><strong>ERITHACUS Double Silver<\/strong><\/p>\n<p><strong>EDB 33.5.0, Nylon Bio<\/strong><\/p>\n<p><strong>Tension Moyen<\/strong><\/p>\n<p>CORDES DE BASSE\u00a0: ER Double Silver, Natural \u00b7 Round<\/p>\n<p>CORDES D&rsquo;AIGUES\u00a0: Bio Nylon, Natural &amp; Round<\/p>\n<p>Con\u00e7ues pour les musiciens souhaitant utiliser des mat\u00e9riaux organiques, pour un son aigu naturel sur une basse ronde.<\/p>\n<p>Combinaison de sons\u00a0:<\/p>\n<p>La rondeur du son grave correspond au son raffin\u00e9 et naturel des aigus BIO<br \/>\nCes cordes sont parfaites pour les guitaristes qui cherchent \u00e0 \u00e9liminer toute trace de ce son plastique qui peut provenir des cordes en nylon standard.<br \/>\nL&rsquo;inclusion des aigus BIO dans ce jeu donne un son pur, naturel et rond.<\/p>\n<p>Caract\u00e9ristiques\u00a0:<\/p>\n<p>Les mat\u00e9riaux naturels permettent d&rsquo;obtenir un son aigu naturel sur une basse ronde<br \/>\nRond, naturel et raffin\u00e9<\/p>\n<p>Jouabilit\u00e9\u00a0:<\/p>\n<p>Jeu bien \u00e9quilibr\u00e9, facile \u00e0 jouer \u00e0 la main gauche et \u00e0 la main droite avec une \u00e9lasticit\u00e9 suppl\u00e9mentaire dans les aigus<\/p>\n<p>La ligne ERITHACUS est cr\u00e9\u00e9e pour les guitaristes qui ont besoin d&rsquo;un son naturel, chaud et rond avec une intonation impeccable, une durabilit\u00e9 et une grande jouabilit\u00e9.<\/p>\n<p>Ces cordes sont polyvalentes et encore plus chaudes que la gamme Actives originale.<\/p>\n<div class=\"IxKPGT\">\n<div class=\"UNAUH2\" data-hook=\"modal-gallery-container\" data-zoomed=\"false\"><img loading=\"lazy\" decoding=\"async\" class=\"SJhm2F zeUrbP\" draggable=\"false\" src=\"https:\/\/static.wixstatic.com\/media\/27345e_1629b8150efc4813a86c01bb8ac0db76~mv2.jpg\/v1\/fill\/w_989,h_699,al_c,q_85,usm_0.66_1.00_0.01\/27345e_1629b8150efc4813a86c01bb8ac0db76~mv2.jpg\" width=\"989\" height=\"699\" data-hook=\"modal-gallery-media-node\" data-axis=\"0-0\" \/><\/div>\n<\/div>\n<footer>\n<ul class=\"AZeWif\" data-hook=\"modal-gallery-dots\">\n<li class=\"undefined\"><\/li>\n<\/ul>\n<\/footer>\n<div id=\"_tab_content-29-159\" class=\"oxy-tab-content tabs-contents-2617-tab\">\n<div id=\"code_block-39-159\" class=\"ct-code-block\"><\/div>\n<\/div>\n","protected":false},"excerpt":{"rendered":"<p><strong>KNOBLOCH<\/strong><\/p>\n<p><strong>ERITHACUS Double Silver<\/strong><\/p>\n<p><strong>EDB 33.5, <\/strong><strong>Nylon Bio<\/strong><\/p>\n<p><strong>Tension Moyen<\/strong><\/p>\n<p><strong>Set complet<\/strong><\/p>\n","protected":false},"featured_media":53117,"comment_status":"closed","ping_status":"closed","template":"","meta":{"_mo_disable_npp":""},"product_brand":[],"product_cat":[1052,1054],"product_tag":[],"class_list":{"0":"post-53113","1":"product","2":"type-product","3":"status-publish","4":"has-post-thumbnail","6":"product_cat-accessoires","7":"product_cat-cordes","8":"sales-flash-overlay","9":"woocommerce-text-align-left","10":"woocommerce-image-align-center","11":"do-quantity-buttons","13":"first","14":"instock","15":"taxable","16":"shipping-taxable","17":"purchasable","18":"product-type-simple"},"_links":{"self":[{"href":"https:\/\/www.grandsalondeguitare.com\/fr\/wp-json\/wp\/v2\/product\/53113","targetHints":{"allow":["GET"]}}],"collection":[{"href":"https:\/\/www.grandsalondeguitare.com\/fr\/wp-json\/wp\/v2\/product"}],"about":[{"href":"https:\/\/www.grandsalondeguitare.com\/fr\/wp-json\/wp\/v2\/types\/product"}],"replies":[{"embeddable":true,"href":"https:\/\/www.grandsalondeguitare.com\/fr\/wp-json\/wp\/v2\/comments?post=53113"}],"wp:featuredmedia":[{"embeddable":true,"href":"https:\/\/www.grandsalondeguitare.com\/fr\/wp-json\/wp\/v2\/media\/53117"}],"wp:attachment":[{"href":"https:\/\/www.grandsalondeguitare.com\/fr\/wp-json\/wp\/v2\/media?parent=53113"}],"wp:term":[{"taxonomy":"product_brand","embeddable":true,"href":"https:\/\/www.grandsalondeguitare.com\/fr\/wp-json\/wp\/v2\/product_brand?post=53113"},{"taxonomy":"product_cat","embeddable":true,"href":"https:\/\/www.grandsalondeguitare.com\/fr\/wp-json\/wp\/v2\/product_cat?post=53113"},{"taxonomy":"product_tag","embeddable":true,"href":"https:\/\/www.grandsalondeguitare.com\/fr\/wp-json\/wp\/v2\/product_tag?post=53113"}],"curies":[{"name":"wp","href":"https:\/\/api.w.org\/{rel}","templated":true}]}}