{"id":53006,"date":"2024-11-15T15:23:58","date_gmt":"2024-11-15T20:23:58","guid":{"rendered":"https:\/\/www.grandsalondeguitare.com\/?post_type=product&#038;p=53006"},"modified":"2024-11-15T15:44:31","modified_gmt":"2024-11-15T20:44:31","slug":"a-384-tour-grade-peg-winder","status":"publish","type":"product","link":"https:\/\/www.grandsalondeguitare.com\/fr\/produit\/a-384-tour-grade-peg-winder\/","title":{"rendered":"A-384, Tour-Grade Peg Winder"},"content":{"rendered":"<div class=\"accordionButton active\" data-relatedpanel=\"uspBulletPanel\">\n<p>Enrouleur de cordes de qualit\u00e9 professionnelle D&rsquo;Addario<\/p>\n<p>Mod\u00e8le PW-TGPW-01<\/p>\n<p>L&rsquo;enrouleur de cordes de qualit\u00e9 professionnelle offre des performances de niveau sup\u00e9rieur aux luthiers, aux techniciens ou \u00e0 toute personne souhaitant changer les cordes avec un maximum de rapidit\u00e9 et de facilit\u00e9.<\/p>\n<p>La conception multi-outils r\u00e9unit une douille \u00e0 roulement \u00e0 billes non marquante pour un enroulement plus fluide, des poign\u00e9es moul\u00e9es et un extracteur de chevilles de chevalet \u00e0 ressort.<\/p>\n<p>Con\u00e7u pour r\u00e9sister \u00e0 des ann\u00e9es d&rsquo;utilisation<\/p>\n<p>CARACT\u00c9RISTIQUES DU PRODUIT<\/p>\n<ul>\n<li>Enrouleur de cordes de qualit\u00e9 sup\u00e9rieure-<\/li>\n<li>Poign\u00e9e moul\u00e9e avec douille \u00e0 roulement \u00e0 billes<\/li>\n<li>Extracteur de chevilles de chevalet \u00e0 ressort int\u00e9gr\u00e9<\/li>\n<li>Fonctionne sur pratiquement toutes les guitares, banjos, ukul\u00e9l\u00e9s et mandolines.<\/li>\n<li>S&rsquo;int\u00e8gre facilement dans n&rsquo;importe quel compartiment pour accessoires des \u00e9tuis<\/li>\n<li>Poids 0,055 kg<\/li>\n<\/ul>\n<\/div>\n","protected":false},"excerpt":{"rendered":"<p>Enrouleur de cordes D&rsquo;Addario Tour-Grade<\/p>\n<p>Mod\u00e8le PW-TGPW-01<\/p>\n<p>Le remontoir \u00e0 chevilles de qualit\u00e9 professionnelle offre des performances de niveau sup\u00e9rieur pour les luthiers, les techniciens ou toute personne souhaitant changer les cordes avec une vitesse et une facilit\u00e9 maximales.<\/p>\n<p>La conception multi-outils r\u00e9unit un roulement \u00e0 billes, une douille non marquante pour un enroulement plus fluide, des poign\u00e9es moul\u00e9es et un extracteur de chevilles de chevalet \u00e0 ressort.<\/p>\n<p>Fonctionne sur pratiquement toutes les guitares, basses, banjos, ukul\u00e9l\u00e9s et mandolines.<\/p>\n<p>Con\u00e7u pour r\u00e9sister \u00e0 des ann\u00e9es d&rsquo;utilisation<\/p>\n<p>S&rsquo;int\u00e8gre facilement dans n&rsquo;importe quel compartiment pour accessoires des \u00e9tuis<\/p>\n","protected":false},"featured_media":53012,"comment_status":"closed","ping_status":"closed","template":"","meta":{"_mo_disable_npp":""},"product_brand":[],"product_cat":[1052,1054,1373],"product_tag":[1374,1375,2178],"class_list":{"0":"post-53006","1":"product","2":"type-product","3":"status-publish","4":"has-post-thumbnail","6":"product_cat-accessoires","7":"product_cat-cordes","8":"product_cat-enrouleurs-de-chevilles","9":"product_tag-peg-winders-fr","10":"product_tag-planet-waves-guitar-peg-winder-fr","11":"product_tag-tour-grade-peg-winder-fr","12":"sales-flash-overlay","13":"woocommerce-text-align-left","14":"woocommerce-image-align-center","15":"do-quantity-buttons","16":"wc-has-gallery","18":"first","19":"instock","20":"taxable","21":"shipping-taxable","22":"purchasable","23":"product-type-simple"},"_links":{"self":[{"href":"https:\/\/www.grandsalondeguitare.com\/fr\/wp-json\/wp\/v2\/product\/53006","targetHints":{"allow":["GET"]}}],"collection":[{"href":"https:\/\/www.grandsalondeguitare.com\/fr\/wp-json\/wp\/v2\/product"}],"about":[{"href":"https:\/\/www.grandsalondeguitare.com\/fr\/wp-json\/wp\/v2\/types\/product"}],"replies":[{"embeddable":true,"href":"https:\/\/www.grandsalondeguitare.com\/fr\/wp-json\/wp\/v2\/comments?post=53006"}],"wp:featuredmedia":[{"embeddable":true,"href":"https:\/\/www.grandsalondeguitare.com\/fr\/wp-json\/wp\/v2\/media\/53012"}],"wp:attachment":[{"href":"https:\/\/www.grandsalondeguitare.com\/fr\/wp-json\/wp\/v2\/media?parent=53006"}],"wp:term":[{"taxonomy":"product_brand","embeddable":true,"href":"https:\/\/www.grandsalondeguitare.com\/fr\/wp-json\/wp\/v2\/product_brand?post=53006"},{"taxonomy":"product_cat","embeddable":true,"href":"https:\/\/www.grandsalondeguitare.com\/fr\/wp-json\/wp\/v2\/product_cat?post=53006"},{"taxonomy":"product_tag","embeddable":true,"href":"https:\/\/www.grandsalondeguitare.com\/fr\/wp-json\/wp\/v2\/product_tag?post=53006"}],"curies":[{"name":"wp","href":"https:\/\/api.w.org\/{rel}","templated":true}]}}