{"id":52939,"date":"2024-11-07T10:44:03","date_gmt":"2024-11-07T15:44:04","guid":{"rendered":"https:\/\/www.grandsalondeguitare.com\/?post_type=product&#038;p=52939"},"modified":"2024-12-28T15:27:10","modified_gmt":"2024-12-28T20:27:10","slug":"c-720-otto-vowinkel-amsterdam-copy-3","status":"publish","type":"product","link":"https:\/\/www.grandsalondeguitare.com\/fr\/produit\/c-720-otto-vowinkel-amsterdam-copy-3\/","title":{"rendered":"C-783, Otto Vowinkel (Amsterdam)"},"content":{"rendered":"<p>Nouvelle guitare classique de concert<\/p>\n<p>Fabriqu\u00e9 en 2024<\/p>\n<p>\u00c9chelle de 650\u00a0mm avec sillet de 52\u00a0mm<\/p>\n<p>Table en \u00e9pic\u00e9a europ\u00e9en<\/p>\n<p>Fond et \u00e9clisses en palissandre Br\u00e9silien<\/p>\n<p>Manche en c\u00e8dre du Honduras<\/p>\n<p>Touche en \u00e9b\u00e8ne<\/p>\n<p>T\u00eate et chevalet en palissandre Br\u00e9silien<\/p>\n<p>M\u00e9caniques Alessi avec boutons en bois de serpent<\/p>\n<p>Finition au tampon en polis Fran\u00e7ais<\/p>\n<p>\u00c9tui Hiscox Litflite ProII inclus<\/p>\n<p>&nbsp;<\/p>\n<p>Le poids de la guitare est de 1,50 kg \/ 3,306 lbs<\/p>\n<p>La longueur totale de la guitare est de 98 cm \/ 38,58 pouces<\/p>\n<p>La longueur du corps est de 47 cm \/ 18,50 pouces<\/p>\n<p>Le bout sup\u00e9rieur mesure 26,5 cm \/ 10,43 pouces<\/p>\n<p>Le bout inf\u00e9rieur est de 36 cm \/ 14,17 pouces<\/p>\n<p>La profondeur du corps est de 9,5 cm\/ 3,74 pouces<\/p>\n<p>&nbsp;<\/p>\n<p>***Nous sommes fiers d&rsquo;\u00eatre le revendeur canadien exclusif des guitares Otto Vowinkel ***<\/p>\n<p>&nbsp;<\/p>\n<div id=\"erdyt-6a008c27bcda9\" data-id=\"5fpfBM29aNA\" class=\"erd-youtube-responsive\" style=\"display:block;position:relative;clear:both;width:100%;max-width:800px;margin-left:auto;margin-right:auto;\"><div style=\"padding-bottom:56.25%;\"><div class=\"erd-ytplay\" id=\"erdytp-5fpfBM29aNA-6a008c27bcda9\" data-vid=\"5fpfBM29aNA\"   data-src=\"https:\/\/www.youtube.com\/embed\/5fpfBM29aNA?loop=1&#038;autoplay=1&#038;rel=0\" data-allowfullscreen=\"true\"><img decoding=\"async\" src=\"https:\/\/i.ytimg.com\/vi\/5fpfBM29aNA\/hqdefault.jpg\" alt=\"YouTube Video\" \/><\/div><\/div><\/div>\n<p>&nbsp;<\/p>\n<p>Otto Vowinkel\u00a0est un nom bien connu dans le monde de la guitare classique, un luthier renomm\u00e9 avec des clients dans le monde entier&#8230; Un luthier avec une grande attention aux d\u00e9tails et une forte pr\u00e9f\u00e9rence pour les guitares de construction traditionnelle.<\/p>\n<p>Ses instruments sont physiquement l\u00e9gers, incroyablement faciles \u00e0 jouer, ultra-r\u00e9actifs et tr\u00e8s puissants. Ses guitares ont des qualit\u00e9s sonores exceptionnelles, une uniformit\u00e9 de la couleur sonore et une intonation parfaite.<\/p>\n<p>Ses guitares de concert sont enti\u00e8rement polies \u00e0 la fran\u00e7aise avec une finition gomme laque. Le design unique de la rosace pr\u00e9sente des chevrons dans les filets entourant la mosa\u00efque, qui est le motif que l&rsquo;on retrouve dans le drapeau de la ville d&rsquo;Amsterdam. La poup\u00e9e est sculpt\u00e9e d&rsquo;apr\u00e8s la fa\u00e7ade de son atelier.<\/p>\n<p>Otto Vowinkel est n\u00e9 et a grandi dans une famille de tailleurs du vieux centre d&rsquo;Amsterdam. \u00c0 l&rsquo;\u00e2ge de 19 ans, il part \u00e0 Majorque, en Espagne, o\u00f9 il travaille dans un bar pendant 2 ans. De retour aux Pays-Bas, il ouvre son propre bar et restaurant. C&rsquo;est \u00e0 cette \u00e9poque qu&rsquo;il commence \u00e0 jouer de la guitare classique.<\/p>\n<p>En plus d&rsquo;enseigner \u00e0 ses \u00e9l\u00e8ves comment jouer de la guitare, le professeur de guitare d&rsquo;Otto, Carlo Mell, effectuait \u00e9galement des travaux de r\u00e9paration sur des guitares. Otto a trouv\u00e9 cela tr\u00e8s int\u00e9ressant et cela l\u2019a incit\u00e9 \u00e0 commencer \u00e0 fabriquer lui-m\u00eame des guitares. Il quitte la restauration, ach\u00e8te un tas de bois, une scie, un ciseau, un pot de colle et le livre \u00ab Classical Guitar Construction \u00bb d&rsquo;Irving Sloane, et commence \u00e0 fabriquer sa premi\u00e8re guitare dans le grenier de sa maison, en utilisant un ancienne table de billard comme \u00e9tabli. C&rsquo;\u00e9tait en 1984.<\/p>\n<p>Apr\u00e8s six mois de pers\u00e9v\u00e9rance et de nuits blanches, il a r\u00e9ussi \u00e0 cr\u00e9er quelque chose qui avait la forme d&rsquo;une guitare. Encourag\u00e9 par le r\u00e9sultat, il se lance dans le suivant. Il n&rsquo;avait pas de professeur mais montrait son dernier sp\u00e9cimen \u00e0 tous ceux qui avaient quelque chose \u00e0 voir avec la guitare. En gardant leurs commentaires \u00e0 l&rsquo;esprit, il a commenc\u00e9 \u00e0 construire son prochain, et ainsi de suite\u2026<\/p>\n<p><img loading=\"lazy\" decoding=\"async\" class=\"alignright wp-image-5474 size-full\" title=\"OttoBio2\" src=\"https:\/\/www.guitarsalon.com\/wp-content\/uploads\/2012\/11\/OttoBio2.jpg\" sizes=\"auto, (max-width: 307px) 100vw, 307px\" srcset=\"https:\/\/www.guitarsalon.com\/wp-content\/uploads\/2012\/11\/OttoBio2.jpg 307w, https:\/\/www.guitarsalon.com\/wp-content\/uploads\/2012\/11\/OttoBio2-230x300.jpg 230w\" alt=\"\" width=\"307\" height=\"400\" \/><\/p>\n<p>Cela s\u2019est av\u00e9r\u00e9 \u00eatre une m\u00e9thode parfaite.<\/p>\n<p>En 1989, il rencontre sa future \u00e9pouse, la guitariste n\u00e9erlandaise Esther Steenbergen, ainsi que le luthier n\u00e9erlandais andalou Alex van der Horst, plus connu sous le nom d&rsquo;\u00ab Alejandro \u00bb (1959-2009), avec qui il commence \u00e0 travailler r\u00e9guli\u00e8rement au cours de la p\u00e9riode. p\u00e9riodes o\u00f9 Alex a r\u00e9sid\u00e9 en Hollande. Ils ont partag\u00e9 leurs id\u00e9es sur \u00ab la guitare id\u00e9ale \u00bb : un son flexible, une r\u00e9ponse rapide et la qualit\u00e9 du son comme vecteur de volume.<\/p>\n<p>Dans les ann\u00e9es qui suivirent, Otto Vowinkel devint un luthier dot\u00e9 d&rsquo;un grand sens du d\u00e9tail et d&rsquo;une forte pr\u00e9f\u00e9rence pour les instruments de construction traditionnelle. Petit \u00e0 petit, il est devenu un nom connu dans le monde de la guitare classique avec des clients du monde entier.<\/p>\n<p>Tous ses instruments de concert sont polis \u00e0 la fran\u00e7aise, une m\u00e9thode traditionnelle de polissage \u00e0 la gomme-laque. Il en a fait une \u00e9tude approfondie et on lui demande aujourd&rsquo;hui de donner des conf\u00e9rences et des ateliers sur ce sujet. Pour ses instruments, il utilise des mat\u00e9riaux \u00ab habituels \u00bb comme l\u2019\u00e9pic\u00e9a allemand et le c\u00e8dre canadien pour la table et diff\u00e9rentes sortes de palissandre pour le fond et les \u00e9clisses. Derni\u00e8rement, il utilise \u00e9galement du cocobolo pour le fond et les \u00e9clisses ainsi que de l&rsquo;\u00e9rable. Dans sa rosace, il traite le drapeau de la ville d&rsquo;Amsterdam. Outre les guitares de concert classiques, il fabrique \u00e9galement des guitares flamenco, des guitares quart et des guitares quinte basse, un instrument accord\u00e9 une quinte parfaite plus bas qu&rsquo;une guitare standard. Cette guitare a un corps plus large et un diapason de 72 cm. Il est parfait pour une utilisation en ensemble, pour \u00e9largir la gamme des transcriptions pour duo, trio, etc. ou pour certains r\u00e9pertoires de violoncelle, comme l&rsquo;a fait Esther Steenbergen avec les suites pour violoncelle de Jean-S\u00e9bastien Bach.<\/p>\n<p><img loading=\"lazy\" decoding=\"async\" class=\"alignleft wp-image-5475 size-full\" title=\"OttoBio3\" src=\"https:\/\/www.guitarsalon.com\/wp-content\/uploads\/2012\/11\/OttoBio3.jpg\" alt=\"\" width=\"300\" height=\"200\" \/>Les musiciens jouant des guitares Vowinkel comprennent des guitaristes classiques comme le trio de guitares d&rsquo;Amsterdam, <a title=\"Player Spotlight: Sanel Redzic\" href=\"https:\/\/www.guitarsalon.com\/blog\/?p=11609\">Sanel Redzic<\/a>, Denis Azabagic, <a title=\"Recording Artist: George Sakellariou\" href=\"http:\/\/www.guitarsalon.com\/blog\/?p=7452\" target=\"_blank\" rel=\"noopener noreferrer\">George Sakellariou<\/a>&#8230;<\/p>\n<p>\u00c9galement des guitaristes du monde du jazz et de la sc\u00e8ne du tango comme Leonardo Amuedo, Ernesto Snajer, Nelson Faria, Julio Cobelli, appr\u00e9cient les instruments de ce luthier extraordinaire.<\/p>\n<p>Otto vit toujours au centre d&rsquo;Amsterdam. En plus de construire des guitares, il dirige la prestigieuse s\u00e9rie de concerts \u00ab Masters of the guitar \u00bb au sein du c\u00e9l\u00e8bre \u00ab Concertgebow \u00bb avec Esther, son \u00e9pouse.<\/p>\n","protected":false},"excerpt":{"rendered":"[youtube v=ceYDy_goLpk maxwidth=\"800px\"]\n<p>&nbsp;<\/p>\n<p>Otto Vowinkel\u00a0est un nom bien connu dans le monde de la guitare classique; un luthier renomm\u00e9 avec une grande attention aux d\u00e9tails et une forte pr\u00e9f\u00e9rence pour les guitares de construction traditionnelle.<\/p>\n<p>Cette nouvelle guitare a d\u00e9j\u00e0 une belle voix chantante qui hypnotisera tous les publics&#8230; offrant un excellent \u00e9quilibre, s\u00e9paration des notes et sustain !!! Excellente jouabilit\u00e9 avec une projection de niveau concert&#8230;<\/p>\n<p>Un set incroyable de palissandre br\u00e9silien et table en \u00e9pic\u00e9a europ\u00e9en au grain tr\u00e8s serr\u00e9\u00a0!!!<\/p>\n<p><span style=\"font-size: inherit;\">Un essaie s&rsquo;impose !!!<\/span><\/p>\n","protected":false},"featured_media":52941,"comment_status":"closed","ping_status":"closed","template":"","meta":{"_mo_disable_npp":""},"product_brand":[],"product_cat":[1058,1057],"product_tag":[1174,1175,1176,1177],"class_list":{"0":"post-52939","1":"product","2":"type-product","3":"status-publish","4":"has-post-thumbnail","6":"product_cat-guitares","7":"product_cat-guitares-classique","8":"product_tag-otto-vowinkel-guitars-fr","9":"product_tag-otto-vowinkel-luthier-amsterdam-fr","10":"product_tag-vowinkel-1a-concert-models-fr","11":"product_tag-vowinkel-concert-classical-guitars-fr","12":"sales-flash-overlay","13":"woocommerce-text-align-left","14":"woocommerce-image-align-center","15":"do-quantity-buttons","16":"wc-has-gallery","18":"first","19":"outofstock","20":"taxable","21":"shipping-taxable","22":"product-type-simple"},"_links":{"self":[{"href":"https:\/\/www.grandsalondeguitare.com\/fr\/wp-json\/wp\/v2\/product\/52939","targetHints":{"allow":["GET"]}}],"collection":[{"href":"https:\/\/www.grandsalondeguitare.com\/fr\/wp-json\/wp\/v2\/product"}],"about":[{"href":"https:\/\/www.grandsalondeguitare.com\/fr\/wp-json\/wp\/v2\/types\/product"}],"replies":[{"embeddable":true,"href":"https:\/\/www.grandsalondeguitare.com\/fr\/wp-json\/wp\/v2\/comments?post=52939"}],"wp:featuredmedia":[{"embeddable":true,"href":"https:\/\/www.grandsalondeguitare.com\/fr\/wp-json\/wp\/v2\/media\/52941"}],"wp:attachment":[{"href":"https:\/\/www.grandsalondeguitare.com\/fr\/wp-json\/wp\/v2\/media?parent=52939"}],"wp:term":[{"taxonomy":"product_brand","embeddable":true,"href":"https:\/\/www.grandsalondeguitare.com\/fr\/wp-json\/wp\/v2\/product_brand?post=52939"},{"taxonomy":"product_cat","embeddable":true,"href":"https:\/\/www.grandsalondeguitare.com\/fr\/wp-json\/wp\/v2\/product_cat?post=52939"},{"taxonomy":"product_tag","embeddable":true,"href":"https:\/\/www.grandsalondeguitare.com\/fr\/wp-json\/wp\/v2\/product_tag?post=52939"}],"curies":[{"name":"wp","href":"https:\/\/api.w.org\/{rel}","templated":true}]}}