{"id":52849,"date":"2024-11-04T13:50:01","date_gmt":"2024-11-04T18:50:01","guid":{"rendered":"https:\/\/www.grandsalondeguitare.com\/?post_type=product&#038;p=52849"},"modified":"2024-11-04T14:21:20","modified_gmt":"2024-11-04T19:21:20","slug":"a-383-guitarlift-one-for-all","status":"publish","type":"product","link":"https:\/\/www.grandsalondeguitare.com\/fr\/produit\/a-383-guitarlift-one-for-all\/","title":{"rendered":"A-383, Guitarlift One For All"},"content":{"rendered":"<p>Nouveau Guitarlift One For All<\/p>\n<p>Apr\u00e8s plus d&rsquo;une d\u00e9cennie de feedback intensif, de pratique de jeu, de bricolage et de recherche de mat\u00e9riaux, nous sommes fiers de vous pr\u00e9senter notre mod\u00e8le ultime : le \u00ab One For All \u00bb. Ce support est fait pour chaque application et promet une fiabilit\u00e9 sans faille. Gr\u00e2ce \u00e0 la ventouse suppl\u00e9mentaire librement mobile qui se fixe sur le c\u00f4t\u00e9 de la guitare, le \u00ab One For All \u00bb s&rsquo;adapte parfaitement \u00e0 toutes les formes de guitare et \u00e0 toutes les postures.<\/p>\n<p>La vis de blocage manuelle garantit que les ventouses ne bougent pas les unes les autres. Peu importe la fa\u00e7on dont vous jouez ou rangez la guitare, le \u00ab One For All \u00bb restera sur l&rsquo;instrument.<\/p>\n<p>Un autre argument en faveur de la nouvelle construction est l&rsquo;axe de mouvement suppl\u00e9mentaire, qui permet d&rsquo;utiliser le Guitarlift sans effort sur les guitares \u00e0 dos courb\u00e9 ainsi que sur la plupart des guitares \u00e9lectriques. Le choix parfait pour tous les guitaristes qui ne veulent pas faire de compromis et recherchent une solution pour tout.<\/p>\n<p>Le \u00ab One For All \u00bb est d\u00e9j\u00e0 livr\u00e9 avec Cutaway et Widecut et peut \u00eatre utilis\u00e9 pour presque toutes les formes de corps et m\u00eame pour des positions de jeu inhabituelles.<\/p>\n<p>Ce mod\u00e8le est fabriqu\u00e9 en Perspex\u00ae transparent de 6 mm d&rsquo;\u00e9paisseur, un verre acrylique tremp\u00e9 moderne et extr\u00eamement durable, qui est encore plus stable que le Plexiglas\u00ae de 4 mm des mod\u00e8les Professional-Line. Le verre acrylique est dot\u00e9 d&rsquo;un rev\u00eatement noir mat antireflet lors d&rsquo;une \u00e9tape suppl\u00e9mentaire.<\/p>\n<p>Le \u00ab One For All \u00bb est ainsi la solution polyvalente absolument sans souci pour les musiciens de sc\u00e8ne et tous ceux qui souhaitent une qualit\u00e9 sans compromis. Le mat\u00e9riau de fabrication \u00e9labor\u00e9e et extr\u00eamement r\u00e9sistant \u00e0 la torsion est particuli\u00e8rement adapt\u00e9 aux positions de jeu tr\u00e8s hautes. Tous les mat\u00e9riaux sont soumis \u00e0 des contr\u00f4les de qualit\u00e9 approfondis et constants et sont fabriqu\u00e9s en coop\u00e9ration avec des entreprises de l&rsquo;industrie automobile allemande.<\/p>\n<p>Sp\u00e9cifications du produit<\/p>\n<p>Le poids de l&rsquo;article est de 674 grammes<\/p>\n<p>Dimensions de l&rsquo;article 37,5 x 22,5 cm<\/p>\n<p>Coupe des jambes 25 cm<\/p>\n<p>Contenu de la livraison<\/p>\n<p>Chaque paquet contient un Guitarlift\u00ae enti\u00e8rement assembl\u00e9, ainsi que des cl\u00e9s et un manuel. Pour le fixer solidement sur des bois \u00e0 pores ouverts et\/ou des guitares \u00e0 finition mate, vous pouvez commander un jeu de tampons de film autocollants dans notre boutique en ligne.<\/p>\n<p>La troisi\u00e8me ventouse incluse peut \u00eatre mont\u00e9e sur le c\u00f4t\u00e9 inf\u00e9rieur droit pour une adh\u00e9rence encore plus rigide.<\/p>\n<p>Cependant, cela perdra l&rsquo;axe de mouvement suppl\u00e9mentaire. Habituellement, deux ventouses suffisent.<\/p>\n<p>Les films ne sont n\u00e9cessaires QUE sur les surfaces \u00e0 pores ouverts\/ou les guitares laqu\u00e9es mates, car l&rsquo;air p\u00e9n\u00e8tre sous la ventouse \u00e0 travers les pores et se d\u00e9tache ensuite. Les guitares huil\u00e9es et laqu\u00e9es mates et les dos de guitare avec des finitions de laque anciennes et us\u00e9es sont poreux au four.<\/p>\n<p>Cela peut \u00e9galement s&rsquo;appliquer au vernis fran\u00e7ais, car ce type de vernis est sensible \u00e0 l&rsquo;humidit\u00e9 (transpiration) et \u00e0 l&rsquo;abrasion m\u00e9canique. Vous n&rsquo;avez pas besoin de films sur un bon vernis fran\u00e7ais neuf.<\/p>\n<p>Veuillez consulter un luthier avant de choisir de les mettre sur votre guitare.<\/p>\n<p>** Le jeu de tampons de film auto-adh\u00e9sifs n&rsquo;est PAS INCLUS**<\/p>\n<p>*** Les jeux de tampons de film adh\u00e9sif peuvent \u00eatre command\u00e9s s\u00e9par\u00e9ment sur notre site ***<\/p>\n<p><iframe loading=\"lazy\" title=\"Here is our new \u201cOne For All\u201d Guitarlift model! #guitar #newrelease\" width=\"1200\" height=\"675\" src=\"https:\/\/www.youtube.com\/embed\/KaHweNplyT4?start=3&#038;feature=oembed\" frameborder=\"0\" allow=\"accelerometer; autoplay; clipboard-write; encrypted-media; gyroscope; picture-in-picture; web-share\" referrerpolicy=\"strict-origin-when-cross-origin\" allowfullscreen><\/iframe><\/p>\n","protected":false},"excerpt":{"rendered":"<p>Apr\u00e8s plus d&rsquo;une d\u00e9cennie de feedback intensif, de pratique de jeu, de bricolage et de recherche de mat\u00e9riaux, nous sommes fiers de vous pr\u00e9senter notre mod\u00e8le ultime : le \u00ab One For All \u00bb.<\/p>\n<p>Ce support est con\u00e7u pour chaque application et promet une fiabilit\u00e9 \u00e0 toute \u00e9preuve. Gr\u00e2ce \u00e0 la ventouse suppl\u00e9mentaire librement mobile qui se fixe sur le c\u00f4t\u00e9 de la guitare, le \u00ab One For All \u00bb s&rsquo;adapte parfaitement \u00e0 toutes les formes de guitare et \u00e0 toutes les postures.<\/p>\n<p>Le \u00ab One For All \u00bb est d\u00e9j\u00e0 livr\u00e9 avec Cutaway et Widecut et peut \u00eatre utilis\u00e9 pour presque toutes les formes de corps et m\u00eame pour les positions de jeu les plus inhabituelles.<\/p>\n","protected":false},"featured_media":52854,"comment_status":"open","ping_status":"closed","template":"","meta":{"_mo_disable_npp":""},"product_brand":[],"product_cat":[1052,1069],"product_tag":[],"class_list":{"0":"post-52849","1":"product","2":"type-product","3":"status-publish","4":"has-post-thumbnail","6":"product_cat-accessoires","7":"product_cat-supports-pour-guitare","8":"sales-flash-overlay","9":"woocommerce-text-align-left","10":"woocommerce-image-align-center","11":"do-quantity-buttons","12":"wc-has-gallery","14":"first","15":"instock","16":"taxable","17":"shipping-taxable","18":"purchasable","19":"product-type-simple"},"_links":{"self":[{"href":"https:\/\/www.grandsalondeguitare.com\/fr\/wp-json\/wp\/v2\/product\/52849","targetHints":{"allow":["GET"]}}],"collection":[{"href":"https:\/\/www.grandsalondeguitare.com\/fr\/wp-json\/wp\/v2\/product"}],"about":[{"href":"https:\/\/www.grandsalondeguitare.com\/fr\/wp-json\/wp\/v2\/types\/product"}],"replies":[{"embeddable":true,"href":"https:\/\/www.grandsalondeguitare.com\/fr\/wp-json\/wp\/v2\/comments?post=52849"}],"wp:featuredmedia":[{"embeddable":true,"href":"https:\/\/www.grandsalondeguitare.com\/fr\/wp-json\/wp\/v2\/media\/52854"}],"wp:attachment":[{"href":"https:\/\/www.grandsalondeguitare.com\/fr\/wp-json\/wp\/v2\/media?parent=52849"}],"wp:term":[{"taxonomy":"product_brand","embeddable":true,"href":"https:\/\/www.grandsalondeguitare.com\/fr\/wp-json\/wp\/v2\/product_brand?post=52849"},{"taxonomy":"product_cat","embeddable":true,"href":"https:\/\/www.grandsalondeguitare.com\/fr\/wp-json\/wp\/v2\/product_cat?post=52849"},{"taxonomy":"product_tag","embeddable":true,"href":"https:\/\/www.grandsalondeguitare.com\/fr\/wp-json\/wp\/v2\/product_tag?post=52849"}],"curies":[{"name":"wp","href":"https:\/\/api.w.org\/{rel}","templated":true}]}}