{"id":52817,"date":"2024-10-30T12:14:28","date_gmt":"2024-10-30T17:14:28","guid":{"rendered":"https:\/\/www.grandsalondeguitare.com\/?post_type=product&#038;p=52817"},"modified":"2024-10-30T12:26:42","modified_gmt":"2024-10-30T17:26:42","slug":"a-138-henriksen-blu-ten-copy","status":"publish","type":"product","link":"https:\/\/www.grandsalondeguitare.com\/fr\/produit\/a-138-henriksen-blu-ten-copy\/","title":{"rendered":"A-382, Cabinet Henriksen TEN"},"content":{"rendered":"<p>Le cabinet d&rsquo;extension passif TEN est le moyen id\u00e9al pour ajouter un peu plus de son \u00e0 votre amplificateur combo Henriksen ou pour une utilisation avec l&rsquo;une de nos t\u00eates.<\/p>\n<p>La conception ferm\u00e9e \u00e0 l&rsquo;arri\u00e8re et \u00e0 \u00e9vent frontal optimise la gestion des basses fr\u00e9quences et la tonalit\u00e9, et le tweeter d\u00e9sactivable vous permet de faire ressortir des tons acoustiques plus naturels de votre instrument.<\/p>\n<p>&nbsp;<\/p>\n<p>Sp\u00e9cifications\u00a0:<\/p>\n<p>18 livres<\/p>\n<p>14&Prime; x 14&Prime; x 10&Prime;<\/p>\n<p>8 ohms, 250 watts<\/p>\n<p>Enceinte Eminence Beta 10&Prime;<\/p>\n<p>Tweeter<\/p>\n<p>Sac de transport inclus\u00a0!<\/p>\n","protected":false},"excerpt":{"rendered":"<p>Le cabinet d&rsquo;extension passif TEN est le moyen id\u00e9al pour ajouter un peu plus de son \u00e0 votre amplificateur combo Henriksen ou pour une utilisation avec l&rsquo;une de nos t\u00eates.<\/p>\n<p>La conception ferm\u00e9e \u00e0 l&rsquo;arri\u00e8re et \u00e0 \u00e9vent frontal optimise la gestion des basses fr\u00e9quences et la tonalit\u00e9, et le tweeter d\u00e9sactivable vous permet de faire ressortir des tons acoustiques plus naturels de votre instrument.<\/p>\n<p>Sac de transport inclus\u00a0!<\/p>\n<p>&nbsp;<\/p>\n","protected":false},"featured_media":52825,"comment_status":"closed","ping_status":"closed","template":"","meta":{"_mo_disable_npp":""},"product_brand":[],"product_cat":[1052,1277],"product_tag":[1615],"class_list":{"0":"post-52817","1":"product","2":"type-product","3":"status-publish","4":"has-post-thumbnail","6":"product_cat-accessoires","7":"product_cat-amplificateurs","8":"product_tag-montreal-canada-henriksen-amps-fr","9":"sales-flash-overlay","10":"woocommerce-text-align-left","11":"woocommerce-image-align-center","12":"do-quantity-buttons","13":"wc-has-gallery","15":"first","16":"onbackorder","17":"taxable","18":"shipping-taxable","19":"purchasable","20":"product-type-simple"},"_links":{"self":[{"href":"https:\/\/www.grandsalondeguitare.com\/fr\/wp-json\/wp\/v2\/product\/52817","targetHints":{"allow":["GET"]}}],"collection":[{"href":"https:\/\/www.grandsalondeguitare.com\/fr\/wp-json\/wp\/v2\/product"}],"about":[{"href":"https:\/\/www.grandsalondeguitare.com\/fr\/wp-json\/wp\/v2\/types\/product"}],"replies":[{"embeddable":true,"href":"https:\/\/www.grandsalondeguitare.com\/fr\/wp-json\/wp\/v2\/comments?post=52817"}],"wp:featuredmedia":[{"embeddable":true,"href":"https:\/\/www.grandsalondeguitare.com\/fr\/wp-json\/wp\/v2\/media\/52825"}],"wp:attachment":[{"href":"https:\/\/www.grandsalondeguitare.com\/fr\/wp-json\/wp\/v2\/media?parent=52817"}],"wp:term":[{"taxonomy":"product_brand","embeddable":true,"href":"https:\/\/www.grandsalondeguitare.com\/fr\/wp-json\/wp\/v2\/product_brand?post=52817"},{"taxonomy":"product_cat","embeddable":true,"href":"https:\/\/www.grandsalondeguitare.com\/fr\/wp-json\/wp\/v2\/product_cat?post=52817"},{"taxonomy":"product_tag","embeddable":true,"href":"https:\/\/www.grandsalondeguitare.com\/fr\/wp-json\/wp\/v2\/product_tag?post=52817"}],"curies":[{"name":"wp","href":"https:\/\/api.w.org\/{rel}","templated":true}]}}