{"id":52514,"date":"2024-10-07T14:23:40","date_gmt":"2024-10-07T19:23:40","guid":{"rendered":"https:\/\/www.grandsalondeguitare.com\/?post_type=product&#038;p=52514"},"modified":"2024-11-15T12:24:49","modified_gmt":"2024-11-15T17:24:49","slug":"c-748-simon-marty-australie-copy","status":"publish","type":"product","link":"https:\/\/www.grandsalondeguitare.com\/fr\/produit\/c-748-simon-marty-australie-copy\/","title":{"rendered":"C-778, Dan Kellaway (Australie)"},"content":{"rendered":"<p>Guitare classique de concert<\/p>\n<p>Termin\u00e9e le 27 septembre 2024<\/p>\n<p>\u00c9chelle de 650 mm avec largeur de sillet de 52 mm<\/p>\n<p>Table en \u00e9pic\u00e9a des Carpates avec barrage \u00ab\u00a0lattice\u00a0\u00bb tout en bois<\/p>\n<p>Dos et \u00e9clisses en palissandre Br\u00e9silien<\/p>\n<p>Le dos est moul\u00e9 en arche avec noyau en c\u00e8dre<\/p>\n<p>Les \u00e9clisses sont lamin\u00e9es en 5 couches<\/p>\n<p>Manche en c\u00e8dre Cubain<\/p>\n<p>Touche en \u00e9b\u00e8ne Indien noir<\/p>\n<p>Plaque de la t\u00eate et chevalet en palissandre Br\u00e9silien<\/p>\n<p>Le chevalet est construit dans le style Gilbert avec un bloc d&rsquo;attaches \u00e0 12 trous<\/p>\n<p>Accoudoir en palissandre Australien<\/p>\n<p>M\u00e9caniques Der Jung 103 avec rapport de d\u00e9multiplication de 18:1 et rouleaux arri\u00e8re<\/p>\n<p>Les doublures sont en acajou rainur\u00e9 sur le dos et 3 couches d&rsquo;\u00e9rable courb\u00e9 \u00e0 la vapeur pour la table<\/p>\n<p>Finition enti\u00e8rement laqu\u00e9e<\/p>\n<p>\u00c9tui rigide Torque en ABS inclus<\/p>\n<p>&nbsp;<\/p>\n<p>La longueur totale de la guitare est de 100 cm \/ 39,3 pouces<\/p>\n<p>La longueur du corps est de 48 cm \/ 18,8976 pouces<\/p>\n<p>La partie sup\u00e9rieure mesure 29 cm \/ 11,41 pouces<\/p>\n<p>La partie inf\u00e9rieure mesure 37,5 cm \/ 14,76 pouces<\/p>\n<p>La largeur est de 10,4 cm \/ 4,09 pouces<\/p>\n<p>Le poids de la guitare est de 2,10 kg \/ 4,629 livres<\/p>\n<p>&nbsp;<\/p>\n<p>Parfois d\u00e9crit comme un croisement entre un Simon Marty et un Greg Smallman, Dan Kellaway construit des instruments \u00e0 dos arqu\u00e9 avec renfort en treillis \u00ab\u00a0lattice\u00a0\u00bb, mais utilise le m\u00eame bois que la table d&rsquo;harmonie pour le renfort, par opposition au balsa renforc\u00e9 de fibres de carbone plus courant.<\/p>\n<p>Le r\u00e9sultat est un caract\u00e8re plus \u00ab bois\u00e9 \u00bb avec des couleurs de tons plus traditionnelles sur les cordes mais avec l&rsquo;uniformit\u00e9 et la sensibilit\u00e9 d&rsquo;une barrage \u00ab\u00a0lattice\u00a0\u00bb<\/p>\n","protected":false},"excerpt":{"rendered":"[youtube v=-fU-svlOMIg maxwidth=\"800px\"]\n<p>&nbsp;<\/p>\n<p>Directement d&rsquo;Australie,\u00a0Notre premi\u00e8re guitare Dan Kellaway est arriv\u00e9e !!!<\/p>\n<p>Une guitare de concert au son et \u00e0 l&rsquo;apparence incroyables, avec une voix chantante, une projection et un sustain tr\u00e8s attrayants !!!<\/p>\n<p>Parfois d\u00e9crit comme un croisement entre un Simon Marty et un Greg Smallman, Dan construit des instruments \u00e0 dos arqu\u00e9 avec renfort en treillis \u00ab\u00a0lattice\u00a0\u00bb mais utilise le m\u00eame bois que la table d&rsquo;harmonie pour les barrages, par opposition au balsa renforc\u00e9 de fibres de carbone plus courant&#8230;<\/p>\n<p>Le r\u00e9sultat est un caract\u00e8re plus \u00ab bois\u00e9 \u00bb avec des couleurs de tons plus traditionnelles sur les cordes mais avec l&rsquo;uniformit\u00e9 et la sensibilit\u00e9 d&rsquo;une barrage \u00ab\u00a0lattice\u00a0\u00bb<\/p>\n","protected":false},"featured_media":52518,"comment_status":"closed","ping_status":"closed","template":"","meta":{"_mo_disable_npp":""},"product_brand":[],"product_cat":[1058,1057],"product_tag":[],"class_list":{"0":"post-52514","1":"product","2":"type-product","3":"status-publish","4":"has-post-thumbnail","6":"product_cat-guitares","7":"product_cat-guitares-classique","8":"sales-flash-overlay","9":"woocommerce-text-align-left","10":"woocommerce-image-align-center","11":"do-quantity-buttons","12":"wc-has-gallery","14":"first","15":"outofstock","16":"sold-individually","17":"taxable","18":"shipping-taxable","19":"product-type-simple"},"_links":{"self":[{"href":"https:\/\/www.grandsalondeguitare.com\/fr\/wp-json\/wp\/v2\/product\/52514","targetHints":{"allow":["GET"]}}],"collection":[{"href":"https:\/\/www.grandsalondeguitare.com\/fr\/wp-json\/wp\/v2\/product"}],"about":[{"href":"https:\/\/www.grandsalondeguitare.com\/fr\/wp-json\/wp\/v2\/types\/product"}],"replies":[{"embeddable":true,"href":"https:\/\/www.grandsalondeguitare.com\/fr\/wp-json\/wp\/v2\/comments?post=52514"}],"wp:featuredmedia":[{"embeddable":true,"href":"https:\/\/www.grandsalondeguitare.com\/fr\/wp-json\/wp\/v2\/media\/52518"}],"wp:attachment":[{"href":"https:\/\/www.grandsalondeguitare.com\/fr\/wp-json\/wp\/v2\/media?parent=52514"}],"wp:term":[{"taxonomy":"product_brand","embeddable":true,"href":"https:\/\/www.grandsalondeguitare.com\/fr\/wp-json\/wp\/v2\/product_brand?post=52514"},{"taxonomy":"product_cat","embeddable":true,"href":"https:\/\/www.grandsalondeguitare.com\/fr\/wp-json\/wp\/v2\/product_cat?post=52514"},{"taxonomy":"product_tag","embeddable":true,"href":"https:\/\/www.grandsalondeguitare.com\/fr\/wp-json\/wp\/v2\/product_tag?post=52514"}],"curies":[{"name":"wp","href":"https:\/\/api.w.org\/{rel}","templated":true}]}}