{"id":52453,"date":"2024-10-02T13:50:43","date_gmt":"2024-10-02T18:50:43","guid":{"rendered":"https:\/\/www.grandsalondeguitare.com\/?post_type=product&#038;p=52453"},"modified":"2025-10-21T09:15:55","modified_gmt":"2025-10-21T14:15:55","slug":"c-665-jeff-sigurdson-canada-copy","status":"publish","type":"product","link":"https:\/\/www.grandsalondeguitare.com\/fr\/produit\/c-665-jeff-sigurdson-canada-copy\/","title":{"rendered":"C-777, Jeff Sigurdson (Canada)"},"content":{"rendered":"<p>Guitar Classique De Concert<\/p>\n<p>Guitare N-611<\/p>\n<p>Fabriqu\u00e9 en 2024<\/p>\n<p>\u00c9chelle de 650 mm avec sillet de\u00a052mm<\/p>\n<p>Espacement des cordes au chevalet 58mm<\/p>\n<p>Double Table<\/p>\n<p>Epic\u00e9a\/c\u00e8dre avec noyau int\u00e9rieur en Balsa<\/p>\n<p>Fond et \u00e9clisses en palissandre Indien<\/p>\n<p>Les c\u00f4t\u00e9s sont doubl\u00e9s a l&rsquo;interieur avec de l&rsquo;\u00e9rable<\/p>\n<p>Manche sur\u00e9lev\u00e9 en c\u00e8dre Espagnol<\/p>\n<p>Touche en \u00e9b\u00e8ne avec 20\u00e8me demi-frette<\/p>\n<p>Rosace en erable \u00e9clabouss\u00e9<\/p>\n<p>Repose bras<\/p>\n<p>Port de son avec couvert magn\u00e9tique ajustable<\/p>\n<p>Chevalet et placage de la t\u00eate en palissandre Indien<\/p>\n<p>M\u00e9caniques Gotoh s\u00e9ries 510 avec bouton en \u00e9b\u00e8ne<\/p>\n<p>Finition au tampon \u00e0 la main en Polis Fran\u00e7ais<\/p>\n<p>\u00c9tui Hiscox liteflite PRO-II inclus<\/p>\n<p>&nbsp;<\/p>\n<p>La longueur totale de la guitare est de 98,5 cm \/ 38,78 pouces<\/p>\n<p>La longueur du corps est de 48 cm \/ 18,8976 pouces<\/p>\n<p>Le bout sup\u00e9rieur est de 28 cm \/ 11,02 pouces<\/p>\n<p>Le bout inf\u00e9rieur est de 36,5 cm \/ 14,37 pouces<\/p>\n<p>La largeur est de 10 cm \/ 3,93 pouces<\/p>\n<p>Le poids de la guitare est de 1,534 kg \/ 3,381 lb<\/p>\n","protected":false},"excerpt":{"rendered":"[youtube v=_hr0MWAZFFo maxwidth=\"800px\"]\n<p>&nbsp;<\/p>\n<p>Super nouvelle double table du luthier canadien Jeff Sigurdson !!<\/p>\n<p>Des basses chaudes mais puissantes avec de beaux aigus chantants !!! Facile \u00e0 jouer, \u00e9quilibr\u00e9e avec beaucoup de pr\u00e9sence et \u00ab\u00a0sustain\u00a0\u00bb Projection de niveau concert avec une belle tonalit\u00e9 traditionnelle&#8230;<\/p>\n<p>De nouvelles doubles tables devraient arriver en 2025, \u00e9pic\u00e9a\/c\u00e8dre &amp; Double c\u00e8dre, veuillez me contacter pour r\u00e9server les prochaines guitares&#8230;<\/p>\n<p>Merci<\/p>\n","protected":false},"featured_media":52455,"comment_status":"closed","ping_status":"closed","template":"","meta":{"_mo_disable_npp":""},"product_brand":[],"product_cat":[2257,1058,1057],"product_tag":[1141,1142,1143,1144],"class_list":{"0":"post-52453","1":"product","2":"type-product","3":"status-publish","4":"has-post-thumbnail","6":"product_cat-double-tables","7":"product_cat-guitares","8":"product_cat-guitares-classique","9":"product_tag-concert-classical-guitars-in-montreal-canada-fr","10":"product_tag-jeff-sigurdson-classical-guitars-fr","11":"product_tag-sigurdson-balsa-inner-core-double-top-fr","12":"product_tag-sigurdson-double-top-guitar-fr","13":"sales-flash-overlay","14":"woocommerce-text-align-left","15":"woocommerce-image-align-center","16":"do-quantity-buttons","17":"wc-has-gallery","19":"first","20":"outofstock","21":"sold-individually","22":"taxable","23":"shipping-taxable","24":"product-type-simple"},"_links":{"self":[{"href":"https:\/\/www.grandsalondeguitare.com\/fr\/wp-json\/wp\/v2\/product\/52453","targetHints":{"allow":["GET"]}}],"collection":[{"href":"https:\/\/www.grandsalondeguitare.com\/fr\/wp-json\/wp\/v2\/product"}],"about":[{"href":"https:\/\/www.grandsalondeguitare.com\/fr\/wp-json\/wp\/v2\/types\/product"}],"replies":[{"embeddable":true,"href":"https:\/\/www.grandsalondeguitare.com\/fr\/wp-json\/wp\/v2\/comments?post=52453"}],"wp:featuredmedia":[{"embeddable":true,"href":"https:\/\/www.grandsalondeguitare.com\/fr\/wp-json\/wp\/v2\/media\/52455"}],"wp:attachment":[{"href":"https:\/\/www.grandsalondeguitare.com\/fr\/wp-json\/wp\/v2\/media?parent=52453"}],"wp:term":[{"taxonomy":"product_brand","embeddable":true,"href":"https:\/\/www.grandsalondeguitare.com\/fr\/wp-json\/wp\/v2\/product_brand?post=52453"},{"taxonomy":"product_cat","embeddable":true,"href":"https:\/\/www.grandsalondeguitare.com\/fr\/wp-json\/wp\/v2\/product_cat?post=52453"},{"taxonomy":"product_tag","embeddable":true,"href":"https:\/\/www.grandsalondeguitare.com\/fr\/wp-json\/wp\/v2\/product_tag?post=52453"}],"curies":[{"name":"wp","href":"https:\/\/api.w.org\/{rel}","templated":true}]}}