{"id":52390,"date":"2024-09-26T16:08:57","date_gmt":"2024-09-26T21:08:57","guid":{"rendered":"https:\/\/www.grandsalondeguitare.com\/?post_type=product&#038;p=52390"},"modified":"2024-10-18T12:34:24","modified_gmt":"2024-10-18T17:34:24","slug":"c-765-edoardo-piccioni-italie-copy","status":"publish","type":"product","link":"https:\/\/www.grandsalondeguitare.com\/fr\/produit\/c-765-edoardo-piccioni-italie-copy\/","title":{"rendered":"C-776, Sangirardi e Cavicchi (Italie)"},"content":{"rendered":"<p>Giulio Sangirardi e Giulia Cavicchi<\/p>\n<p>\u00ab\u00a0SeC Guitars\u00a0\u00bb<\/p>\n<p>Guitare classique de concert<\/p>\n<p>N-78, fabriqu\u00e9e en Italie<\/p>\n<p>Echelle de 650 mm avec sillet de 52 mm<\/p>\n<p>Table en \u00e9pic\u00e9a alpin avec barrage \u00ab\u00a0lattice\u00a0\u00bb tout en bois<\/p>\n<p>Dos et \u00e9clisses en palissandre indien<\/p>\n<p>Manche en c\u00e8dre espagnol avec \u00ab\u00a0trussrod\u00a0\u00bb ajustable<\/p>\n<p>Touche en \u00e9b\u00e8ne<\/p>\n<p>Rosace \u00ab\u00a0Labyrinthe\u00a0\u00bb<\/p>\n<p>Chevalet en palissandre de Madagascar<\/p>\n<p>Placage de la t\u00eate en palissandre indien<\/p>\n<p>M\u00e9caniques Gotoh 35G1800 avec boutons en \u00e9b\u00e8ne<\/p>\n<p>Finition au tampon en polis Francais<\/p>\n<p>\u00c9tuis rigide inclus<\/p>\n<p>&nbsp;<\/p>\n<p>Le poids de la guitare est de 1,60 kg \/ 3,527 lb<\/p>\n<p>La longueur du corps est de 49 cm \/ 19,29 pouces<\/p>\n<p>La profondeur du corps est de 10 cm \/ 3,937 pouces<\/p>\n<p>La partie sup\u00e9rieure mesure 28,5 cm \/ 11,02 pouces<\/p>\n<p>La partie inf\u00e9rieure mesure 37 cm \/ 14,56 pouces<\/p>\n<p>&nbsp;<\/p>\n<p>*** Nous sommes fiers d&rsquo;\u00eatre le distributeur exclusif de SeC en Am\u00e9rique du Nord guitares ***<\/p>\n","protected":false},"excerpt":{"rendered":"[youtube v=u3-lNaKkO3M maxwidth=\"800px\"]\n<p>&nbsp;<\/p>\n<p>Directement d&rsquo;Italie, notre premi\u00e8re guitare SeC est arriv\u00e9e !!!<\/p>\n<p>Le barrage \u00ab\u00a0lattice\u00a0\u00bb tout en bois et l&rsquo;\u00e9pic\u00e9a alpin offrent une belle voix chantante avec une projection de niveau concert&#8230;<\/p>\n<p>Le manche avec son action bas offre une excellente jouabilit\u00e9, une attaque et une r\u00e9ponse tr\u00e8s rapides !!!<\/p>\n<p>Un essaie s&rsquo;impose&#8230;<\/p>\n","protected":false},"featured_media":52392,"comment_status":"closed","ping_status":"closed","template":"","meta":{"_mo_disable_npp":""},"product_brand":[],"product_cat":[1058,1057],"product_tag":[],"class_list":{"0":"post-52390","1":"product","2":"type-product","3":"status-publish","4":"has-post-thumbnail","6":"product_cat-guitares","7":"product_cat-guitares-classique","8":"sales-flash-overlay","9":"woocommerce-text-align-left","10":"woocommerce-image-align-center","11":"do-quantity-buttons","12":"wc-has-gallery","14":"first","15":"instock","16":"sold-individually","17":"taxable","18":"shipping-taxable","19":"purchasable","20":"product-type-simple"},"_links":{"self":[{"href":"https:\/\/www.grandsalondeguitare.com\/fr\/wp-json\/wp\/v2\/product\/52390","targetHints":{"allow":["GET"]}}],"collection":[{"href":"https:\/\/www.grandsalondeguitare.com\/fr\/wp-json\/wp\/v2\/product"}],"about":[{"href":"https:\/\/www.grandsalondeguitare.com\/fr\/wp-json\/wp\/v2\/types\/product"}],"replies":[{"embeddable":true,"href":"https:\/\/www.grandsalondeguitare.com\/fr\/wp-json\/wp\/v2\/comments?post=52390"}],"wp:featuredmedia":[{"embeddable":true,"href":"https:\/\/www.grandsalondeguitare.com\/fr\/wp-json\/wp\/v2\/media\/52392"}],"wp:attachment":[{"href":"https:\/\/www.grandsalondeguitare.com\/fr\/wp-json\/wp\/v2\/media?parent=52390"}],"wp:term":[{"taxonomy":"product_brand","embeddable":true,"href":"https:\/\/www.grandsalondeguitare.com\/fr\/wp-json\/wp\/v2\/product_brand?post=52390"},{"taxonomy":"product_cat","embeddable":true,"href":"https:\/\/www.grandsalondeguitare.com\/fr\/wp-json\/wp\/v2\/product_cat?post=52390"},{"taxonomy":"product_tag","embeddable":true,"href":"https:\/\/www.grandsalondeguitare.com\/fr\/wp-json\/wp\/v2\/product_tag?post=52390"}],"curies":[{"name":"wp","href":"https:\/\/api.w.org\/{rel}","templated":true}]}}