{"id":52324,"date":"2024-09-23T08:59:51","date_gmt":"2024-09-23T13:59:52","guid":{"rendered":"https:\/\/www.grandsalondeguitare.com\/?post_type=product&#038;p=52324"},"modified":"2024-10-18T12:15:50","modified_gmt":"2024-10-18T17:15:50","slug":"c-767-henner-hagenlocher-espagne-copy","status":"publish","type":"product","link":"https:\/\/www.grandsalondeguitare.com\/fr\/produit\/c-767-henner-hagenlocher-espagne-copy\/","title":{"rendered":"C-775, Gregory Byers (Etats-Unis)"},"content":{"rendered":"<p>Gregory Stuart Byers<\/p>\n<p>Guitare classique de concert<\/p>\n<p>N-300<\/p>\n<p>Fabriqu\u00e9e en 2013<\/p>\n<p>Diapason de 650 mm avec largeur de sillet de 52 mm<\/p>\n<p>Table en c\u00e8dre canadien de qualit\u00e9 sup\u00e9rieure<\/p>\n<p>Avec le syst\u00e8me innovant de barrage en treillis double \u00e9ventail tout en bois de Byers<\/p>\n<p>Dos et \u00e9clisses en palissandre br\u00e9silien (les \u00e9clisses sont doubles \u00e0 l&rsquo;int\u00e9rieur)<\/p>\n<p>Manche sur\u00e9lev\u00e9 en acajou avec joint en V<\/p>\n<p>Touche en \u00e9b\u00e8ne avec 20e frette<\/p>\n<p>Plaque de t\u00eate et chevalet en palissandre br\u00e9silien<\/p>\n<p>M\u00e9caniques Rodgers fabriqu\u00e9es \u00e0 la main<\/p>\n<p>Syst\u00e8me de compensation de sillets de Byers pour une intonation exceptionnellement pr\u00e9cise<\/p>\n<p>Finition au tampon \u00e0 la main en Polis Fran\u00e7ais<\/p>\n<p>\u00c9tui rigide \u00e0 double arche inclus<\/p>\n<p>&nbsp;<\/p>\n<p>Le poids de la guitare est de 1,90 kg \/ 4,188 lb<\/p>\n<p>La longueur totale de la guitare est de 99 cm \/ 39 pouces<\/p>\n<p>La longueur du corps est de 49 cm \/ 19,29 pouces<\/p>\n<p>La partie sup\u00e9rieure est de 28 cm \/ 11,02 pouces<\/p>\n<p>La partie inf\u00e9rieure mesure 36,5 cm \/ 14,37 pouces<\/p>\n<p>La profondeur du corps est de 10 cm \/ 3,93 pouces<\/p>\n<p>&nbsp;<\/p>\n<p>Greg construit depuis plus de deux d\u00e9cennies et s&rsquo;est inspir\u00e9 \u00e0 l&rsquo;origine de sa rencontre avec Jose Romanillos au d\u00e9but des ann\u00e9es 80. Il consid\u00e8re toujours Romanillos comme l&rsquo;une de ses premi\u00e8res influences les plus fortes, m\u00eame si les guitares de ces deux constructeurs sont d\u00e9sormais tr\u00e8s diff\u00e9rentes.<\/p>\n<p>Greg note John Gilbert comme une autre influence pr\u00e9coce et reconna\u00eet \u00e9galement que le Millenium de Thomas Humphrey a inspir\u00e9 sa propre version de la conception de la touche sur\u00e9lev\u00e9e. La confluence de ces influences, m\u00eal\u00e9e \u00e0 la nature exp\u00e9rimentale de Greg, l&rsquo;a conduit vers son propre destin cr\u00e9atif et le r\u00e9sultat a \u00e9t\u00e9 un flux constant de guitares qui m\u00e9ritent le genre d&rsquo;\u00e9loges cit\u00e9s ci-dessus.<\/p>\n<p>En parlant de sa nature exp\u00e9rimentale, il a \u00e9t\u00e9 un auteur et un conf\u00e9rencier fr\u00e9quent dans le monde de la guitare classique. Ceux d\u2019entre vous qui sont des fanatiques de l\u2019intonation appr\u00e9cieront la lecture de la th\u00e8se math\u00e9matique tr\u00e8s analytique de Greg sur l\u2019intonation de la guitare, parue dans le magazine American Lutherie et \u00e9galement publi\u00e9e sur son site Web. Le r\u00e9sultat de cette th\u00e8se a \u00e9t\u00e9 un syst\u00e8me de compensation am\u00e9lior\u00e9 appliqu\u00e9 \u00e0 la fois au sillet et au chevalet. Ce syst\u00e8me est utilis\u00e9 par Greg sur toutes ses guitares.<\/p>\n<p>Greg utilise \u00e9galement un double trou dans le bloc de liaison qui pr\u00e9sente l\u2019avantage d\u2019augmenter l\u2019angle de rupture de la corde au-dessus du chevalet, une caract\u00e9ristique qui peut optimiser le son de nombreuses guitares. De plus, Greg construit un l\u00e9ger d\u00f4me \u00e0 l\u2019arri\u00e8re de ses instruments qui est destin\u00e9 \u00e0 fournir plus de r\u00e9sistance et \u00e0 augmenter la capacit\u00e9 de la guitare \u00e0 s\u2019adapter aux changements d\u2019humidit\u00e9.<\/p>\n<p>Greg \u00e9tait auparavant principalement connu pour ses guitares \u00e0 barrage en \u00e9ventail. Il construit en utilisant une \u00ab barre d\u2019aigus \u00bb pour cr\u00e9er un motif asym\u00e9trique qui permet d\u2019obtenir une r\u00e9ponse plus uniforme sur tout le spectre de fr\u00e9quences. Les guitares jou\u00e9es par Russell et Tanenbaum sont des instruments \u00e0 barrage en \u00e9ventail, par exemple.<\/p>\n<p>R\u00e9cemment, Greg a mis \u00e0 profit sa nature exp\u00e9rimentale et son d\u00e9sir d\u2019am\u00e9lioration constante pour cr\u00e9er des guitares \u00e0 barrage en treillis au design unique. Nous sommes tr\u00e8s enthousiastes \u00e0 propos de l\u2019engagement de Greg envers ce concept contemporain de la guitare classique. Greg s\u2019efforce de fusionner les meilleurs attributs qui ont fait la renomm\u00e9e des guitares \u00e0 barrage en treillis avec les qualit\u00e9s que nous aimons tous dans la guitare traditionnelle \u00e0 barrage en \u00e9ventail.<\/p>\n<p>Greg n\u2019utilise pas de fibre de carbone sur le barrage, pr\u00e9f\u00e9rant utiliser uniquement du bois, et contre toute attente, sa table d\u2019harmonie est plus \u00e9paisse, et non plus fine comme sur la plupart des guitares \u00e0 barrage en treillis. Le r\u00e9sultat est une guitare qui a le volume et la projection attendus d\u2019une guitare \u00e0 barrage en treillis, mais avec un son qui est en quelque sorte beaucoup plus traditionnel et tr\u00e8s agr\u00e9able.<\/p>\n<p>Combinez cela avec la superbe jouabilit\u00e9 de la touche sur\u00e9lev\u00e9e, une intonation presque parfaite, et on ne peut qu\u2019arriver \u00e0 la conclusion que Greg a atteint son objectif avec ces guitares.<\/p>\n<p>Les guitares Greg Byers ont \u00e9t\u00e9 jou\u00e9es par des artistes comme David Russell et David Tanenbaum&#8230;<\/p>\n<p>\u00ab Elles ont un son profond et chaud dans les basses et des aigus m\u00e9lodieux. J&rsquo;ai jou\u00e9 de nombreux concerts avec une guitare Byers&#8230; Ce sont des instruments merveilleux. \u00bb \u2013 David Russell<\/p>\n<p>\u00ab Les instruments Byers sont d&rsquo;une grande finesse : un savoir-faire exceptionnel et un sens du legato magnifique. Ce sont des instruments de musique incroyables et ils sont tr\u00e8s, tr\u00e8s uniformes sur toute la tessiture. \u00bb \u2013 David Tanenbaum<\/p>\n<p>David Russell a enregistr\u00e9 deux CD en utilisant sa guitare Byers, il suffit d&rsquo;\u00e9couter son CD \u00ab Torroba \u00bb pour entendre par vous-m\u00eame ce qu&rsquo;il d\u00e9crit dans sa citation ci-dessus.<\/p>\n","protected":false},"excerpt":{"rendered":"[youtube v=xuwHkSLY_2U maxwidth=\"800px\"]\n<p>&nbsp;<\/p>\n<p>Quelle trouvaille incroyable et en tr\u00e8s bon \u00e9tat !!!<\/p>\n<p>Guitare classique de concert N-300 !!! Avec table en c\u00e8dre de qualit\u00e9 sup\u00e9rieure, palissandre br\u00e9silien et m\u00e9caniques Rodgers !!!<\/p>\n<p>Les guitares Greg Byers ont \u00e9t\u00e9 jou\u00e9es par des artistes comme David Russell et David Tanenbaum, et je ne pourrais pas mieux d\u00e9crire ses guitares qu&rsquo;en faisant r\u00e9f\u00e9rence aux citations de ces deux artistes de concert :<\/p>\n<p>\u00ab Elles ont un ton chaud et profond dans les basses et des aigus m\u00e9lodieux. J&rsquo;ai jou\u00e9 de nombreux concerts avec une guitare Byers&#8230; Ce sont des instruments merveilleux. \u00bb \u2013 David Russell<\/p>\n<p>\u00ab Les instruments de Byers sont d&rsquo;un r\u00e9el raffinement : un savoir-faire d&rsquo;une finesse exceptionnelle et un sens du legato magnifique. Ce sont des instruments de musique incroyables et ils sont tr\u00e8s, tr\u00e8s uniformes sur toute la gamme. \u00bb \u2013 David Tanenbaum<\/p>\n<p>Un excellent instrument \u00e0 tous points de vue !!!<\/p>\n","protected":false},"featured_media":52328,"comment_status":"closed","ping_status":"closed","template":"","meta":{"_mo_disable_npp":""},"product_brand":[],"product_cat":[1058,1057],"product_tag":[],"class_list":{"0":"post-52324","1":"product","2":"type-product","3":"status-publish","4":"has-post-thumbnail","6":"product_cat-guitares","7":"product_cat-guitares-classique","8":"sales-flash-overlay","9":"woocommerce-text-align-left","10":"woocommerce-image-align-center","11":"do-quantity-buttons","12":"wc-has-gallery","14":"first","15":"outofstock","16":"taxable","17":"shipping-taxable","18":"product-type-simple"},"_links":{"self":[{"href":"https:\/\/www.grandsalondeguitare.com\/fr\/wp-json\/wp\/v2\/product\/52324","targetHints":{"allow":["GET"]}}],"collection":[{"href":"https:\/\/www.grandsalondeguitare.com\/fr\/wp-json\/wp\/v2\/product"}],"about":[{"href":"https:\/\/www.grandsalondeguitare.com\/fr\/wp-json\/wp\/v2\/types\/product"}],"replies":[{"embeddable":true,"href":"https:\/\/www.grandsalondeguitare.com\/fr\/wp-json\/wp\/v2\/comments?post=52324"}],"wp:featuredmedia":[{"embeddable":true,"href":"https:\/\/www.grandsalondeguitare.com\/fr\/wp-json\/wp\/v2\/media\/52328"}],"wp:attachment":[{"href":"https:\/\/www.grandsalondeguitare.com\/fr\/wp-json\/wp\/v2\/media?parent=52324"}],"wp:term":[{"taxonomy":"product_brand","embeddable":true,"href":"https:\/\/www.grandsalondeguitare.com\/fr\/wp-json\/wp\/v2\/product_brand?post=52324"},{"taxonomy":"product_cat","embeddable":true,"href":"https:\/\/www.grandsalondeguitare.com\/fr\/wp-json\/wp\/v2\/product_cat?post=52324"},{"taxonomy":"product_tag","embeddable":true,"href":"https:\/\/www.grandsalondeguitare.com\/fr\/wp-json\/wp\/v2\/product_tag?post=52324"}],"curies":[{"name":"wp","href":"https:\/\/api.w.org\/{rel}","templated":true}]}}