{"id":52188,"date":"2024-09-10T15:43:00","date_gmt":"2024-09-10T20:43:01","guid":{"rendered":"https:\/\/www.grandsalondeguitare.com\/?post_type=product&#038;p=52188"},"modified":"2025-02-11T13:17:22","modified_gmt":"2025-02-11T18:17:22","slug":"c-622-jesus-bellido-espagne-copy","status":"publish","type":"product","link":"https:\/\/www.grandsalondeguitare.com\/fr\/produit\/c-622-jesus-bellido-espagne-copy\/","title":{"rendered":"F-773, Mauricio Bellido (Espagne)"},"content":{"rendered":"<p>Guitare Flamenco Neuve<\/p>\n<p>Granada &#8211; Espagne<\/p>\n<p>Mod\u00e8le \u00ab\u00a0Tradicional\u00a0\u00bb<\/p>\n<p>N\u00b039 fabriquer en\u00a02024<\/p>\n<p>\u00c9chelle de 650 mm avec largeur de sillet de 52 mm<\/p>\n<p>Table en \u00e9pic\u00e9a Allemande (Picea Abies)<\/p>\n<p>Dos et \u00e9clisses en cypr\u00e8s Espagnol (Cupressus sempervirens)<\/p>\n<p>Manche en c\u00e8dre des Am\u00e9riques (Cereal odorata)<\/p>\n<p>Touche en \u00e9b\u00e8ne Africain (Dyospyrus crassiflora Cameroom)<\/p>\n<p>Chevalet en palissandre du Madagascar<\/p>\n<p>Placage de la t\u00eate en \u00e9b\u00e8ne<\/p>\n<p>M\u00e9caniques Schaller Grandtune avec boutons en bois d&rsquo;amourette<\/p>\n<p>Finition au tampon en polis Fran\u00e7ais<\/p>\n<p>\u00c9tuis rigide noir Rapsody\u00a0en ABS<\/p>\n<p>*** Un certificat sign\u00e9 par le luthier est inclus ***<\/p>\n<p>&nbsp;<\/p>\n<p>Le poids de la guitare est de 1,40 kg \/ 3,08 lb<\/p>\n<p>La longueur totale de la guitare est de 100 cm \/ 39,3701 pouces<\/p>\n<p>La longueur du corps est de 49 cm \/ 19,29 pouces<\/p>\n<p>La partie sup\u00e9rieure est de 28,5 cm \/ 11,22 pouces<\/p>\n<p>La partie inf\u00e9rieure est de 36,5 cm \/ 14,37 pouces<\/p>\n<p>La profondeur du corps est de 8,89 cm \/ 3,5 pouces<\/p>\n<p>&nbsp;<\/p>\n<p>\u00ab\u00a0Mauricio Bellido \u00a0\u00bb<\/p>\n<p>N\u00e9 et \u00e9lev\u00e9 dans un environnement de musique et de guitares, j&rsquo;ai toujours voulu suivre les traces de mon p\u00e8re, le Maestro Manuel Bellido.<\/p>\n<p>Quand j&rsquo;\u00e9tais tr\u00e8s jeune, j&rsquo;ai commenc\u00e9 \u00e0 jouer de la guitare avec Francisco Javier Moreno Rebollo, et des ann\u00e9es plus tard, j&rsquo;ai suivi des cours de guitare flamenco avec Jos\u00e9 Mar\u00eda Ortiz et Jorge G\u00f3mez, ainsi que des cours avec l&rsquo;actuel directeur du Festival de Guitare de Grenade et pr\u00e9sident de la Fondation Europ\u00e9enne de Guitare, Vicente Coves Merino.<\/p>\n<p>\u00c0 dix-huit ans, j&rsquo;ai fait mes premi\u00e8res r\u00e9parations d&rsquo;instruments et j&rsquo;ai eu mon premier contact avec le vernissage \u00e0 la gomme laque.<\/p>\n<p>Plus tard, en combinant mes \u00e9tudes universitaires et linguistiques, j&rsquo;ai compl\u00e9t\u00e9 ma formation en techniques de vernissage dans l&rsquo;atelier d&rsquo;Eduardo Dur\u00e1n Ferrer et j&rsquo;ai termin\u00e9 ma premi\u00e8re guitare avec mon p\u00e8re en 2007.<\/p>\n<p>Depuis lors, je construis des guitares classiques et flamencas dans l&rsquo;atelier de Bellido, avec l&rsquo;aide et les conseils de mes professeurs, mon p\u00e8re Manuel et mon fr\u00e8re Jes\u00fas.<\/p>\n","protected":false},"excerpt":{"rendered":"[youtube v=SZNE8oVm3gQ maxwidth=\"800px\"]\n<p>&nbsp;<\/p>\n<p>Cette guitare flamenco blanca offre le son flamenco authentique des guitares Bellido \u00e0 un prix imbattable!<\/p>\n<p>R\u00e9ponse rapide, tr\u00e8s confortable et facile \u00e0 jouer, le son coule naturellement et avec la \u00ab\u00a0Jondura\u00a0\u00bb (profondeur) flamenco d\u00e8s la premi\u00e8re note, elle a de la force, du caract\u00e8re et de l&rsquo;\u00e2me\u00a0\u00bb typique de toutes bonnes guitares flamencas !<\/p>\n<p>En bref, une guitare flamenca de premi\u00e8re classe, avec toute le savoir faire de l&rsquo;atelier Bellido et \u00e0 un prix sans concurrence pour une guitare de cette cat\u00e9gorie !<\/p>\n<p>Un essaie s&rsquo;impose !!!<\/p>\n","protected":false},"featured_media":52190,"comment_status":"open","ping_status":"closed","template":"","meta":{"_mo_disable_npp":""},"product_brand":[],"product_cat":[1058,1053],"product_tag":[1102,1103,1104],"class_list":{"0":"post-52188","1":"product","2":"type-product","3":"status-publish","4":"has-post-thumbnail","6":"product_cat-guitares","7":"product_cat-guitares-flamenco","8":"product_tag-bellido-guitars-granada-spain-fr","9":"product_tag-granada-luthier-fr","10":"product_tag-hand-made-spanish-guitars-from-spain-fr","11":"sales-flash-overlay","12":"woocommerce-text-align-left","13":"woocommerce-image-align-center","14":"do-quantity-buttons","15":"wc-has-gallery","17":"first","18":"outofstock","19":"taxable","20":"shipping-taxable","21":"product-type-simple"},"_links":{"self":[{"href":"https:\/\/www.grandsalondeguitare.com\/fr\/wp-json\/wp\/v2\/product\/52188","targetHints":{"allow":["GET"]}}],"collection":[{"href":"https:\/\/www.grandsalondeguitare.com\/fr\/wp-json\/wp\/v2\/product"}],"about":[{"href":"https:\/\/www.grandsalondeguitare.com\/fr\/wp-json\/wp\/v2\/types\/product"}],"replies":[{"embeddable":true,"href":"https:\/\/www.grandsalondeguitare.com\/fr\/wp-json\/wp\/v2\/comments?post=52188"}],"wp:featuredmedia":[{"embeddable":true,"href":"https:\/\/www.grandsalondeguitare.com\/fr\/wp-json\/wp\/v2\/media\/52190"}],"wp:attachment":[{"href":"https:\/\/www.grandsalondeguitare.com\/fr\/wp-json\/wp\/v2\/media?parent=52188"}],"wp:term":[{"taxonomy":"product_brand","embeddable":true,"href":"https:\/\/www.grandsalondeguitare.com\/fr\/wp-json\/wp\/v2\/product_brand?post=52188"},{"taxonomy":"product_cat","embeddable":true,"href":"https:\/\/www.grandsalondeguitare.com\/fr\/wp-json\/wp\/v2\/product_cat?post=52188"},{"taxonomy":"product_tag","embeddable":true,"href":"https:\/\/www.grandsalondeguitare.com\/fr\/wp-json\/wp\/v2\/product_tag?post=52188"}],"curies":[{"name":"wp","href":"https:\/\/api.w.org\/{rel}","templated":true}]}}