{"id":52040,"date":"2024-09-07T07:41:59","date_gmt":"2024-09-07T12:41:59","guid":{"rendered":"https:\/\/www.grandsalondeguitare.com\/?post_type=product&#038;p=52040"},"modified":"2024-09-07T08:05:03","modified_gmt":"2024-09-07T13:05:03","slug":"c-760-paco-castillo-m-205-cd-copy","status":"publish","type":"product","link":"https:\/\/www.grandsalondeguitare.com\/fr\/produit\/c-760-paco-castillo-m-205-cd-copy\/","title":{"rendered":"C-770, Paco Castillo (M-240-Cd)"},"content":{"rendered":"<p>\u00ab\u00a0Constructor De Guitarras\u00a0\u00bb<\/p>\n<p>Paco Castillo<\/p>\n<p>Valence, Espagne<\/p>\n<p>Nouvelle guitare classique<\/p>\n<p>Mod\u00e8le 240<\/p>\n<p>\u00c9chelle de 650\u00a0mm avec sillet de 52\u00a0mm<\/p>\n<p>Table en c\u00e8dre rouge canadien (solide)<\/p>\n<p>Fond et \u00e9clisses en palissandre indien (solide)<\/p>\n<p>Manche en c\u00e8dre espagnol avec bande d&rsquo;\u00e9b\u00e8ne<\/p>\n<p>Touche en \u00e9b\u00e8ne<\/p>\n<p>Reliures en palissandre indien<\/p>\n<p>Accordeurs de luxe<\/p>\n<p>Finition laque nitro<\/p>\n<p>\u00c9tui rigide inclus<\/p>\n<p>&nbsp;<\/p>\n<p>Le poids de la guitare est de 1,6 kg \/ 3,6 lb<\/p>\n<p>La longueur du corps est de 49 cm \/ 19,29 pouces<\/p>\n<p>Le bout sup\u00e9rieur mesure 29 cm \/ 11,41 pouces<\/p>\n<p>Le bout inf\u00e9rieur est de 38,3 cm \/ 15,07 pouces<\/p>\n<p>La profondeur du corps est de 10 cm \/ 3,93 pouces<\/p>\n<p>&nbsp;<\/p>\n<p>Veuillez noter que des photos g\u00e9n\u00e9riques sont utilis\u00e9es pour ce mod\u00e8le, la guitare exacte illustr\u00e9e n&rsquo;est plus disponible, la nouvelle guitare propos\u00e9e diff\u00e9rera l\u00e9g\u00e8rement des photos actuelles\u2026<\/p>\n<p>&nbsp;<\/p>\n<p>\u00ab\u00a0Du site Web de Paco Castillo\u00a0\u00bb<\/p>\n<p>La relation de M. Jaime Juli\u00e1 Abad avec le monde de la guitare remonte \u00e0 1973 et, depuis cette date jusqu&rsquo;\u00e0 nos jours, il est li\u00e9 \u00e0 ce monde sous tous ses aspects.<\/p>\n<p>Ses enfants Luis Juli\u00e1, Lucas Juli\u00e1 et Juan Juli\u00e1 ont fond\u00e9 leur propre entreprise en 2010 apr\u00e8s s&rsquo;\u00eatre consacr\u00e9s plus de dix ans au monde de la guitare.<\/p>\n<p>Le nom de la famille Julia est synonyme d&rsquo;exp\u00e9rience, de tradition et de qualit\u00e9 dans la fabrication de guitares espagnoles.<\/p>\n<p>Tous les mod\u00e8les sont construits selon le syst\u00e8me traditionnel espagnol. En r\u00e9sum\u00e9, ce syst\u00e8me suit les \u00e9tapes suivantes\u00a0:<\/p>\n<p>Dans un premier temps, le m\u00e2t dans son talon re\u00e7oit deux d\u00e9coupes, une de chaque c\u00f4t\u00e9 et dans ces d\u00e9coupes, seront coll\u00e9s les anneaux qui composent le contour de la guitare.<\/p>\n<p>Sur cette base sont coll\u00e9es les deux parties plates : d&rsquo;abord le bas puis le haut. Une fois les deux pi\u00e8ces coll\u00e9es, les profils sont install\u00e9s.<\/p>\n<p>Ensuite, les zones de bois restantes sont \u00e9limin\u00e9es par pon\u00e7age.<\/p>\n<p>Puis le diapason se coince et la phase de construction se termine.<\/p>\n<p>Enfin, la guitare d\u00e9j\u00e0 assembl\u00e9e, passera aux proc\u00e9d\u00e9s de vernissage, frettage, polissage, r\u00e9vision, cordage, etc\u2026<\/p>\n<p>En conclusion, le proc\u00e9d\u00e9 de construction bas\u00e9 sur l&rsquo;assemblage du talon espagnol, conf\u00e8re \u00e0 l&rsquo;instrument une solidit\u00e9 bien plus grande et une plus grande r\u00e9sonance de l&rsquo;ensemble, du fait de sa plus grande symbiose harmonique.<\/p>\n<p>L&rsquo;innovation fait partie de l&rsquo;identit\u00e9 de l&rsquo;entreprise, qui a collabor\u00e9 avec les universit\u00e9s de Valence et de Porto dans des projets de recherche pour le d\u00e9veloppement de leurs instruments, et est en contact constant avec des guitaristes de classe mondiale pour comprendre et satisfaire les besoins de leurs clients.<\/p>\n<p>L&rsquo;exp\u00e9rience et les connaissances acquises permettent la fabrication d&rsquo;instruments fiables et de haute qualit\u00e9 sans augmenter les co\u00fbts de production.<\/p>\n","protected":false},"excerpt":{"rendered":"<p>Nouvelle guitare classique Paco Castillo<\/p>\n<p>Mod\u00e8le 240<\/p>\n<p>Beau timbre et savoir-faire espagnols, facile \u00e0 jouer avec une bonne projection !!!<\/p>\n<p>Les guitares Castillo sont fabriqu\u00e9es \u00e0 Valence par la famille Juli\u00e1, qui a cr\u00e9\u00e9 sa propre entreprise apr\u00e8s des d\u00e9cennies de liens avec l&rsquo;un des plus grands fabricants de guitares classiques au monde.<\/p>\n<p>Garantie limit\u00e9e de 3 ans !!!<\/p>\n","protected":false},"featured_media":52042,"comment_status":"open","ping_status":"closed","template":"","meta":{"_mo_disable_npp":""},"product_brand":[],"product_cat":[1058,1057],"product_tag":[],"class_list":{"0":"post-52040","1":"product","2":"type-product","3":"status-publish","4":"has-post-thumbnail","6":"product_cat-guitares","7":"product_cat-guitares-classique","8":"sales-flash-overlay","9":"woocommerce-text-align-left","10":"woocommerce-image-align-center","11":"do-quantity-buttons","12":"wc-has-gallery","14":"first","15":"onbackorder","16":"taxable","17":"shipping-taxable","18":"purchasable","19":"product-type-simple"},"_links":{"self":[{"href":"https:\/\/www.grandsalondeguitare.com\/fr\/wp-json\/wp\/v2\/product\/52040","targetHints":{"allow":["GET"]}}],"collection":[{"href":"https:\/\/www.grandsalondeguitare.com\/fr\/wp-json\/wp\/v2\/product"}],"about":[{"href":"https:\/\/www.grandsalondeguitare.com\/fr\/wp-json\/wp\/v2\/types\/product"}],"replies":[{"embeddable":true,"href":"https:\/\/www.grandsalondeguitare.com\/fr\/wp-json\/wp\/v2\/comments?post=52040"}],"wp:featuredmedia":[{"embeddable":true,"href":"https:\/\/www.grandsalondeguitare.com\/fr\/wp-json\/wp\/v2\/media\/52042"}],"wp:attachment":[{"href":"https:\/\/www.grandsalondeguitare.com\/fr\/wp-json\/wp\/v2\/media?parent=52040"}],"wp:term":[{"taxonomy":"product_brand","embeddable":true,"href":"https:\/\/www.grandsalondeguitare.com\/fr\/wp-json\/wp\/v2\/product_brand?post=52040"},{"taxonomy":"product_cat","embeddable":true,"href":"https:\/\/www.grandsalondeguitare.com\/fr\/wp-json\/wp\/v2\/product_cat?post=52040"},{"taxonomy":"product_tag","embeddable":true,"href":"https:\/\/www.grandsalondeguitare.com\/fr\/wp-json\/wp\/v2\/product_tag?post=52040"}],"curies":[{"name":"wp","href":"https:\/\/api.w.org\/{rel}","templated":true}]}}