{"id":51861,"date":"2024-08-14T17:18:11","date_gmt":"2024-08-14T22:18:11","guid":{"rendered":"https:\/\/www.grandsalondeguitare.com\/?post_type=product&#038;p=51861"},"modified":"2024-08-14T17:42:49","modified_gmt":"2024-08-14T22:42:49","slug":"c-720-otto-vowinkel-amsterdam-copy-2","status":"publish","type":"product","link":"https:\/\/www.grandsalondeguitare.com\/fr\/produit\/c-720-otto-vowinkel-amsterdam-copy-2\/","title":{"rendered":"C-767, Henner Hagenlocher (Espagne)"},"content":{"rendered":"<p>Guitare classique de concert<\/p>\n<p>Fabriqu\u00e9e en 2024<\/p>\n<p>Diapason de 640 mm avec largeur de sillet de 50 mm<\/p>\n<p>Table en \u00e9pic\u00e9a Allemande<\/p>\n<p>Dos et \u00e9clisses en palissandre Br\u00e9silien<\/p>\n<p>Manche en c\u00e8dre<\/p>\n<p>Touche en \u00e9b\u00e8ne<\/p>\n<p>Plaquage de la t\u00eate et chevalet en palissandre Br\u00e9silien<\/p>\n<p>M\u00e9caniques Fustero, \u00e9dition limit\u00e9e avec boutons en bois d&rsquo;amourette<\/p>\n<p>Finition en polis Fran\u00e7ais<\/p>\n<p>\u00c9tui Hiscox Litflite ProII inclus<\/p>\n<p>&nbsp;<\/p>\n<p>Le poids de la guitare est de 1,45 kg \/ 3,19 lb<\/p>\n<p>La longueur totale de la guitare est de 98 cm \/ 38,58 pouces<\/p>\n<p>La longueur du corps est de 48 cm \/ 18,89 pouces<\/p>\n<p>La partie sup\u00e9rieure mesure 27,5 cm \/ 10,826 pouces<\/p>\n<p>La partie inf\u00e9rieure mesure 36,5 cm \/ 14,37 pouces<\/p>\n<p>La profondeur du corps est de 9,5 cm \/ 3,74 pouces<\/p>\n<p>&nbsp;<\/p>\n<p>Le luthier allemand Henner Hagenlocher travaille aujourd&rsquo;hui \u00e0 Grenade, Espagne, et est consid\u00e9r\u00e9 comme l&rsquo;un des grands luthiers de l&rsquo;\u00e9cole de Grenade.<\/p>\n<p>Apr\u00e8s avoir d\u00e9m\u00e9nag\u00e9 \u00e0 Grenade, Hagenlocher a \u00e9tudi\u00e9 la technologie musicale \u00e0 la London Guildhall University, o\u00f9 il a \u00e9t\u00e9 initi\u00e9 aux concepts de design moderne visant principalement \u00e0 augmenter le volume dans la construction de guitares. Il a constat\u00e9 que cela se traduisait par des instruments trop lourds et encombrants \u00e0 son go\u00fbt.<\/p>\n<p>Son professeur de guitare de l&rsquo;\u00e9poque poss\u00e9dait une Antonio Marin et Henner l&rsquo;aimait tellement qu&rsquo;il a d\u00e9cid\u00e9 d&rsquo;en apprendre davantage sur l&rsquo;\u00e9cole de Grenade. En 1996, il a visit\u00e9 l&rsquo;atelier de Marin et a \u00e9t\u00e9 imm\u00e9diatement captiv\u00e9 par le style de Grenade et a rapidement ouvert sa propre boutique \u00e0 proximit\u00e9.<\/p>\n<p>Depuis lors, ses guitares ont adopt\u00e9 un style qui m\u00e9lange l&rsquo;influence de Marin avec ses qualit\u00e9s trouv\u00e9es dans les vieilles guitares espagnoles traditionnelles, d\u00e9couvertes gr\u00e2ce \u00e0 ses recherches approfondies sur les grands ma\u00eetres comme Torres, Santos Hernandez et Manuel Ramirez. Ses instruments sont donc l\u00e9gers avec une attaque explosive imm\u00e9diate. Bien qu&rsquo;il construise dans un style largement traditionnel, ses instruments ont une grande puissance et une grande projection.<\/p>\n<p>Comme on peut le voir sur les photos, la guitare est \u00e0 couper le souffle.<\/p>\n<p>Henner a utilis\u00e9 certains de ses meilleurs mat\u00e9riaux, notamment une table d&rsquo;harmonie en \u00e9pic\u00e9a soyeux obtenue aupr\u00e8s de son bon ami, feu Rolf Eichinger.<\/p>\n<p>En fait, cet instrument est vaguement bas\u00e9 sur une guitare Eichinger de 640 mm qu&rsquo;Henner aimait beaucoup. Henner et Rolf \u00e9taient non seulement des amis proches, mais tous deux ont d\u00e9m\u00e9nag\u00e9 \u00e0 Grenade \u00e0 peu pr\u00e8s au m\u00eame moment o\u00f9 Henner y a \u00e9tabli son atelier. M\u00eame si Henner travaille et vit maintenant \u00e0 Eutingen, en Allemagne (\u00e0 environ 50 km de Stuttgart), nous le consid\u00e9rons toujours comme l&rsquo;un des luthiers de l&rsquo;\u00e9cole de Grenade.<\/p>\n<p>Ses guitares associent les qualit\u00e9s uniques des guitares d&rsquo;Antonio Marin Montero \u00e0 celles des anciennes guitares espagnoles traditionnelles comme Torres, Santos Hernandez et Manuel Ramirez.<\/p>\n<p>La guitare est \u00e9galement \u00e9quip\u00e9e d&rsquo;un jeu de m\u00e9caniques en \u00e9dition limit\u00e9e de Fustero, qui a \u00ab pris sa retraite \u00bb, mais fabrique encore tr\u00e8s peu de m\u00e9caniques pour certains clients s\u00e9lectionn\u00e9s. Comme c&rsquo;est typique du style de construction de Henner, cette guitare pr\u00e9sente une forme de corps l\u00e9g\u00e8rement plus petite et est assez puissante, avec une qualit\u00e9 de son riche et textur\u00e9e, avec des basses \u00e9paisses et des aigus lyriques.<\/p>\n<p>La jouabilit\u00e9 est superbe avec une action facile et un manche fin et confortable. En raison de la construction l\u00e9g\u00e8re, l&rsquo;attaque est imm\u00e9diate, ce qui en fait un instrument tr\u00e8s r\u00e9actif et satisfaisant \u00e0 jouer.<\/p>\n<p>Fortement recommand\u00e9 comme premier choix pour l&rsquo;artiste de concert ou d&rsquo;enregistrement.<\/p>\n","protected":false},"excerpt":{"rendered":"<p>Le luthier allemand Henner Hagenlocher travaille aujourd&rsquo;hui \u00e0 Grenade, Espagne, et il est consid\u00e9r\u00e9 comme l&rsquo;un des grands luthiers de l&rsquo;\u00e9cole de Grenade.<\/p>\n<p>Ses guitares associent les qualit\u00e9s uniques des guitares d&rsquo;Antonio Marin Montero \u00e0 celles des anciennes guitares espagnoles traditionnelles comme Torres, Santos Hernandez et Manuel Ramirez.<\/p>\n<p>La jouabilit\u00e9 est superbe avec une action facile et un manche fin et confortable. En raison de la construction l\u00e9g\u00e8re, l&rsquo;attaque est imm\u00e9diate, ce qui en fait un instrument tr\u00e8s r\u00e9actif et satisfaisant \u00e0 jouer.<\/p>\n<p>Fortement recommand\u00e9 comme premier choix pour l&rsquo;artiste de concert ou d&rsquo;enregistrement.<\/p>\n","protected":false},"featured_media":51863,"comment_status":"closed","ping_status":"closed","template":"","meta":{"_mo_disable_npp":""},"product_brand":[],"product_cat":[1058,1057],"product_tag":[],"class_list":{"0":"post-51861","1":"product","2":"type-product","3":"status-publish","4":"has-post-thumbnail","6":"product_cat-guitares","7":"product_cat-guitares-classique","8":"sales-flash-overlay","9":"woocommerce-text-align-left","10":"woocommerce-image-align-center","11":"do-quantity-buttons","12":"wc-has-gallery","14":"first","15":"outofstock","16":"taxable","17":"shipping-taxable","18":"product-type-simple"},"_links":{"self":[{"href":"https:\/\/www.grandsalondeguitare.com\/fr\/wp-json\/wp\/v2\/product\/51861","targetHints":{"allow":["GET"]}}],"collection":[{"href":"https:\/\/www.grandsalondeguitare.com\/fr\/wp-json\/wp\/v2\/product"}],"about":[{"href":"https:\/\/www.grandsalondeguitare.com\/fr\/wp-json\/wp\/v2\/types\/product"}],"replies":[{"embeddable":true,"href":"https:\/\/www.grandsalondeguitare.com\/fr\/wp-json\/wp\/v2\/comments?post=51861"}],"wp:featuredmedia":[{"embeddable":true,"href":"https:\/\/www.grandsalondeguitare.com\/fr\/wp-json\/wp\/v2\/media\/51863"}],"wp:attachment":[{"href":"https:\/\/www.grandsalondeguitare.com\/fr\/wp-json\/wp\/v2\/media?parent=51861"}],"wp:term":[{"taxonomy":"product_brand","embeddable":true,"href":"https:\/\/www.grandsalondeguitare.com\/fr\/wp-json\/wp\/v2\/product_brand?post=51861"},{"taxonomy":"product_cat","embeddable":true,"href":"https:\/\/www.grandsalondeguitare.com\/fr\/wp-json\/wp\/v2\/product_cat?post=51861"},{"taxonomy":"product_tag","embeddable":true,"href":"https:\/\/www.grandsalondeguitare.com\/fr\/wp-json\/wp\/v2\/product_tag?post=51861"}],"curies":[{"name":"wp","href":"https:\/\/api.w.org\/{rel}","templated":true}]}}