{"id":51724,"date":"2024-07-23T10:02:11","date_gmt":"2024-07-23T15:02:11","guid":{"rendered":"https:\/\/www.grandsalondeguitare.com\/?post_type=product&#038;p=51724"},"modified":"2024-10-04T17:27:59","modified_gmt":"2024-10-04T22:27:59","slug":"c-762-lorenzo-lippi-italie-copy-2","status":"publish","type":"product","link":"https:\/\/www.grandsalondeguitare.com\/fr\/produit\/c-762-lorenzo-lippi-italie-copy-2\/","title":{"rendered":"C-766, Lorenzo Lippi (Italie)"},"content":{"rendered":"<p>Nouvelle guitare classique de concert<\/p>\n<p>Fabriqu\u00e9 \u00e0 Milan en Italie<\/p>\n<p>Ann\u00e9e 2024<\/p>\n<p>Mod\u00e8le CK Concert &#8211;\u00a0RG51212<\/p>\n<p>\u00c9chelle de 650 mm avec sillet de 52 mm<\/p>\n<p>Table en \u00e9pic\u00e9a italien<\/p>\n<p>Fond et \u00e9clisses en palissandre indien<\/p>\n<p>Manche en c\u00e8dre espagnol<\/p>\n<p>Touche en \u00e9b\u00e8ne<\/p>\n<p>Chevalet et plaquage de la t\u00eate en palissandre indien<\/p>\n<p>Reliures en bois de serpent et nacre<\/p>\n<p>M\u00e9caniques Gotoh series 35G510P<\/p>\n<p>Finition vernis fran\u00e7ais frott\u00e9e \u00e0 la main<\/p>\n<p>\u00c9tui rigide inclus<\/p>\n<p>&nbsp;<\/p>\n<p>Le poids de la guitare est de 1,65 kg \/ 3,637 lbs<\/p>\n<p>La longueur du corps est de 48 cm \/ 18,89 pouces<\/p>\n<p>La profondeur du corps est de 9,5 cm \/ 3,74 pouces<\/p>\n<p>Le bout sup\u00e9rieur mesure 27,5\u00a0cm\u00a0\/\u00a010,826\u00a0pouces<\/p>\n<p>Le bout inf\u00e9rieur est de 36,5 cm \/ 14,37 pouces<\/p>\n<p>&nbsp;<\/p>\n<p>\u00a0\u00bb Du site Web de Lorenzo \u00a0\u00bb<\/p>\n<p>Mon tout nouveau Mod\u00e8le CK concert, qui rejoint le Mod\u00e8le plus traditionnel en alternative, est le r\u00e9sultat de recherches qui m&rsquo;ont engag\u00e9 ces derni\u00e8res ann\u00e9es.<\/p>\n<p>Le projet est n\u00e9 de la volont\u00e9 d&rsquo;exp\u00e9rimenter l&rsquo;agrandissement de la zone vibrante de la table d&rsquo;harmonie. Ce genre d&rsquo;astuce \u2013 certainement pas nouvelle \u2013 a \u00e9t\u00e9 adopt\u00e9e par certains luthiers d\u00e8s le 19e si\u00e8cle et jusqu&rsquo;\u00e0 aujourd&rsquo;hui ; mais dans mon projet, j&rsquo;adopte des solutions de contreventement et de construction totalement in\u00e9dites et exclusives.<\/p>\n<p>Afin d&rsquo;am\u00e9liorer la surface vibrante, j&rsquo;ai totalement supprim\u00e9 le trou central pour le remplacer par deux trous classiques sur le c\u00f4t\u00e9 de la touche ; en m\u00eame temps, deux barres courb\u00e9es en fibre de carbone, tr\u00e8s rigides et recouvertes de sapin, cr\u00e9ent une surface vibrante comme une membrane.<\/p>\n<p>Une structure de support en fibre de carbone en forme de croix, install\u00e9e sur les bandes, ainsi que les barres solides, est con\u00e7ue pour concentrer l&rsquo;\u00e9nergie des cordes sur la tension de la table d&rsquo;harmonie. La table d&rsquo;harmonie est calibr\u00e9e \u00e0 partir d&rsquo;une forte \u00e9paisseur au niveau du chevalet (recherche \u00e0 la fois du corps et du timbre classique, ainsi que de l&rsquo;\u00e9quilibre g\u00e9n\u00e9ral de l&rsquo;instrument), qui s&rsquo;estompe progressivement jusqu&rsquo;aux bordures (contribuant \u00e0 un son tr\u00e8s grave). note du cas, avec des basses profondes et une rapidit\u00e9 d&rsquo;attaque).<\/p>\n<p>Le r\u00e9sultat est un instrument dot\u00e9 d&rsquo;un bo\u00eetier rigide et d&rsquo;une table d&rsquo;harmonie tr\u00e8s vibrante. Un instrument vraiment r\u00e9sonnant, expressif et profond, avec une esth\u00e9tique et une pr\u00e9sence contemporaines.<\/p>\n<p>&nbsp;<\/p>\n<p>LORENZO LIPPI est consid\u00e9r\u00e9 depuis longtemps comme l&rsquo;un des luthiers italiens les plus estim\u00e9s, connu pour ses \u0153uvres raffin\u00e9es et pour la haute qualit\u00e9 sonore de ses instruments.<\/p>\n<p>Il a commenc\u00e9 sa carri\u00e8re principalement en construisant des instruments anciens et plus tard, pendant des ann\u00e9es, \u00e9galement en travaillant des guitares et des mandolines classiques.<\/p>\n<p>Il poss\u00e8de une vaste exp\u00e9rience en tant que professeur \u00e0 la \u00ab Civica Scuola di Liuteria \u00bb de Milan, o\u00f9, depuis 1979, il a particip\u00e9 activement \u00e0 la formation d&rsquo;une grande partie des luthiers italiens actuels ainsi que de plusieurs luthiers \u00e9trangers. Bien connu \u00e9galement pour ses \u00e9tudes organologiques et technologiques, il est l&rsquo;auteur de plusieurs publications\u00a0; r\u00e9cemment, il a \u00e9crit quelques articles pour la nouvelle \u00e9dition du \u00ab Grove Dictionary of Musical Instruments \u00bb ; il est souvent invit\u00e9 \u00e0 donner des conf\u00e9rences et des master classes \u00e0 l&rsquo;\u00e9tranger.<\/p>\n<p>Premier Prix et M\u00e9daille d&rsquo;Or au \u00ab Troisi\u00e8me Concours International de Fabrication d&rsquo;Instruments \u00bb \u00e0 Pisogne (BS).<\/p>\n<p>Depuis pr\u00e8s de 40 ans, je travaille dans la tradition centenaire de la lutherie italienne, en construisant des instruments professionnels \u00e0 cordes pinc\u00e9es et en recherchant le m\u00e9lange entre l&rsquo;\u00e9l\u00e9gance et le raffinement de la construction et un son qui puisse satisfaire les professionnels les plus exigeants.<\/p>\n<p>Bas\u00e9 sur un design classique mais produit d&rsquo;une recherche et d&rsquo;une \u00e9volution incessantes de la construction \u2013 peut-\u00eatre moins visible \u2013 visant toujours \u00e0 am\u00e9liorer la qualit\u00e9 sonore et esth\u00e9tique, avec le plus grand soin pour une jouabilit\u00e9 confortable et facile.<\/p>\n<p>Le c\u0153ur du travail du luthier est en grande partie invisible et la qualit\u00e9 se retrouve dans les d\u00e9tails, souvent innovants et cach\u00e9s : une longue et solide exp\u00e9rience est toujours la meilleure garantie\u2026<\/p>\n<p>Plusieurs musiciens du monde entier (Japon, Pays-Bas, Norv\u00e8ge, Italie, France, Autriche, Etats-Unis, Suisse, Chine, Cor\u00e9e, Taiwan, Mexique et Gr\u00e8ce) interpr\u00e8tent les instruments de Lorenzo Lippi.<\/p>\n<p>MA ROSETTE : UN HOMMAGE \u00c0 LA VILLE DE MILAN<\/p>\n<p>Le design des rosaces de mes guitares est un\u00a0hommage \u00e0 ma ville \u2013 Milan \u2013 et \u00e0 son monument embl\u00e9matique\u00a0: la magnifique cath\u00e9drale gothique et\u00a0la \u00ab Madonnina \u00bb qui domine son sommet.<\/p>\n<p>La \u00ab Madonnina \u00bb est une statue qui repr\u00e9sente\u00a0la Vierge Marie, \u00e0 qui le temple est d\u00e9di\u00e9\u00a0; il est recouvert de feuilles d&rsquo;or et est plac\u00e9 sur la fl\u00e8che la plus haute de la cath\u00e9drale, \u00e0 laquelle les citoyens de Milan sont tr\u00e8s attach\u00e9s.<\/p>\n<p>Dans mes rosaces, la Cath\u00e9drale est repr\u00e9sent\u00e9e de mani\u00e8re stylis\u00e9e par une d\u00e9coration r\u00e9alis\u00e9e en nacre et un \u00e9l\u00e9ment en laiton (ou en or pur \u00e9galement) pour repr\u00e9senter la \u00ab Madonnina \u00bb.<\/p>\n<p>Le m\u00eame design est repris en sp\u00e9culaire avec du bois de palmier. L&rsquo;ensemble de la d\u00e9coration est encadr\u00e9 par\u00a0des filets en bois de serpent<\/p>\n","protected":false},"excerpt":{"rendered":"[youtube v=xkY1QC_oMbk maxwidth=\"800px\"]\n<p>&nbsp;<\/p>\n<p>Directement de Milan en Italie,<\/p>\n<p>Un tout nouveau mod\u00e8le CK concert, qui rejoint le mod\u00e8le de guitare plus traditionnel comme alternative. Cette guitare est le r\u00e9sultat de la recherche que Lorenzo a engag\u00e9e ces derni\u00e8res ann\u00e9es.<\/p>\n<p>Afin d&rsquo;am\u00e9liorer la surface vibrante, Lorenzo a totalement supprim\u00e9 le trou central, en le rempla\u00e7ant par deux trous classiques sur le c\u00f4t\u00e9 de la touche, en m\u00eame temps deux barres courbes en fibre de carbone, tr\u00e8s rigides et recouvertes de sapin, cr\u00e9ent une surface vibrant comme une membrane.<\/p>\n<p>Le r\u00e9sultat est un instrument dot\u00e9 d&rsquo;un bo\u00eetier rigide et d&rsquo;une table d&rsquo;harmonie tr\u00e8s vibrante. Un instrument vraiment r\u00e9sonnant, expressif et profond, avec une esth\u00e9tique et une pr\u00e9sence contemporaines.<\/p>\n<p>Un essaie s&rsquo;impose !!!<\/p>\n","protected":false},"featured_media":51734,"comment_status":"closed","ping_status":"closed","template":"","meta":{"_mo_disable_npp":""},"product_brand":[],"product_cat":[1058,1057],"product_tag":[],"class_list":{"0":"post-51724","1":"product","2":"type-product","3":"status-publish","4":"has-post-thumbnail","6":"product_cat-guitares","7":"product_cat-guitares-classique","8":"sales-flash-overlay","9":"woocommerce-text-align-left","10":"woocommerce-image-align-center","11":"do-quantity-buttons","12":"wc-has-gallery","14":"first","15":"instock","16":"sold-individually","17":"taxable","18":"shipping-taxable","19":"purchasable","20":"product-type-simple"},"_links":{"self":[{"href":"https:\/\/www.grandsalondeguitare.com\/fr\/wp-json\/wp\/v2\/product\/51724","targetHints":{"allow":["GET"]}}],"collection":[{"href":"https:\/\/www.grandsalondeguitare.com\/fr\/wp-json\/wp\/v2\/product"}],"about":[{"href":"https:\/\/www.grandsalondeguitare.com\/fr\/wp-json\/wp\/v2\/types\/product"}],"replies":[{"embeddable":true,"href":"https:\/\/www.grandsalondeguitare.com\/fr\/wp-json\/wp\/v2\/comments?post=51724"}],"wp:featuredmedia":[{"embeddable":true,"href":"https:\/\/www.grandsalondeguitare.com\/fr\/wp-json\/wp\/v2\/media\/51734"}],"wp:attachment":[{"href":"https:\/\/www.grandsalondeguitare.com\/fr\/wp-json\/wp\/v2\/media?parent=51724"}],"wp:term":[{"taxonomy":"product_brand","embeddable":true,"href":"https:\/\/www.grandsalondeguitare.com\/fr\/wp-json\/wp\/v2\/product_brand?post=51724"},{"taxonomy":"product_cat","embeddable":true,"href":"https:\/\/www.grandsalondeguitare.com\/fr\/wp-json\/wp\/v2\/product_cat?post=51724"},{"taxonomy":"product_tag","embeddable":true,"href":"https:\/\/www.grandsalondeguitare.com\/fr\/wp-json\/wp\/v2\/product_tag?post=51724"}],"curies":[{"name":"wp","href":"https:\/\/api.w.org\/{rel}","templated":true}]}}