{"id":51660,"date":"2024-07-16T10:41:00","date_gmt":"2024-07-16T15:41:01","guid":{"rendered":"https:\/\/www.grandsalondeguitare.com\/?post_type=product&#038;p=51660"},"modified":"2024-07-26T17:39:45","modified_gmt":"2024-07-26T22:39:45","slug":"c-762-lorenzo-lippi-italie-copy","status":"publish","type":"product","link":"https:\/\/www.grandsalondeguitare.com\/fr\/produit\/c-762-lorenzo-lippi-italie-copy\/","title":{"rendered":"C-765, Edoardo Piccioni (Italie)"},"content":{"rendered":"<p>Nouvelle guitare classique de concert<\/p>\n<p>Roma \u00c9dition Limit\u00e9e REG 2024<\/p>\n<p>D\u00e9di\u00e9 \u00e0 \u00ab\u00a0Giulia Farn\u00e8se La Belle\u00a0\u00bb<\/p>\n<p>\u00c9chelle de 650 mm avec sillet de 52 mm<\/p>\n<p>Table en \u00e9pic\u00e9a \u00ab\u00a0Val di Flemme\u00a0\u00bb<\/p>\n<p>Barrage lattice avec du balsa et fibre de carbone<\/p>\n<p>Dos et \u00e9clisses en Cocobolo (Dalbergia Retusa)<\/p>\n<p>Dos et \u00e9clisses sont doubler a l&rsquo;int\u00e9rieur avec de l&rsquo;\u00e9pic\u00e9a<\/p>\n<p>Manche en c\u00e8dre<\/p>\n<p>Touche en \u00e9b\u00e8ne du Gabon<\/p>\n<p>Chevalet et plaquage de la t\u00eate en palissandre Indien<\/p>\n<p>Incrustation du bloc d&rsquo;attache et reliures assorties \u00e0 la rosace<\/p>\n<p>M\u00e9caniques Alessi avec boutons en nacre<\/p>\n<p>Table d&rsquo;harmonie finis au tampon en polis fran\u00e7ais<\/p>\n<p>Le reste de la guitare a une finition acrylique<\/p>\n<p>\u00c9tui rigide VS de fabrication italienne inclus<\/p>\n<p>&nbsp;<\/p>\n<p>Le poids de la guitare est de 1,75 kg \/ 3,527 lbs<\/p>\n<p>La longueur du corps est de 49 cm \/ 19,29 pouces<\/p>\n<p>La profondeur du corps est de 10 cm \/ 3,937 pouces<\/p>\n<p>Le bout sup\u00e9rieur mesure 28 cm \/ 11,02 pouces<\/p>\n<p>Le bout inf\u00e9rieur est de 37,5 cm \/ 14,76 pouces<\/p>\n<p>&nbsp;<\/p>\n<p>\u00c0 l&rsquo;\u00e2ge de 7 ans, il commence \u00e0 \u00e9tudier la guitare classique, poursuivant sa formation jusqu&rsquo;au dipl\u00f4me \u00e0 l&rsquo;Istituto Superiore di Studi Musicali G. Briccialdi de Terni.<\/p>\n<p>Jouant sur des guitares prestigieuses au Conservatoire de Musique et dans de nombreux cours de perfectionnement, il fut anim\u00e9 par une grande passion qui le conduisit \u00e0 une \u00e9tude rigoureuse de la physique du son appliqu\u00e9e aux mod\u00e8les de construction par les grands ma\u00eetres luthiers, puis \u00e0 la construction de guitares \u00e0 travers l&rsquo;acquisition patiente de l&rsquo;art ancien gr\u00e2ce \u00e0 l&rsquo;enseignement pr\u00e9cieux des ouvriers qui transmettent ce savoir depuis des g\u00e9n\u00e9rations dans les laboratoires des luthiers.<\/p>\n<p><span class=\"tlid-translation translation photoswipe-wrapper\"><a class=\"dt-pswp-item pspw-wrap-ready\" href=\"https:\/\/www.edoardopiccioniliutaio.com\/wp-content\/uploads\/2013\/08\/BIOGRAFIA-EDOARDO.jpg\" data-dt-img-description=\"\" data-large_image_width=\"225\" data-large_image_height=\"300\"><img loading=\"lazy\" decoding=\"async\" class=\" wp-image-1479 alignleft\" src=\"https:\/\/www.edoardopiccioniliutaio.com\/wp-content\/uploads\/2013\/08\/BIOGRAFIA-EDOARDO-225x300.jpg\" alt=\"\" width=\"187\" height=\"249\" \/><\/a><\/span><\/p>\n<p>Depuis 2004, dans son Laboratoire de Vallerano (VT), il cr\u00e9e des instruments traditionnels sur une id\u00e9e et un design personnels, recherchant un \u00e9tat m\u00e9taphysique id\u00e9al de l&rsquo;\u00e9quilibre entre le son, les timbres et les diverses dynamiques.<\/p>\n<p>Bois pr\u00e9cieux et s\u00e9ch\u00e9s de vingt-cinq \u00e0 plus de cinquante ans: sapin du Val di Fiemme, c\u00e8dre du Canada, sapin de Sitka, palissandre indien, santos, amarante, \u00e9b\u00e8ne de makassar et du gabon, cocobolo, \u00e9rable marbr\u00e9 et oeill\u00e9, peuplier marbr\u00e9, cypr\u00e8s, acajou du honduras, cedrella, donc bois pour toute demande.<\/p>\n<p>Les colles sont d&rsquo;origine animale, les vernis \u00e0 base de gomme laque, et de nombreux outils du pass\u00e9 sont son mat\u00e9riel de travail.<\/p>\n<p>Ses guitares sont construites une \u00e0 la fois, d\u00e9di\u00e9es \u00e0 des personnes et \u00e0 des \u00e9v\u00e9nements particuliers, li\u00e9s \u00e0 des philosophies herm\u00e9tiques, qui ont inspir\u00e9 la construction.<\/p>\n<p>Ce sont des instruments appr\u00e9ci\u00e9s par de nombreux concertistes de renomm\u00e9e nationale et internationale.<\/p>\n<p>&nbsp;<\/p>\n<p>*** Nous sommes fiers d&rsquo;\u00eatre le revendeur exclusif en Am\u00e9rique du Nord des guitares Edoardo Piccioni ***<\/p>\n<p>&nbsp;<\/p>\n","protected":false},"excerpt":{"rendered":"[youtube v=UZlfQhNEGi8 maxwidth=\"800px\"]\n<p>&nbsp;<\/p>\n<p>Directement de Vallerano Italie !!!<\/p>\n<p>Roma \u00c9dition Limit\u00e9e REG 2024,\u00a0d\u00e9di\u00e9e \u00e0 \u00ab\u00a0Giulia Farnese La Belle\u00a0\u00bb<\/p>\n<p>Notre premi\u00e8re et superbe belle guitare lattice avec table en \u00e9pic\u00e9a est arriv\u00e9e !!!<\/p>\n<p>De magnifiques bois bien vieillis offrant un timbre profond et riche, excellent \u00e9quilibre, jouabilit\u00e9 et projection de niveau concert !!!<\/p>\n<p>Un essaie s&rsquo;impose&#8230;<\/p>\n","protected":false},"featured_media":51664,"comment_status":"closed","ping_status":"closed","template":"","meta":{"_mo_disable_npp":""},"product_brand":[],"product_cat":[1058,1057],"product_tag":[],"class_list":{"0":"post-51660","1":"product","2":"type-product","3":"status-publish","4":"has-post-thumbnail","6":"product_cat-guitares","7":"product_cat-guitares-classique","8":"sales-flash-overlay","9":"woocommerce-text-align-left","10":"woocommerce-image-align-center","11":"do-quantity-buttons","12":"wc-has-gallery","14":"first","15":"outofstock","16":"sold-individually","17":"taxable","18":"shipping-taxable","19":"product-type-simple"},"_links":{"self":[{"href":"https:\/\/www.grandsalondeguitare.com\/fr\/wp-json\/wp\/v2\/product\/51660","targetHints":{"allow":["GET"]}}],"collection":[{"href":"https:\/\/www.grandsalondeguitare.com\/fr\/wp-json\/wp\/v2\/product"}],"about":[{"href":"https:\/\/www.grandsalondeguitare.com\/fr\/wp-json\/wp\/v2\/types\/product"}],"replies":[{"embeddable":true,"href":"https:\/\/www.grandsalondeguitare.com\/fr\/wp-json\/wp\/v2\/comments?post=51660"}],"wp:featuredmedia":[{"embeddable":true,"href":"https:\/\/www.grandsalondeguitare.com\/fr\/wp-json\/wp\/v2\/media\/51664"}],"wp:attachment":[{"href":"https:\/\/www.grandsalondeguitare.com\/fr\/wp-json\/wp\/v2\/media?parent=51660"}],"wp:term":[{"taxonomy":"product_brand","embeddable":true,"href":"https:\/\/www.grandsalondeguitare.com\/fr\/wp-json\/wp\/v2\/product_brand?post=51660"},{"taxonomy":"product_cat","embeddable":true,"href":"https:\/\/www.grandsalondeguitare.com\/fr\/wp-json\/wp\/v2\/product_cat?post=51660"},{"taxonomy":"product_tag","embeddable":true,"href":"https:\/\/www.grandsalondeguitare.com\/fr\/wp-json\/wp\/v2\/product_tag?post=51660"}],"curies":[{"name":"wp","href":"https:\/\/api.w.org\/{rel}","templated":true}]}}