{"id":51587,"date":"2024-07-06T10:23:55","date_gmt":"2024-07-06T15:23:55","guid":{"rendered":"https:\/\/www.grandsalondeguitare.com\/?post_type=product&#038;p=51587"},"modified":"2025-11-22T12:24:16","modified_gmt":"2025-11-22T17:24:16","slug":"a-380-la-bella-500p-copy","status":"publish","type":"product","link":"https:\/\/www.grandsalondeguitare.com\/fr\/produit\/a-380-la-bella-500p-copy\/","title":{"rendered":"A-381, La Bella 413P-Studio"},"content":{"rendered":"<p>La Bella 413P Studio \u00ab\u00a0Recording Strings\u00a0\u00bb guitare classique \u00e0 tension moyenne, ensemble complet<\/p>\n<p>D&rsquo;une conception unique, l&rsquo;ensemble 413P Studio Professional est dot\u00e9 d&rsquo;aigus en nylon haute densit\u00e9 clair et de basses polies. Premier jeu de cordes de guitare classique sans bruit au monde, cet ensemble est dot\u00e9 de basses polies avec pr\u00e9cision en or.<\/p>\n<p>Le processus minutieux de polissage des cordes enroul\u00e9es lisse la surface \u00e0 l\u2019aide d\u2019une m\u00e9thode de meulage \u00e0 la pierre. Cela aide \u00e0 \u00e9liminer le grincement violent lors du changement de position ou de la lecture d&rsquo;un glissando.<\/p>\n<p>R\u00e9cemment am\u00e9lior\u00e9es avec une nouvelle construction pour une qualit\u00e9 et une coh\u00e9rence accrues, les cordes 413P Studio sont le choix pr\u00e9f\u00e9r\u00e9 des artistes pour les concerts et les enregistrements en studio.<\/p>\n<p>Remarque\u00a0: La technique de polissage enl\u00e8ve le placage d\u2019argent, exposant l\u00e9g\u00e8rement le fil de cuivre. En cons\u00e9quence, la couleur peut varier de l\u2019argent au brun en passant par le gris.<\/p>\n<table style=\"height: 221px;\" width=\"644\">\n<tbody>\n<tr>\n<th>SKU<\/th>\n<th>Note<\/th>\n<th>Diametre pouce<\/th>\n<th>Diametre mm<\/th>\n<th>Tension lbs<\/th>\n<th>Tension Kgs<\/th>\n<\/tr>\n<tr>\n<td>11ST<\/td>\n<td>E<\/td>\n<td>0.028<\/td>\n<td>0.7112<\/td>\n<td>16.72<\/td>\n<td>7.58<\/td>\n<\/tr>\n<tr>\n<td>12ST<\/td>\n<td>B<\/td>\n<td>0.032<\/td>\n<td>0.8128<\/td>\n<td>13.20<\/td>\n<td>5.98<\/td>\n<\/tr>\n<tr>\n<td>13ST<\/td>\n<td>G<\/td>\n<td>0.040<\/td>\n<td>1.016<\/td>\n<td>12.76<\/td>\n<td>5.78<\/td>\n<\/tr>\n<tr>\n<td>14ST<\/td>\n<td>D<\/td>\n<td>0.29<\/td>\n<td>0.7366<\/td>\n<td>14.08<\/td>\n<td>6.38<\/td>\n<\/tr>\n<tr>\n<td>15ST<\/td>\n<td>A<\/td>\n<td>0.34<\/td>\n<td>0.8636<\/td>\n<td>14.30<\/td>\n<td>6.48<\/td>\n<\/tr>\n<tr>\n<td>16ST<\/td>\n<td>E<\/td>\n<td>0.44<\/td>\n<td>1.1176<\/td>\n<td>12.32<\/td>\n<\/tr>\n<\/tbody>\n<\/table>\n<p>&nbsp;<\/p>\n<p>&nbsp;<\/p>\n<p>Les aigus en nylon transparent produisent une plus grande transparence auditive et une meilleure projection sonore<\/p>\n<p>Les basses polies produisent une m\u00e9moire exceptionnelle pour la hauteur et une production sonore coh\u00e9rente.<\/p>\n<p>Tension moyenne<\/p>\n<p>Triples en nylon transparent\u00a0: 0,028, 0,032, 0,040\u00a0;<\/p>\n<p>Basses enroul\u00e9es polies\u00a0: .029 .034 .044<\/p>\n<p>Fabriqu\u00e9 aux \u00c9tats-Unis avec American Wire<\/p>\n<p>Emball\u00e9 \u00e0 l&rsquo;aide de la technologie MAP (Modified Atmosphere Packaging) pour \u00e9viter le ternissement et garantir la fra\u00eecheur.<\/p>\n","protected":false},"excerpt":{"rendered":"<p>La Bella 413P \u2013 Studio (Enregistrement)<\/p>\n<p>Cordes de guitare classique \u00e0 tension moyenne<\/p>\n<p>Ensemble complet<\/p>\n","protected":false},"featured_media":51589,"comment_status":"closed","ping_status":"closed","template":"","meta":{"_mo_disable_npp":""},"product_brand":[],"product_cat":[1052,1054],"product_tag":[1508],"class_list":{"0":"post-51587","1":"product","2":"type-product","3":"status-publish","4":"has-post-thumbnail","6":"product_cat-accessoires","7":"product_cat-cordes","8":"product_tag-la-bella-professional-classical-guitar-strings-fr","9":"sales-flash-overlay","10":"woocommerce-text-align-left","11":"woocommerce-image-align-center","12":"do-quantity-buttons","14":"first","15":"instock","16":"taxable","17":"shipping-taxable","18":"purchasable","19":"product-type-simple"},"_links":{"self":[{"href":"https:\/\/www.grandsalondeguitare.com\/fr\/wp-json\/wp\/v2\/product\/51587","targetHints":{"allow":["GET"]}}],"collection":[{"href":"https:\/\/www.grandsalondeguitare.com\/fr\/wp-json\/wp\/v2\/product"}],"about":[{"href":"https:\/\/www.grandsalondeguitare.com\/fr\/wp-json\/wp\/v2\/types\/product"}],"replies":[{"embeddable":true,"href":"https:\/\/www.grandsalondeguitare.com\/fr\/wp-json\/wp\/v2\/comments?post=51587"}],"wp:featuredmedia":[{"embeddable":true,"href":"https:\/\/www.grandsalondeguitare.com\/fr\/wp-json\/wp\/v2\/media\/51589"}],"wp:attachment":[{"href":"https:\/\/www.grandsalondeguitare.com\/fr\/wp-json\/wp\/v2\/media?parent=51587"}],"wp:term":[{"taxonomy":"product_brand","embeddable":true,"href":"https:\/\/www.grandsalondeguitare.com\/fr\/wp-json\/wp\/v2\/product_brand?post=51587"},{"taxonomy":"product_cat","embeddable":true,"href":"https:\/\/www.grandsalondeguitare.com\/fr\/wp-json\/wp\/v2\/product_cat?post=51587"},{"taxonomy":"product_tag","embeddable":true,"href":"https:\/\/www.grandsalondeguitare.com\/fr\/wp-json\/wp\/v2\/product_tag?post=51587"}],"curies":[{"name":"wp","href":"https:\/\/api.w.org\/{rel}","templated":true}]}}