{"id":51523,"date":"2024-07-02T13:28:25","date_gmt":"2024-07-02T18:28:26","guid":{"rendered":"https:\/\/www.grandsalondeguitare.com\/?post_type=product&#038;p=51523"},"modified":"2024-10-11T11:25:04","modified_gmt":"2024-10-11T16:25:04","slug":"c-623-fernando-mazza-italie-copy-2","status":"publish","type":"product","link":"https:\/\/www.grandsalondeguitare.com\/fr\/produit\/c-623-fernando-mazza-italie-copy-2\/","title":{"rendered":"C-763, Fernando Mazza (Italie)"},"content":{"rendered":"<p>Nouvelle guitare classique de concert<\/p>\n<p>Fabriqu\u00e9 \u00e0 Arezzo en Italie,<\/p>\n<p>Ann\u00e9e 2024<\/p>\n<p>Longueur d&rsquo;\u00e9chelle de 650 mm avec sillet de 52 mm<\/p>\n<p>Table en c\u00e8dre rouge (treillis renforc\u00e9 de bois de balsa et de fibre de carbone)<\/p>\n<p>Dos et \u00e9clisses en palissandre de Santos<\/p>\n<p>Les c\u00f4t\u00e9s et le dos sont lamin\u00e9s \u00e0 l&rsquo;int\u00e9rieur avec du palissandre de Santos<\/p>\n<p>Le dos est double avec un noyau interne en nomex<\/p>\n<p>Touche en \u00e9b\u00e8ne avec 20\u00e8me frette<\/p>\n<p>Frettes moyennes en alpaga Allemand<\/p>\n<p>Manche en c\u00e8dre avec renforts en carbone<\/p>\n<p>Chevalet en palissandre d&rsquo;Amazonie avec liens \u00e0 12 trous<\/p>\n<p>M\u00e9caniques A &amp; R avec boutons en \u00e9b\u00e8ne<\/p>\n<p>Sillets en os<\/p>\n<p>Marqueterie en \u00e9b\u00e8ne &amp; ch\u00eane blanc<\/p>\n<p>Accoudoir en caroubier noir<\/p>\n<p>Couvercle du port sonore en palissandre de Santos<\/p>\n<p>Rosace artisanale<\/p>\n<p>Table en laque nitrocellulose<\/p>\n<p>Laque polyur\u00e9thane brillante sur le reste de la guitare<\/p>\n<p>\u00c9tui Hiscox LiteFlite ProII inclus<\/p>\n<p>&nbsp;<\/p>\n<p>Le poids de la guitare est de 1,840 kg \/ 4.056 lb<\/p>\n<p>La longueur totale de la guitare est de 101 cm \/ 39,76 pouces<\/p>\n<p>La longueur du corps est de 49\u00a0cm \/ 19,29\u00a0pouces<\/p>\n<p>Le bout sup\u00e9rieur est de 28 cm \/ 11,02 pouces<\/p>\n<p>Le bout inf\u00e9rieur est de 37 cm \/ 14,56 pouces<\/p>\n<p>La profondeur du corps est de 10,7 cm\/ 4,21 pouces<\/p>\n<p>&nbsp;<\/p>\n<p>*** Nous sommes fiers d&rsquo;\u00eatre le revendeur exclusif en Am\u00e9rique du Nord pour les guitares \u00a0Fernando Mazza ***<\/p>\n","protected":false},"excerpt":{"rendered":"[youtube v=8IYv9MMsktM maxwidth=\"800px\"]\n<p>&nbsp;<\/p>\n<p>Une autre excellent guitare classique de concert par Fernando !!!<\/p>\n<p>Barrage \u00ab\u00a0lattice\u00a0\u00bb avec du balsa et fibre de carbone<\/p>\n<p>Un tr\u00e8s beau timbre bois\u00e9, chaud avec une attaque\/r\u00e9ponse tr\u00e8s rapide et beaucoup de \u00ab\u00a0sustain\u00a0\u00bb<\/p>\n<p>Extr\u00eamement facile a jouer avec beaucoup de projection !!!<\/p>\n<p>De nouvelles guitares Mazza arriveront en 2025, veuillez me contacter pour r\u00e9server l\u2019instrument \u00e0 venir&#8230;<\/p>\n","protected":false},"featured_media":51525,"comment_status":"closed","ping_status":"closed","template":"","meta":{"_mo_disable_npp":""},"product_brand":[],"product_cat":[1058,1057],"product_tag":[1097,1098,1099,1100,1101],"class_list":{"0":"post-51523","1":"product","2":"type-product","3":"status-publish","4":"has-post-thumbnail","6":"product_cat-guitares","7":"product_cat-guitares-classique","8":"product_tag-fernando-mazza-classical-guitars-fr","9":"product_tag-fernando-mazza-guitars-from-italy-fr","10":"product_tag-lattice-top-guitars-fr","11":"product_tag-mazza-concert-classical-guitars-fr","12":"product_tag-mazza-concert-lattice-top-fr","13":"sales-flash-overlay","14":"woocommerce-text-align-left","15":"woocommerce-image-align-center","16":"do-quantity-buttons","17":"wc-has-gallery","19":"first","20":"outofstock","21":"taxable","22":"shipping-taxable","23":"product-type-simple"},"_links":{"self":[{"href":"https:\/\/www.grandsalondeguitare.com\/fr\/wp-json\/wp\/v2\/product\/51523","targetHints":{"allow":["GET"]}}],"collection":[{"href":"https:\/\/www.grandsalondeguitare.com\/fr\/wp-json\/wp\/v2\/product"}],"about":[{"href":"https:\/\/www.grandsalondeguitare.com\/fr\/wp-json\/wp\/v2\/types\/product"}],"replies":[{"embeddable":true,"href":"https:\/\/www.grandsalondeguitare.com\/fr\/wp-json\/wp\/v2\/comments?post=51523"}],"wp:featuredmedia":[{"embeddable":true,"href":"https:\/\/www.grandsalondeguitare.com\/fr\/wp-json\/wp\/v2\/media\/51525"}],"wp:attachment":[{"href":"https:\/\/www.grandsalondeguitare.com\/fr\/wp-json\/wp\/v2\/media?parent=51523"}],"wp:term":[{"taxonomy":"product_brand","embeddable":true,"href":"https:\/\/www.grandsalondeguitare.com\/fr\/wp-json\/wp\/v2\/product_brand?post=51523"},{"taxonomy":"product_cat","embeddable":true,"href":"https:\/\/www.grandsalondeguitare.com\/fr\/wp-json\/wp\/v2\/product_cat?post=51523"},{"taxonomy":"product_tag","embeddable":true,"href":"https:\/\/www.grandsalondeguitare.com\/fr\/wp-json\/wp\/v2\/product_tag?post=51523"}],"curies":[{"name":"wp","href":"https:\/\/api.w.org\/{rel}","templated":true}]}}