{"id":51400,"date":"2024-06-28T06:58:02","date_gmt":"2024-06-28T11:58:02","guid":{"rendered":"https:\/\/www.grandsalondeguitare.com\/?post_type=product&#038;p=51400"},"modified":"2025-10-21T09:17:10","modified_gmt":"2025-10-21T14:17:10","slug":"c-739-daniel-stark-allemagne-copy","status":"publish","type":"product","link":"https:\/\/www.grandsalondeguitare.com\/fr\/produit\/c-739-daniel-stark-allemagne-copy\/","title":{"rendered":"C-762, Lorenzo Lippi (Italie)"},"content":{"rendered":"<p>Guitare classique \u00e0 double table de concert<\/p>\n<p>Fabriqu\u00e9 \u00e0 Milan en Italie<\/p>\n<p>Ann\u00e9e 2024<\/p>\n<p>Mod\u00e8le concert &#8211; VG51549<\/p>\n<p>\u00c9chelle de 650 mm avec sillet de 52 mm<\/p>\n<p>Double table \u00c9pic\u00e9a \/ C\u00e8dre italien<\/p>\n<p>Barrages en \u00e9ventail avec noyau interne en Nomex<\/p>\n<p>Dos et \u00e9clisses en palissandre indien (qualit\u00e9 master)<\/p>\n<p>Manche en c\u00e8dre d&rsquo;Espagne (tr\u00e8s rare et figur\u00e9)<\/p>\n<p>Touche moiti\u00e9 en \u00e9b\u00e8ne \/ moiti\u00e9 en acajou<\/p>\n<p>Chevalet et plaquage de la t\u00eate en palissandre Indien<\/p>\n<p>Rosace avec nacre, laiton, bois de serpent et bois de palmier<\/p>\n<p>Reliures en bois de serpent<\/p>\n<p>M\u00e9caniques Perona<\/p>\n<p>Finition vernis fran\u00e7ais frott\u00e9e \u00e0 la main<\/p>\n<p>\u00c9tui Hiscox Liteflite PROII inclus<\/p>\n<p>&nbsp;<\/p>\n<p>Le poids de la guitare est de 1,60 Kg \/ 3,527 lbs<\/p>\n<p>La longueur du corps est de 48 cm \/ 18,89 pouces<\/p>\n<p>La profondeur du corps est de 9,5 cm \/ 3,74 pouces<\/p>\n<p>Le bout sup\u00e9rieur mesure 27,5\u00a0cm\u00a0\/\u00a010,826\u00a0pouces<\/p>\n<p>Le bout inf\u00e9rieur est de 36,5 cm \/ 14,37 pouces<\/p>\n<p>&nbsp;<\/p>\n<p>LORENZO LIPPI est consid\u00e9r\u00e9 depuis longtemps comme l&rsquo;un des luthiers italiens les plus estim\u00e9s, connu pour ses \u0153uvres raffin\u00e9es et pour la haute qualit\u00e9 sonore de ses instruments.<\/p>\n<p>Il a commenc\u00e9 sa carri\u00e8re principalement en construisant des instruments anciens et plus tard, pendant des ann\u00e9es, \u00e9galement en travaillant des guitares et des mandolines classiques.<\/p>\n<p>Il poss\u00e8de une vaste exp\u00e9rience en tant que professeur \u00e0 la \u00ab Civica Scuola di Liuteria \u00bb de Milan, o\u00f9, depuis 1979, il a particip\u00e9 activement \u00e0 la formation d&rsquo;une grande partie des luthiers italiens actuels ainsi que de plusieurs luthiers \u00e9trangers. Bien connu \u00e9galement pour ses \u00e9tudes organologiques et technologiques, il est l&rsquo;auteur de plusieurs publications\u00a0; r\u00e9cemment, il a \u00e9crit quelques articles pour la nouvelle \u00e9dition du \u00ab Grove Dictionary of Musical Instruments \u00bb ; il est souvent invit\u00e9 \u00e0 donner des conf\u00e9rences et des master classes \u00e0 l&rsquo;\u00e9tranger.<\/p>\n<p>Premier Prix et M\u00e9daille d&rsquo;Or au \u00ab Troisi\u00e8me Concours International de Fabrication d&rsquo;Instruments \u00bb \u00e0 Pisogne (BS).<\/p>\n<p>Depuis pr\u00e8s de 40 ans, je travaille dans la tradition centenaire de la lutherie italienne, en construisant des instruments professionnels \u00e0 cordes pinc\u00e9es et en recherchant le m\u00e9lange entre l&rsquo;\u00e9l\u00e9gance et le raffinement de la construction et un son qui puisse satisfaire les professionnels les plus exigeants.<\/p>\n<p>Bas\u00e9 sur un design classique mais produit d&rsquo;une recherche et d&rsquo;une \u00e9volution incessantes de la construction \u2013 peut-\u00eatre moins visible \u2013 visant toujours \u00e0 am\u00e9liorer la qualit\u00e9 sonore et esth\u00e9tique, avec le plus grand soin pour une jouabilit\u00e9 confortable et facile.<\/p>\n<p>Le c\u0153ur du travail du luthier est en grande partie invisible et la qualit\u00e9 se retrouve dans les d\u00e9tails, souvent innovants et cach\u00e9s : une longue et solide exp\u00e9rience est toujours la meilleure garantie\u2026<\/p>\n<p>Plusieurs musiciens du monde entier (Japon, Pays-Bas, Norv\u00e8ge, Italie, France, Autriche, Etats-Unis, Suisse, Chine, Cor\u00e9e, Taiwan, Mexique et Gr\u00e8ce) interpr\u00e8tent les instruments de Lorenzo Lippi.<\/p>\n<p>MA ROSETTE : UN HOMMAGE \u00c0 LA VILLE DE MILAN<\/p>\n<p>Le design des rosaces de mes guitares est un\u00a0hommage \u00e0 ma ville \u2013 Milan \u2013 et \u00e0 son monument embl\u00e9matique\u00a0: la magnifique cath\u00e9drale gothique et\u00a0la \u00ab Madonnina \u00bb qui domine son sommet.<\/p>\n<p>La \u00ab Madonnina \u00bb est une statue qui repr\u00e9sente\u00a0la Vierge Marie, \u00e0 qui le temple est d\u00e9di\u00e9\u00a0; il est recouvert de feuilles d&rsquo;or et est plac\u00e9 sur la fl\u00e8che la plus haute de la cath\u00e9drale, \u00e0 laquelle les citoyens de Milan sont tr\u00e8s attach\u00e9s.<\/p>\n<p>Dans mes rosaces, la Cath\u00e9drale est repr\u00e9sent\u00e9e de mani\u00e8re stylis\u00e9e par une d\u00e9coration r\u00e9alis\u00e9e en nacre et un \u00e9l\u00e9ment en laiton (ou en or pur \u00e9galement) pour repr\u00e9senter la \u00ab Madonnina \u00bb.<\/p>\n<p>Le m\u00eame design est repris en sp\u00e9culaire avec du bois de palmier. L&rsquo;ensemble de la d\u00e9coration est encadr\u00e9 par\u00a0des filets en bois de serpent<\/p>\n","protected":false},"excerpt":{"rendered":"[youtube v=JquxstZ9xns maxwidth=\u00a0\u00bb800px\u00a0\u00bb<\/p>\n<p>&nbsp;<\/p>\n<p>Directement de Milan en Italie, notre premi\u00e8re et tr\u00e8s impressionnante double table est arriv\u00e9e !!!<\/p>\n<p>Un timbre si riche !!! Avec un excellent \u00e9quilibre, jouabilit\u00e9 et une projection de niveau concert !!!<\/p>\n<p>Les guitares Lorenzo Lippi sont pens\u00e9es et con\u00e7ues pour soutenir l&rsquo;expressivit\u00e9 de chaque musicien.<\/p>\n<p>Chaque instrument doit privil\u00e9gier le son et la technique que le joueur souhaite : la guitare ne doit pas \u00eatre celle qui impose sa personnalit\u00e9 au musicien, mais plut\u00f4t aider sa cr\u00e9ativit\u00e9 ; non pas un cheval sauvage \u00e0 dompter, mais un instrument docile entre les mains du joueur.<\/p>\n<p>La jouabilit\u00e9 est notre priorit\u00e9, le confort du musicien est la premi\u00e8re et fondamentale caract\u00e9ristique \u00e0 laquelle nous aspirons, ainsi que le juste \u00e9quilibre entre les diff\u00e9rents registres : ni basses excessives au d\u00e9triment des registres m\u00e9diums et aigus, ni aigus brillants sans le bon soutien harmonique des cordes graves, mais un \u00e9quilibre g\u00e9n\u00e9ral capable de suivre la volont\u00e9 du musicien dans chaque modulation ton\/volume, bien qu&rsquo;\u00e9nergique.<\/p>\n<p>Tout cela m\u00e9lang\u00e9 avec \u00e9videmment le bon sustain et une tonalit\u00e9 riche en harmoniques qui permet diff\u00e9rentes nuances sonores, allant des basses riches et grasses aux aigus brillants et expressifs.<\/p>\n<p>Les guitares Lorenzo Lippi naissent \u00ab matures \u00bb, mais sont \u00e9galement con\u00e7ues pour se d\u00e9velopper avec le musicien, s&rsquo;am\u00e9liorer et \u00e9voluer constamment avec le monde sonore du musicien.<\/p>\n<p>&nbsp;<\/p>\n<p>[youtube v=8rsnWsFGeCM maxwidth=\"800px\"]\n","protected":false},"featured_media":51402,"comment_status":"closed","ping_status":"closed","template":"","meta":{"_mo_disable_npp":""},"product_brand":[],"product_cat":[2257,1058,1057],"product_tag":[],"class_list":{"0":"post-51400","1":"product","2":"type-product","3":"status-publish","4":"has-post-thumbnail","6":"product_cat-double-tables","7":"product_cat-guitares","8":"product_cat-guitares-classique","9":"sales-flash-overlay","10":"woocommerce-text-align-left","11":"woocommerce-image-align-center","12":"do-quantity-buttons","13":"wc-has-gallery","15":"first","16":"outofstock","17":"sold-individually","18":"taxable","19":"shipping-taxable","20":"product-type-simple"},"_links":{"self":[{"href":"https:\/\/www.grandsalondeguitare.com\/fr\/wp-json\/wp\/v2\/product\/51400","targetHints":{"allow":["GET"]}}],"collection":[{"href":"https:\/\/www.grandsalondeguitare.com\/fr\/wp-json\/wp\/v2\/product"}],"about":[{"href":"https:\/\/www.grandsalondeguitare.com\/fr\/wp-json\/wp\/v2\/types\/product"}],"replies":[{"embeddable":true,"href":"https:\/\/www.grandsalondeguitare.com\/fr\/wp-json\/wp\/v2\/comments?post=51400"}],"wp:featuredmedia":[{"embeddable":true,"href":"https:\/\/www.grandsalondeguitare.com\/fr\/wp-json\/wp\/v2\/media\/51402"}],"wp:attachment":[{"href":"https:\/\/www.grandsalondeguitare.com\/fr\/wp-json\/wp\/v2\/media?parent=51400"}],"wp:term":[{"taxonomy":"product_brand","embeddable":true,"href":"https:\/\/www.grandsalondeguitare.com\/fr\/wp-json\/wp\/v2\/product_brand?post=51400"},{"taxonomy":"product_cat","embeddable":true,"href":"https:\/\/www.grandsalondeguitare.com\/fr\/wp-json\/wp\/v2\/product_cat?post=51400"},{"taxonomy":"product_tag","embeddable":true,"href":"https:\/\/www.grandsalondeguitare.com\/fr\/wp-json\/wp\/v2\/product_tag?post=51400"}],"curies":[{"name":"wp","href":"https:\/\/api.w.org\/{rel}","templated":true}]}}