{"id":51344,"date":"2024-06-27T09:29:09","date_gmt":"2024-06-27T14:29:10","guid":{"rendered":"https:\/\/www.grandsalondeguitare.com\/?post_type=product&#038;p=51344"},"modified":"2025-09-20T09:44:55","modified_gmt":"2025-09-20T14:44:55","slug":"c-747-elias-bonet-monne-espagne-copy","status":"publish","type":"product","link":"https:\/\/www.grandsalondeguitare.com\/fr\/produit\/c-747-elias-bonet-monne-espagne-copy\/","title":{"rendered":"C-761, David Rouse (Angleterre)"},"content":{"rendered":"<p>Guitare classique de concert<\/p>\n<p>N-139,<\/p>\n<p>Fabriqu\u00e9 en 2012<\/p>\n<p>\u00c9chelle de 650\u00a0mm avec sillet de 52\u00a0mm<\/p>\n<p>Table en \u00e9pic\u00e9a europ\u00e9en<\/p>\n<p>Dos et \u00e9clisses en palissandre Indien figur\u00e9<\/p>\n<p>Manche en c\u00e8dre du Honduras (l\u00e9g\u00e8rement sur\u00e9lev\u00e9)<\/p>\n<p>Touche en \u00e9b\u00e8ne africain<\/p>\n<p>Chevalet en palissandre Indien<\/p>\n<p>Reliures &amp; placage de la tete en \u00e9b\u00e8ne<\/p>\n<p>M\u00e9caniques Rodgers avec boutons en corne noire<\/p>\n<p>Finition au tampon en polis Fran\u00e7ais<\/p>\n<p>\u00c9tuis rigide inclus<\/p>\n<p>&nbsp;<\/p>\n<p>Le poids de la guitare est de 1,60 kg \/ 3,52 lbs<\/p>\n<p>La longueur du corps est de 48,5 cm \/ 19,09 pouces<\/p>\n<p>Le bout sup\u00e9rieur mesure 28,5 cm \/ 11,22 pouces<\/p>\n<p>Le bout inf\u00e9rieur mesure 36,5 cm \/ 14,37 pouces<\/p>\n<p>La largeur est de 9,5 cm \/ 3,74 pouces<\/p>\n<p>La longueur totale de la guitare est de 99 cm \/ 38,97 pouces<\/p>\n<p>&nbsp;<\/p>\n<p>David Rouse a commenc\u00e9 \u00e0 fabriquer des guitares professionnellement en 1991 apr\u00e8s quatre ann\u00e9es d&rsquo;\u00e9tudes en construction d&rsquo;instruments \u00e0 Londres.<\/p>\n<p>Il accorde une grande attention aux d\u00e9tails et son savoir-faire r\u00e9pond aux normes les plus \u00e9lev\u00e9es. Il est important pour lui, en tant que \u00ab fabricant de belles guitares fabriqu\u00e9es \u00e0 la main \u00bb, que son amour de la musique classique et flamenco se refl\u00e8te dans les guitares qu\u2019il produit.<\/p>\n<p>Il a travaill\u00e9 dur au fil des ann\u00e9es pour trouver le ton fin et unique, en se concentrant sur ce que l&rsquo;on appelle vaguement \u00ab le ton \u00bb mais aussi sur toutes ses qualit\u00e9s : clarifier ; \u00e9quilibre; coh\u00e9rence; s\u00e9paration.<\/p>\n<p>Il essaie de fabriquer le genre de guitares qu&rsquo;il aime entendre, des guitares \u00e0 la fois puissantes et gracieuses, vives et m\u00e9lancoliques, subtiles et fortes.<\/p>\n<p>David travaille continuellement au d\u00e9veloppement et au perfectionnement de ses guitares afin d&rsquo;en faire des objets d&rsquo;une profonde expression musicale et d&rsquo;une beaut\u00e9 visuelle.<\/p>\n<p>La construction globale est l\u00e9g\u00e8re, donc le son est \u00e9tonnamment \u00e9norme avec une riche palette de couleurs&#8230;<\/p>\n<p>Le ton est textur\u00e9, avec des nuances amples mais une clart\u00e9 et un \u00e9quilibre excellents &#8211; une merveilleuse synth\u00e8se des styles espagnol et nord-europ\u00e9en.<\/p>\n<p>Rouse aime garder le dessus aussi l\u00e9g\u00e8rement renforc\u00e9 que possible afin de permettre une libert\u00e9 maximale de vibration.<\/p>\n<p>Sous la touche, au niveau du chausson, il utilise deux supports entre la table et le dos pour r\u00e9aliser la jonction manche\/corps tr\u00e8s solide mais tr\u00e8s l\u00e9g\u00e8re.<\/p>\n<p>La jouabilit\u00e9 est un jeu d&rsquo;enfant gr\u00e2ce \u00e0 la touche l\u00e9g\u00e8rement sur\u00e9lev\u00e9e et \u00e0 son profil de manche fin et confortable.<\/p>\n<p>Convient \u00e0 toute salle de taille \u2013 \u00e9galement un merveilleux instrument d&rsquo;enregistrement.<\/p>\n","protected":false},"excerpt":{"rendered":"[youtube v=pKVWBUSOMU4 maxwidth=\"800px\"]\n<p>&nbsp;<\/p>\n<p>Cette guitare fait partie de notre \u00ab Collection priv\u00e9e \u00bb\u00a0non destin\u00e9e \u00e0 la revente !!<\/p>\n<p>La tonalit\u00e9 de cette guitare en \u00e9pic\u00e9a de David Rouse est textur\u00e9, avec excellente clart\u00e9, separation, \u00e9quilibre et de tr\u00e8s belles harmoniques<\/p>\n<p>Une merveilleuse synth\u00e8se des styles espagnol et nord-europ\u00e9en !!!<\/p>\n<p>La jouabilit\u00e9 est un jeu d&rsquo;enfant gr\u00e2ce \u00e0 la touche l\u00e9g\u00e8rement sur\u00e9lev\u00e9e et \u00e0 son profil de manche fin et confortable.<\/p>\n<p>Convient \u00e0 toute salle de concert , \u00e9galement un merveilleux instrument d&rsquo;enregistrement.<\/p>\n","protected":false},"featured_media":51346,"comment_status":"open","ping_status":"closed","template":"","meta":{"_mo_disable_npp":""},"product_brand":[],"product_cat":[1058,1057],"product_tag":[],"class_list":{"0":"post-51344","1":"product","2":"type-product","3":"status-publish","4":"has-post-thumbnail","6":"product_cat-guitares","7":"product_cat-guitares-classique","8":"sales-flash-overlay","9":"woocommerce-text-align-left","10":"woocommerce-image-align-center","11":"do-quantity-buttons","12":"wc-has-gallery","14":"first","15":"instock","16":"taxable","17":"shipping-taxable","18":"product-type-simple"},"_links":{"self":[{"href":"https:\/\/www.grandsalondeguitare.com\/fr\/wp-json\/wp\/v2\/product\/51344","targetHints":{"allow":["GET"]}}],"collection":[{"href":"https:\/\/www.grandsalondeguitare.com\/fr\/wp-json\/wp\/v2\/product"}],"about":[{"href":"https:\/\/www.grandsalondeguitare.com\/fr\/wp-json\/wp\/v2\/types\/product"}],"replies":[{"embeddable":true,"href":"https:\/\/www.grandsalondeguitare.com\/fr\/wp-json\/wp\/v2\/comments?post=51344"}],"wp:featuredmedia":[{"embeddable":true,"href":"https:\/\/www.grandsalondeguitare.com\/fr\/wp-json\/wp\/v2\/media\/51346"}],"wp:attachment":[{"href":"https:\/\/www.grandsalondeguitare.com\/fr\/wp-json\/wp\/v2\/media?parent=51344"}],"wp:term":[{"taxonomy":"product_brand","embeddable":true,"href":"https:\/\/www.grandsalondeguitare.com\/fr\/wp-json\/wp\/v2\/product_brand?post=51344"},{"taxonomy":"product_cat","embeddable":true,"href":"https:\/\/www.grandsalondeguitare.com\/fr\/wp-json\/wp\/v2\/product_cat?post=51344"},{"taxonomy":"product_tag","embeddable":true,"href":"https:\/\/www.grandsalondeguitare.com\/fr\/wp-json\/wp\/v2\/product_tag?post=51344"}],"curies":[{"name":"wp","href":"https:\/\/api.w.org\/{rel}","templated":true}]}}