{"id":34133,"date":"2024-06-03T12:24:06","date_gmt":"2024-06-03T17:24:07","guid":{"rendered":"https:\/\/www.grandsalondeguitare.com\/?post_type=product&#038;p=34133"},"modified":"2024-06-03T12:51:14","modified_gmt":"2024-06-03T17:51:14","slug":"f-749-graciliano-perez-espagne-copy-2","status":"publish","type":"product","link":"https:\/\/www.grandsalondeguitare.com\/fr\/produit\/f-749-graciliano-perez-espagne-copy-2\/","title":{"rendered":"F-757, Graciliano Perez (Espagne)"},"content":{"rendered":"<p>Guitare Flamenca Blanca<\/p>\n<p>Fabriqu\u00e9 en 2017<\/p>\n<p>\u00c9chelle de 650 mm avec sillet de 53mm<\/p>\n<p>Table en \u00e9pic\u00e9a Allemande (des ann\u00e9es 70&rsquo;s !!!)<\/p>\n<p>Dos et \u00e9clisses en cypr\u00e8s\u00a0( de 1975 !!!)<\/p>\n<p>Manche en c\u00e8dre Espagnole<\/p>\n<p>Touche en \u00e9b\u00e8ne<\/p>\n<p>Chevalet et placage de la t\u00eate en palissandre indien<\/p>\n<p>M\u00e9caniques Gotoh<\/p>\n<p>Finition au laque nitrocellulose tr\u00e8s fine teint\u00e9e orange<\/p>\n<p>\u00c9tui rigide en cuir inclus<\/p>\n<p>&nbsp;<\/p>\n<p>Le poids de la guitare est 1,55 kg \/ 3,747 lb<\/p>\n<p>Mesure 101,6 cm \/ 40 pouces de hauteur<\/p>\n<p>La longueur du corps est de 49\u00a0cm \/ 19,29\u00a0pouces<\/p>\n<p>La profondeur du corps est de 9,5 cm \/ 3,74 pouces<\/p>\n<p>Le bout sup\u00e9rieur mesure 28,5\u00a0cm\u00a0\/ 11,22\u00a0pouces<\/p>\n<p>Le bout inf\u00e9rieur est de 36,5 cm \/ 14,17 pouces<\/p>\n","protected":false},"excerpt":{"rendered":"[youtube v=cH-4GgcFLnI maxwidth=\"800px\"]\n<p>&nbsp;<\/p>\n<p>Une autre excellente flamenca blanca de Graciliano !!!<\/p>\n<p>Cet instrument poss\u00e8de un stock de bois ancien &amp; tr\u00e8s rare qui appartenait a Miguel Rodriguez, Graciliano \u00e9tait un ami tr\u00e8s proche de Miguel et ses guitares sont fortement influenc\u00e9es par lui.<\/p>\n<p>Cette blanca a beaucoup de profondeur, puissance et du \u00ab\u00a0sustain\u00a0\u00bb, extr\u00eamement facile \u00e0 jouer&#8230;<\/p>\n<p>Un beau timbre captivant comme toujours !!!<\/p>\n","protected":false},"featured_media":34135,"comment_status":"closed","ping_status":"closed","template":"","meta":{"_mo_disable_npp":""},"product_brand":[],"product_cat":[1058,1053],"product_tag":[1161,1162,1163,1164,1119],"class_list":{"0":"post-34133","1":"product","2":"type-product","3":"status-publish","4":"has-post-thumbnail","6":"product_cat-guitares","7":"product_cat-guitares-flamenco","8":"product_tag-flamenco-guitars-from-spain-fr","9":"product_tag-graciliano-perez-cordoba-spain-fr","10":"product_tag-high-end-guitar-showroom-montreal-fr","11":"product_tag-luthier-guitars-in-montreal-canada-fr","12":"product_tag-spanish-guitars-in-montreal-canada-fr","13":"sales-flash-overlay","14":"woocommerce-text-align-left","15":"woocommerce-image-align-center","16":"do-quantity-buttons","17":"wc-has-gallery","19":"first","20":"outofstock","21":"taxable","22":"shipping-taxable","23":"product-type-simple"},"_links":{"self":[{"href":"https:\/\/www.grandsalondeguitare.com\/fr\/wp-json\/wp\/v2\/product\/34133","targetHints":{"allow":["GET"]}}],"collection":[{"href":"https:\/\/www.grandsalondeguitare.com\/fr\/wp-json\/wp\/v2\/product"}],"about":[{"href":"https:\/\/www.grandsalondeguitare.com\/fr\/wp-json\/wp\/v2\/types\/product"}],"replies":[{"embeddable":true,"href":"https:\/\/www.grandsalondeguitare.com\/fr\/wp-json\/wp\/v2\/comments?post=34133"}],"wp:featuredmedia":[{"embeddable":true,"href":"https:\/\/www.grandsalondeguitare.com\/fr\/wp-json\/wp\/v2\/media\/34135"}],"wp:attachment":[{"href":"https:\/\/www.grandsalondeguitare.com\/fr\/wp-json\/wp\/v2\/media?parent=34133"}],"wp:term":[{"taxonomy":"product_brand","embeddable":true,"href":"https:\/\/www.grandsalondeguitare.com\/fr\/wp-json\/wp\/v2\/product_brand?post=34133"},{"taxonomy":"product_cat","embeddable":true,"href":"https:\/\/www.grandsalondeguitare.com\/fr\/wp-json\/wp\/v2\/product_cat?post=34133"},{"taxonomy":"product_tag","embeddable":true,"href":"https:\/\/www.grandsalondeguitare.com\/fr\/wp-json\/wp\/v2\/product_tag?post=34133"}],"curies":[{"name":"wp","href":"https:\/\/api.w.org\/{rel}","templated":true}]}}