{"id":34078,"date":"2024-05-31T09:39:26","date_gmt":"2024-05-31T14:39:26","guid":{"rendered":"https:\/\/www.grandsalondeguitare.com\/?post_type=product&#038;p=34078"},"modified":"2024-05-31T09:50:58","modified_gmt":"2024-05-31T14:50:58","slug":"c-648-valerio-licari-italie-copy-2","status":"publish","type":"product","link":"https:\/\/www.grandsalondeguitare.com\/fr\/produit\/c-648-valerio-licari-italie-copy-2\/","title":{"rendered":"C-756, Valerio Licari (Italie)"},"content":{"rendered":"<p>Nouvelle guitare classique de concert<\/p>\n<p>Fabriqu\u00e9 en\u00a02024<\/p>\n<p>\u00ab\u00a0Albaizin\u00a0\u00bb<\/p>\n<p>Barrages traditionnel \u00e0 5 \u00e9ventails inspir\u00e9 d&rsquo;Antonio Marin<\/p>\n<p>\u00c9chelle de 650 mm avec sillet de 52 mm<\/p>\n<p>Table en c\u00e8dre Canadien<\/p>\n<p>Dos et \u00e9clisses en palissandre Indiens<\/p>\n<p>Manche en c\u00e8dre du Honduras (renforc\u00e9 de fibre de carbone)<\/p>\n<p>Touche en \u00e9b\u00e8ne africain\u00a0avec 20e frette (compound radius)<\/p>\n<p>Chevalet en palissandre Br\u00e9silien avec bloc d&rsquo;attache \u00e0 12\u00a0trous<\/p>\n<p>Repose bras<\/p>\n<p>M\u00e9caniques Alessi avec boutons en \u00e9b\u00e8ne<\/p>\n<p>Finition gomme laque polis fran\u00e7ais<\/p>\n<p>\u00c9tui rigide en cuir brun \u00ab\u00a0Marco Magi\u00a0\u00bb \u00a0fait sur mesure (2 sangles de transport inclus)<\/p>\n<p>&nbsp;<\/p>\n<p>Le poids de la guitare est \u00a01,5 kg \/ 3,4 lb<\/p>\n<p>Longueur du corps 48cm \/ 18.897&Prime;<\/p>\n<p>Partie inf\u00e9rieur \u00a036,5 cm \/ 14,370&Prime;<\/p>\n<p>Partie sup\u00e9rieure 27,5 cm \/ 10,826&Prime;<\/p>\n<p>Profondeur du corps 10 cm \/ 3,93&Prime;<\/p>\n<p>&nbsp;<\/p>\n<p>*** Nous sommes fiers d&rsquo;\u00eatre le revendeur Canadien officiel des guitares du luthier Valerio Licari ***<\/p>\n<p>&nbsp;<\/p>\n<div id=\"erdyt-6a008ce0b90e4\" data-id=\"g-W3XdXZP04\" class=\"erd-youtube-responsive\" style=\"display:block;position:relative;clear:both;width:100%;max-width:100%;margin-left:auto;margin-right:auto;\"><div style=\"padding-bottom:56.25%;\"><div class=\"erd-ytplay\" id=\"erdytp-g-W3XdXZP04-6a008ce0b90e4\" data-vid=\"g-W3XdXZP04\"   data-src=\"https:\/\/www.youtube.com\/embed\/g-W3XdXZP04?loop=1&#038;autoplay=1&#038;rel=0\" data-allowfullscreen=\"true\"><img decoding=\"async\" src=\"https:\/\/i.ytimg.com\/vi\/g-W3XdXZP04\/hqdefault.jpg\" alt=\"YouTube Video\" \/><\/div><\/div><\/div>\n","protected":false},"excerpt":{"rendered":"[youtube v=-hoBUM7HUrk =\"800px\"]\n<p>&nbsp;<\/p>\n<p>Direct de Torino Italie !!!<\/p>\n<p>Une fantastique nouvelle guitare du luthier Valerio Licari<\/p>\n<p>Superbe guitare \u00e0 tous points de vue avec tant d&rsquo;attention port\u00e9e aux d\u00e9tails, simple mais exquise !!!<\/p>\n<p>De nombreuses nouvelles guitares Licari arriveront en 2024-25&#8230;<\/p>\n<p>Veuillez me contacter pour r\u00e9server l&rsquo;instrument \u00e0 venir,\u00a0Merci<\/p>\n","protected":false},"featured_media":34128,"comment_status":"closed","ping_status":"closed","template":"","meta":{"_mo_disable_npp":""},"product_brand":[],"product_cat":[1058,1057],"product_tag":[1122,1248,1249,1250,1814,1251],"class_list":{"0":"post-34078","1":"product","2":"type-product","3":"status-publish","4":"has-post-thumbnail","6":"product_cat-guitares","7":"product_cat-guitares-classique","8":"product_tag-italian-luthier-fr","9":"product_tag-licari-guitars-italy-fr","10":"product_tag-licari-guitars-montreal-canada-fr","11":"product_tag-montreal-hand-made-guitar-showroom-fr","12":"product_tag-valerio-licari-albaicin-classical-guitar-model-fr","13":"product_tag-valerio-licari-guitars-fr","14":"sales-flash-overlay","15":"woocommerce-text-align-left","16":"woocommerce-image-align-center","17":"do-quantity-buttons","18":"wc-has-gallery","20":"first","21":"outofstock","22":"taxable","23":"shipping-taxable","24":"product-type-simple"},"_links":{"self":[{"href":"https:\/\/www.grandsalondeguitare.com\/fr\/wp-json\/wp\/v2\/product\/34078","targetHints":{"allow":["GET"]}}],"collection":[{"href":"https:\/\/www.grandsalondeguitare.com\/fr\/wp-json\/wp\/v2\/product"}],"about":[{"href":"https:\/\/www.grandsalondeguitare.com\/fr\/wp-json\/wp\/v2\/types\/product"}],"replies":[{"embeddable":true,"href":"https:\/\/www.grandsalondeguitare.com\/fr\/wp-json\/wp\/v2\/comments?post=34078"}],"wp:featuredmedia":[{"embeddable":true,"href":"https:\/\/www.grandsalondeguitare.com\/fr\/wp-json\/wp\/v2\/media\/34128"}],"wp:attachment":[{"href":"https:\/\/www.grandsalondeguitare.com\/fr\/wp-json\/wp\/v2\/media?parent=34078"}],"wp:term":[{"taxonomy":"product_brand","embeddable":true,"href":"https:\/\/www.grandsalondeguitare.com\/fr\/wp-json\/wp\/v2\/product_brand?post=34078"},{"taxonomy":"product_cat","embeddable":true,"href":"https:\/\/www.grandsalondeguitare.com\/fr\/wp-json\/wp\/v2\/product_cat?post=34078"},{"taxonomy":"product_tag","embeddable":true,"href":"https:\/\/www.grandsalondeguitare.com\/fr\/wp-json\/wp\/v2\/product_tag?post=34078"}],"curies":[{"name":"wp","href":"https:\/\/api.w.org\/{rel}","templated":true}]}}