{"id":34032,"date":"2024-05-28T13:15:38","date_gmt":"2024-05-28T18:15:39","guid":{"rendered":"https:\/\/www.grandsalondeguitare.com\/?post_type=product&#038;p=34032"},"modified":"2024-05-28T13:42:11","modified_gmt":"2024-05-28T18:42:11","slug":"f-754-esteve-5f-spain-copy","status":"publish","type":"product","link":"https:\/\/www.grandsalondeguitare.com\/fr\/produit\/f-754-esteve-5f-spain-copy\/","title":{"rendered":"C-755, Esteve 3Z (Espagne)"},"content":{"rendered":"<p>Nouvelle guitare classique<\/p>\n<p>Mod\u00e8le 3Z<\/p>\n<p>Longueur d&rsquo;\u00e9chelle de 650 mm avec sillet de 51 mm<\/p>\n<p>Table en c\u00e8dre massif (Thuja Plicata)<\/p>\n<p>Dos et \u00e9clisses en Ziricote lamin\u00e9 (Cordia Dodecandra)<\/p>\n<p>Manche d&rsquo;okoum\u00e9\u00a0(Aucoumea Klaineana)<\/p>\n<p>Touche en palissandre (Dalbergia latifolia)<\/p>\n<p>Chevalet et placage de la tete en palissandre<\/p>\n<p>M\u00e9caniques Der Jung<\/p>\n<p>Finition laque polyur\u00e9thane satin\u00e9e<\/p>\n<p>\u00c9tui \u00ab\u00a0Protege\u00a0\u00bb rembourr\u00e9 de 15 mm inclus<\/p>\n<p>&nbsp;<\/p>\n<p>La longueur totale de la guitare est de 100 cm\/ 39,37 pouces<\/p>\n<p>La longueur du corps est de 48,5 cm \/ 19,09 pouces<\/p>\n<p>La profondeur du corps est de 10,16\u00a0cm \/ 4\u00a0pouces<\/p>\n<p>Le bout sup\u00e9rieur mesure 27,5 cm \/ 10,82 pouces<\/p>\n<p>Le bout inf\u00e9rieur est de 37 cm \/ 14,56 pouces<\/p>\n<p>Le poids de la guitare est de 1,6 kg \/ 3,52 lb<\/p>\n<p>&nbsp;<\/p>\n<p>Veuillez noter que les photos utilis\u00e9es sont g\u00e9n\u00e9rique pour ce mod\u00e8le, la guitare exacte illustr\u00e9e n&rsquo;est plus disponible, la nouvelle guitare offerte diff\u00e9rera l\u00e9g\u00e8rement des images actuelles&#8230;<\/p>\n<p>*** Nous sommes fiers d&rsquo;\u00eatre le revendeur Canadien officiel des guitares Francisco Esteve d&rsquo;Espagne ***<\/p>\n","protected":false},"excerpt":{"rendered":"<p>Nouvelle guitare classique !!!<\/p>\n<p>Ce mod\u00e8le r\u00e9pond \u00e0 tous les besoins des joueurs d\u00e9butants\/interm\u00e9diaires&#8230;<\/p>\n<p>Instrument tr\u00e8s l\u00e9ger avec une jolie voix chantante, une action basse et une excellente jouabilit\u00e9.<\/p>\n","protected":false},"featured_media":34074,"comment_status":"closed","ping_status":"closed","template":"","meta":{"_mo_disable_npp":""},"product_brand":[],"product_cat":[1058,1057],"product_tag":[],"class_list":{"0":"post-34032","1":"product","2":"type-product","3":"status-publish","4":"has-post-thumbnail","6":"product_cat-guitares","7":"product_cat-guitares-classique","8":"sales-flash-overlay","9":"woocommerce-text-align-left","10":"woocommerce-image-align-center","11":"do-quantity-buttons","12":"wc-has-gallery","14":"first","15":"outofstock","16":"taxable","17":"shipping-taxable","18":"product-type-simple"},"_links":{"self":[{"href":"https:\/\/www.grandsalondeguitare.com\/fr\/wp-json\/wp\/v2\/product\/34032","targetHints":{"allow":["GET"]}}],"collection":[{"href":"https:\/\/www.grandsalondeguitare.com\/fr\/wp-json\/wp\/v2\/product"}],"about":[{"href":"https:\/\/www.grandsalondeguitare.com\/fr\/wp-json\/wp\/v2\/types\/product"}],"replies":[{"embeddable":true,"href":"https:\/\/www.grandsalondeguitare.com\/fr\/wp-json\/wp\/v2\/comments?post=34032"}],"wp:featuredmedia":[{"embeddable":true,"href":"https:\/\/www.grandsalondeguitare.com\/fr\/wp-json\/wp\/v2\/media\/34074"}],"wp:attachment":[{"href":"https:\/\/www.grandsalondeguitare.com\/fr\/wp-json\/wp\/v2\/media?parent=34032"}],"wp:term":[{"taxonomy":"product_brand","embeddable":true,"href":"https:\/\/www.grandsalondeguitare.com\/fr\/wp-json\/wp\/v2\/product_brand?post=34032"},{"taxonomy":"product_cat","embeddable":true,"href":"https:\/\/www.grandsalondeguitare.com\/fr\/wp-json\/wp\/v2\/product_cat?post=34032"},{"taxonomy":"product_tag","embeddable":true,"href":"https:\/\/www.grandsalondeguitare.com\/fr\/wp-json\/wp\/v2\/product_tag?post=34032"}],"curies":[{"name":"wp","href":"https:\/\/api.w.org\/{rel}","templated":true}]}}