{"id":33979,"date":"2024-05-27T15:07:54","date_gmt":"2024-05-27T20:07:54","guid":{"rendered":"https:\/\/www.grandsalondeguitare.com\/?post_type=product&#038;p=33979"},"modified":"2024-05-28T13:44:08","modified_gmt":"2024-05-28T18:44:08","slug":"f-753-esteve-5fce-spain-copy","status":"publish","type":"product","link":"https:\/\/www.grandsalondeguitare.com\/fr\/produit\/f-753-esteve-5fce-spain-copy\/","title":{"rendered":"F-754, Esteve 5F (Espagne)"},"content":{"rendered":"<p>Nouvelle guitare flamenco<\/p>\n<p>Mod\u00e8le 5F<\/p>\n<p>Longueur d&rsquo;\u00e9chelle de 650 mm avec sillet de 51 mm<\/p>\n<p>Table en \u00e9pic\u00e9a Europ\u00e9en (Picea Abies) Massif<\/p>\n<p>Dos et \u00e9clisses en sycomore (Acer pseudoplatanus) Lamin\u00e9<\/p>\n<p>Manche d&rsquo;okoum\u00e9\u00a0(Aucoumea Klaineana)<\/p>\n<p>Touche en palissandre<\/p>\n<p>Chevalet et Placage de la t\u00eate en palissandre<\/p>\n<p>Sillets en os<\/p>\n<p>Golpeador<\/p>\n<p>M\u00e9caniques Der Jung<\/p>\n<p>Finition au laque polyurethane<\/p>\n<p>\u00c9tui rigide inclus<\/p>\n<p>&nbsp;<\/p>\n<p>La longueur totale de la guitare est de 100 cm\/ 39,37 pouces<\/p>\n<p>La longueur du corps est de 48,5 cm \/ 19,09 pouces<\/p>\n<p>La profondeur du corps est de 9,6 cm \/ 3,78 pouces<\/p>\n<p>Le bout sup\u00e9rieur mesure 28 cm \/ 11,023 pouces<\/p>\n<p>Le bout inf\u00e9rieur est de 37 cm \/ 14,56 pouces<\/p>\n<p>Le poids de la guitare est de 1,6 kg \/ 3,52 lb<\/p>\n<p>&nbsp;<\/p>\n<p>Veuillez noter que les photos utilis\u00e9es sont g\u00e9n\u00e9rique pour ce mod\u00e8le, la guitare exacte illustr\u00e9e n&rsquo;est plus disponible, la nouvelle guitare offerte diff\u00e9rera l\u00e9g\u00e8rement des images actuelles&#8230;<\/p>\n<p>*** Nous sommes fiers d&rsquo;\u00eatre le revendeur Canadien officiel des guitares Francisco Esteve d&rsquo;Espagne ***<\/p>\n","protected":false},"excerpt":{"rendered":"<p>Nouvelle guitare flamenco\u00a0!!!<\/p>\n<p>Ce mod\u00e8le r\u00e9pond \u00e0 tous les besoins des joueurs d\u00e9butants\/interm\u00e9diaires&#8230;<\/p>\n<p>V\u00e9ritable son percutant du flamenco avec une attaque rapide et une r\u00e9ponse imm\u00e9diate<\/p>\n<p>Action bas avec jouabilit\u00e9 tr\u00e8s facile&#8230;\u00a0<\/p>\n<p>Un essaie s&rsquo;impose !!!<\/p>\n","protected":false},"featured_media":34025,"comment_status":"closed","ping_status":"closed","template":"","meta":{"_mo_disable_npp":""},"product_brand":[],"product_cat":[1058,1053],"product_tag":[],"class_list":{"0":"post-33979","1":"product","2":"type-product","3":"status-publish","4":"has-post-thumbnail","6":"product_cat-guitares","7":"product_cat-guitares-flamenco","8":"sales-flash-overlay","9":"woocommerce-text-align-left","10":"woocommerce-image-align-center","11":"do-quantity-buttons","12":"wc-has-gallery","14":"first","15":"instock","16":"taxable","17":"shipping-taxable","18":"purchasable","19":"product-type-simple"},"_links":{"self":[{"href":"https:\/\/www.grandsalondeguitare.com\/fr\/wp-json\/wp\/v2\/product\/33979","targetHints":{"allow":["GET"]}}],"collection":[{"href":"https:\/\/www.grandsalondeguitare.com\/fr\/wp-json\/wp\/v2\/product"}],"about":[{"href":"https:\/\/www.grandsalondeguitare.com\/fr\/wp-json\/wp\/v2\/types\/product"}],"replies":[{"embeddable":true,"href":"https:\/\/www.grandsalondeguitare.com\/fr\/wp-json\/wp\/v2\/comments?post=33979"}],"wp:featuredmedia":[{"embeddable":true,"href":"https:\/\/www.grandsalondeguitare.com\/fr\/wp-json\/wp\/v2\/media\/34025"}],"wp:attachment":[{"href":"https:\/\/www.grandsalondeguitare.com\/fr\/wp-json\/wp\/v2\/media?parent=33979"}],"wp:term":[{"taxonomy":"product_brand","embeddable":true,"href":"https:\/\/www.grandsalondeguitare.com\/fr\/wp-json\/wp\/v2\/product_brand?post=33979"},{"taxonomy":"product_cat","embeddable":true,"href":"https:\/\/www.grandsalondeguitare.com\/fr\/wp-json\/wp\/v2\/product_cat?post=33979"},{"taxonomy":"product_tag","embeddable":true,"href":"https:\/\/www.grandsalondeguitare.com\/fr\/wp-json\/wp\/v2\/product_tag?post=33979"}],"curies":[{"name":"wp","href":"https:\/\/api.w.org\/{rel}","templated":true}]}}