{"id":33568,"date":"2024-05-03T15:24:17","date_gmt":"2024-05-03T20:24:17","guid":{"rendered":"https:\/\/www.grandsalondeguitare.com\/?post_type=product&#038;p=33568"},"modified":"2024-06-14T17:30:38","modified_gmt":"2024-06-14T22:30:38","slug":"c-586-toby-rzepka-etats-unis-copy-2","status":"publish","type":"product","link":"https:\/\/www.grandsalondeguitare.com\/fr\/produit\/c-586-toby-rzepka-etats-unis-copy-2\/","title":{"rendered":"C-746 Toby Rzepka (Etats Unis)"},"content":{"rendered":"<p>Nouvelle guitare classique de concert<\/p>\n<p>Fabriqu\u00e9 \u00e0 Portland Maine aux \u00c9tats-Unis<\/p>\n<p>Ann\u00e9e 2024<\/p>\n<p>N-98<\/p>\n<p>\u00c9chelle de 650 mm avec sillet de 52 mm et 62 mm \u00e0 la 12e frette<\/p>\n<p>Table en \u00e9pic\u00e9a Europ\u00e9en<\/p>\n<p>Nouvelle barrage radiale \u00ab\u00a0Lighthouse\u00a0\u00bb<\/p>\n<p>Dos et \u00e9clisses en palissandre Indien<\/p>\n<p>Manche sur\u00e9lev\u00e9 en cerisier<\/p>\n<p>Touche \u00ab\u00a0Royal Blackwood\u00a0\u00bb avec une faible radius et 20\u00e8me frette<\/p>\n<p>Port de son + Couvert<\/p>\n<p>Tornavoz dans la rosace<\/p>\n<p>Chevalet en palissandre du Br\u00e9sil<\/p>\n<p>Placage de la t\u00eate en palissandre Indien<\/p>\n<p>Filets en \u00e9rable<\/p>\n<p>M\u00e9caniques Gotoh premium \u00ab\u00a0Custom plate\u00a0\u00bb avec bouton en \u00e9b\u00e8ne<\/p>\n<p>Finition au tampon en polis Fran\u00e7ais<\/p>\n<p>Vernis \u00e0 l&rsquo;huile au dos du manche seulement<\/p>\n<p>\u00c9tui rigide \u00ab\u00a0Protege Humicase\u00a0\u00bb inclus<\/p>\n<p>&nbsp;<\/p>\n<p>La longueur totale de la guitare est de 98,5 cm \/ 38,77 pouces<\/p>\n<p>La longueur du corps est de 48 cm\/18,8976 pouces<\/p>\n<p>Le bout sup\u00e9rieur mesure 28 cm \/ 11,02 pouces<\/p>\n<p>Le bout inf\u00e9rieur mesure 37 cm \/ 14,56 pouces<\/p>\n<p>La largeur est de 10,5 cm \/ 4,133 pouces<\/p>\n<p>Le poids de la guitare est de 1,8 kg \/ 3,968 lbs<\/p>\n<p>&nbsp;<\/p>\n<p>L&rsquo;Approche du luthier&#8230;<\/p>\n<p>La construction de chaque guitare classique de concert Rzepka s&rsquo;appuie sur un m\u00e9lange d&rsquo;art, de science et d&rsquo;instinct pour obtenir un \u00e9quilibre, un son et une sensation optimaux. Mes instruments sont con\u00e7us et construits pour une gamme tonale \u00e9tendue, un volume luxuriant et une jouabilit\u00e9 sans effort. De la s\u00e9lection des mat\u00e9riaux \u00e0 l&rsquo;harmonisation finale, je combine des donn\u00e9es concr\u00e8tes avec mon sentiment pour \u00abl&rsquo;\u00e2me\u00bb ou le caract\u00e8re du bois. Chaque guitare est construite selon les besoins de chaque joueur, avec des d\u00e9cisions minutieuses prises \u00e0 chaque \u00e9tape du processus concernant le choix du bois, l&rsquo;\u00e9paisseur, la densit\u00e9 et la rigidit\u00e9.<\/p>\n<p>La fabrication de guitares classiques est une discipline en constante \u00e9volution, tant pour le luthier individuel que pour l&rsquo;artisanat dans son ensemble. La conception et l&rsquo;ex\u00e9cution ont radicalement chang\u00e9 au cours des centaines d&rsquo;ann\u00e9es d&rsquo;histoire de la guitare. Honorer la tradition, c&rsquo;est continuer \u00e0 innover tout en rendant hommage aux ma\u00eetres luthiers qui nous ont pr\u00e9c\u00e9d\u00e9s. Dans l&rsquo;esprit de cet \u00e9quilibre, je combine des techniques de conception acoustique contemporaines avec une esth\u00e9tique classique, des adh\u00e9sifs, des bois ton sur ton et des finitions.<\/p>\n<p>La forme du manche, la forme de la touche, les frettes et la configuration de mes guitares sont con\u00e7ues pour un jeu souple et confortable. Les joueurs qui pr\u00e9f\u00e8rent une action basse trouvent qu&rsquo;ils peuvent jouer de mani\u00e8re plus agressive sans bourdonnement, et la diminution de la fatigue physique permet de se concentrer davantage sur l&rsquo;expression musicale.<\/p>\n<p>Mat\u00e9riaux<\/p>\n<p>L&rsquo;une des grandes joies de la fabrication de guitares est de donner une nouvelle vie \u00e0 un mat\u00e9riel qui a v\u00e9cu pendant des centaines d&rsquo;ann\u00e9es dans le bois de c\u0153ur d&rsquo;un arbre. J&rsquo;ai toujours aim\u00e9 le sentiment de connexion qui vient des mat\u00e9riaux naturels, j&rsquo;ai donc tendance \u00e0 utiliser des ingr\u00e9dients trouv\u00e9s dans la nature pour mon travail. De la table d&rsquo;harmonie aux filets d\u00e9coratifs en passant par le polissage fran\u00e7ais final, presque tout dans une guitare Rzepka provient d&rsquo;une plante ou d&rsquo;un animal.<\/p>\n<p>\u200bLa majorit\u00e9 de mes guitares sont fabriqu\u00e9es avec des bois de la\u00a0famille\u00a0Dalbergia\u00a0: ce sont les \u00ab\u00a0vrais palissandres\u00a0\u00bb ch\u00e9ris par les luthiers\u00a0\u00e0 travers les si\u00e8cles. Ce genre de bois durs tropicaux contient une \u00e9tonnante vari\u00e9t\u00e9 de couleurs, de figures et de personnalit\u00e9 acoustique. Du bois noir africain ultra-fonc\u00e9, du cocobolo ardent, du camatillo violet ou du bois de rose br\u00e9silien ou indien au chocolat chaud, je travaille avec mes clients pour choisir l&rsquo;ensemble parfait.<\/p>\n<p>Les tables d&rsquo;harmonie sont choisies parmi la plus haute qualit\u00e9 de bois de qualit\u00e9 sup\u00e9rieure disponible dans le monde. Chaque ensemble d&rsquo;\u00e9pic\u00e9a ou de c\u00e8dre est \u00e9valu\u00e9 pour sa rigidit\u00e9, sa densit\u00e9 et son efficacit\u00e9 acoustique avant d&rsquo;\u00eatre choisi pour \u00eatre incorpor\u00e9 dans une guitare.<\/p>\n<p>\u200bFinitions<\/p>\n<p>Pour les guitares classiques, aucune finition ne peut \u00e9galer un fin polissage fran\u00e7ais. Construit \u00e0 la main sur des milliers de microcouches, le processus laisse derri\u00e8re lui un rev\u00eatement de gomme laque aussi fin que du papier qui permet au ton du bois de r\u00e9sonner pleinement et librement. Mes guitares sont dot\u00e9es de tables d&rsquo;harmonie, de dos, d&rsquo;\u00e9clisses et de plaques de t\u00eate polies \u00e0 la fran\u00e7aise, avec un manche fini \u00e0 l&rsquo;huile pour une sensation de douceur satin\u00e9e.<\/p>\n<div id=\"comp-jt3lltrv\" class=\"_1Q9if\" data-testid=\"richTextElement\">\n<div id=\"comp-jt3mdbul\" class=\"_1Q9if\" data-testid=\"richTextElement\">\n<p class=\"font_8\">\n<\/div>\n<\/div>\n","protected":false},"excerpt":{"rendered":"[youtube v=WeWUCoaywXI =\"800px\"]\n<p>&nbsp;<\/p>\n<p>Une autre guitare magnifique de Toby Rzepka !!!<\/p>\n<p>Cet instrument propose son nouveau barrage radial \u00ab Lighthouse \u00bb et un Tornavoz dans la rosace<\/p>\n<p>Les guitares \u00ab\u00a0Lighthouse\u00a0\u00bb de Toby sont renforc\u00e9es d&rsquo;une nouvelle mani\u00e8re combinant un concept radial avec des barres harmoniques largement ouvertes. Cela permet d&rsquo;obtenir un son pur et naturel sans sacrifier la marge, la r\u00e9activit\u00e9 et la projection d&rsquo;un instrument \u00e0 renfort en treillis (lattice)<\/p>\n<p>Tr\u00e8s facile \u00e0 jouer offrant une belle voix chantante et une projection de niveau concert<\/p>\n<p>Un essaie s&rsquo;impose !!!<\/p>\n","protected":false},"featured_media":33570,"comment_status":"closed","ping_status":"closed","template":"","meta":{"_mo_disable_npp":""},"product_brand":[],"product_cat":[1058,1057],"product_tag":[1141,1769,1770,1771,1772],"class_list":{"0":"post-33568","1":"product","2":"type-product","3":"status-publish","4":"has-post-thumbnail","6":"product_cat-guitares","7":"product_cat-guitares-classique","8":"product_tag-concert-classical-guitars-in-montreal-canada-fr","9":"product_tag-concert-lattice-braced-guitars-fr","10":"product_tag-toby-rzepka-classical-guitars-fr","11":"product_tag-toby-rzepka-lattice-braced-guitars-fr","12":"product_tag-toby-rzepka-luthier-fr","13":"sales-flash-overlay","14":"woocommerce-text-align-left","15":"woocommerce-image-align-center","16":"do-quantity-buttons","17":"wc-has-gallery","19":"first","20":"instock","21":"sold-individually","22":"taxable","23":"shipping-taxable","24":"purchasable","25":"product-type-simple"},"_links":{"self":[{"href":"https:\/\/www.grandsalondeguitare.com\/fr\/wp-json\/wp\/v2\/product\/33568","targetHints":{"allow":["GET"]}}],"collection":[{"href":"https:\/\/www.grandsalondeguitare.com\/fr\/wp-json\/wp\/v2\/product"}],"about":[{"href":"https:\/\/www.grandsalondeguitare.com\/fr\/wp-json\/wp\/v2\/types\/product"}],"replies":[{"embeddable":true,"href":"https:\/\/www.grandsalondeguitare.com\/fr\/wp-json\/wp\/v2\/comments?post=33568"}],"wp:featuredmedia":[{"embeddable":true,"href":"https:\/\/www.grandsalondeguitare.com\/fr\/wp-json\/wp\/v2\/media\/33570"}],"wp:attachment":[{"href":"https:\/\/www.grandsalondeguitare.com\/fr\/wp-json\/wp\/v2\/media?parent=33568"}],"wp:term":[{"taxonomy":"product_brand","embeddable":true,"href":"https:\/\/www.grandsalondeguitare.com\/fr\/wp-json\/wp\/v2\/product_brand?post=33568"},{"taxonomy":"product_cat","embeddable":true,"href":"https:\/\/www.grandsalondeguitare.com\/fr\/wp-json\/wp\/v2\/product_cat?post=33568"},{"taxonomy":"product_tag","embeddable":true,"href":"https:\/\/www.grandsalondeguitare.com\/fr\/wp-json\/wp\/v2\/product_tag?post=33568"}],"curies":[{"name":"wp","href":"https:\/\/api.w.org\/{rel}","templated":true}]}}