{"id":33307,"date":"2024-04-22T09:13:25","date_gmt":"2024-04-22T14:13:26","guid":{"rendered":"https:\/\/www.grandsalondeguitare.com\/?post_type=product&#038;p=33307"},"modified":"2024-04-22T09:43:37","modified_gmt":"2024-04-22T14:43:37","slug":"c-669-stephane-ferre-canada-copy","status":"publish","type":"product","link":"https:\/\/www.grandsalondeguitare.com\/fr\/produit\/c-669-stephane-ferre-canada-copy\/","title":{"rendered":"C-742, Stephane Ferre (Canada)"},"content":{"rendered":"<p>Guitare classique de concert<\/p>\n<p>Fabriqu\u00e9 en 2014<\/p>\n<p>Echelle de 650mm avec sillet de 52mm<\/p>\n<p>Table en \u00e9pic\u00e9a Engelmann<\/p>\n<p>Dos et \u00e9clisses en Pau Ferro<\/p>\n<p>Manche en acajou renforc\u00e9 d&rsquo;\u00e9rable et de noyer noir<\/p>\n<p>Touche en \u00e9b\u00e8ne africain<\/p>\n<p>Repose Bras<\/p>\n<p>Port de son<\/p>\n<p>Repose bras et plaquage de la tete en Pau Ferro<\/p>\n<p>M\u00e9caniques Rubner<\/p>\n<p>Finition au tampon en polis Fran\u00e7ais<\/p>\n<p>\u00c9tui rigide inclus<\/p>\n<p>&nbsp;<\/p>\n<p>La longueur totale de la guitare est de 98 cm \/ 38,58 pouces<\/p>\n<p>La longueur du corps est de 48,5 cm \/ 18,8976 pouces<\/p>\n<p>Le bout sup\u00e9rieur mesure 28,7 cm \/ 11,29 pouces<\/p>\n<p>Le bout inf\u00e9rieur est de 37 cm \/ 14,56 pouces<\/p>\n<p>La largeur est de 9,5 cm \/ 3,74 pouces<\/p>\n<p>Le poids de la guitare est de 1,8 Kg \/ 3,96 lb<\/p>\n","protected":false},"excerpt":{"rendered":"<p>En excellente condition<\/p>\n<p>Cette guitare de concert a une superbe sonorit\u00e9 gr\u00e2ce \u00e0 l&rsquo;\u00e9pic\u00e9a d&rsquo;Engelmann qui s&rsquo;est tr\u00e8s bien d\u00e9velopp\u00e9 et s&rsquo;est ouvert au fil des ann\u00e9es.<\/p>\n<p>Il offre un excellent \u00e9quilibre, projection et sustain<\/p>\n<p>A essaie s&rsquo;impose<\/p>\n","protected":false},"featured_media":33309,"comment_status":"closed","ping_status":"closed","template":"","meta":{"_mo_disable_npp":""},"product_brand":[],"product_cat":[1058,1057],"product_tag":[1496],"class_list":{"0":"post-33307","1":"product","2":"type-product","3":"status-publish","4":"has-post-thumbnail","6":"product_cat-guitares","7":"product_cat-guitares-classique","8":"product_tag-canadian-guitar-makers-fr","9":"sales-flash-overlay","10":"woocommerce-text-align-left","11":"woocommerce-image-align-center","12":"do-quantity-buttons","13":"wc-has-gallery","15":"first","16":"outofstock","17":"sold-individually","18":"taxable","19":"shipping-taxable","20":"product-type-simple"},"_links":{"self":[{"href":"https:\/\/www.grandsalondeguitare.com\/fr\/wp-json\/wp\/v2\/product\/33307","targetHints":{"allow":["GET"]}}],"collection":[{"href":"https:\/\/www.grandsalondeguitare.com\/fr\/wp-json\/wp\/v2\/product"}],"about":[{"href":"https:\/\/www.grandsalondeguitare.com\/fr\/wp-json\/wp\/v2\/types\/product"}],"replies":[{"embeddable":true,"href":"https:\/\/www.grandsalondeguitare.com\/fr\/wp-json\/wp\/v2\/comments?post=33307"}],"wp:featuredmedia":[{"embeddable":true,"href":"https:\/\/www.grandsalondeguitare.com\/fr\/wp-json\/wp\/v2\/media\/33309"}],"wp:attachment":[{"href":"https:\/\/www.grandsalondeguitare.com\/fr\/wp-json\/wp\/v2\/media?parent=33307"}],"wp:term":[{"taxonomy":"product_brand","embeddable":true,"href":"https:\/\/www.grandsalondeguitare.com\/fr\/wp-json\/wp\/v2\/product_brand?post=33307"},{"taxonomy":"product_cat","embeddable":true,"href":"https:\/\/www.grandsalondeguitare.com\/fr\/wp-json\/wp\/v2\/product_cat?post=33307"},{"taxonomy":"product_tag","embeddable":true,"href":"https:\/\/www.grandsalondeguitare.com\/fr\/wp-json\/wp\/v2\/product_tag?post=33307"}],"curies":[{"name":"wp","href":"https:\/\/api.w.org\/{rel}","templated":true}]}}