{"id":33293,"date":"2024-04-18T13:02:54","date_gmt":"2024-04-18T18:02:54","guid":{"rendered":"https:\/\/www.grandsalondeguitare.com\/?post_type=product&#038;p=33293"},"modified":"2024-04-23T09:11:00","modified_gmt":"2024-04-23T14:11:00","slug":"a-377-daddario-humidipak-restore-kit","status":"publish","type":"product","link":"https:\/\/www.grandsalondeguitare.com\/fr\/produit\/a-377-daddario-humidipak-restore-kit\/","title":{"rendered":"A-377, Humidipak Restore Kit"},"content":{"rendered":"<p>Le kit de restauration D&rsquo;Addario Humidipak vous permet de restaurer en toute s\u00e9curit\u00e9 un instrument et un \u00e9tui qui sont dans un \u00e9tat sec connu ou qui n&rsquo;ont pas \u00e9t\u00e9 humidifi\u00e9s au niveau d&rsquo;humidit\u00e9 appropri\u00e9 sans aucun risque de surhumidification.<\/p>\n<p>Il est essentiel de s&rsquo;assurer que votre instrument et votre \u00e9tui sont correctement humidifi\u00e9s avant d&rsquo;utiliser le syst\u00e8me de maintenance Humidipak afin de b\u00e9n\u00e9ficier du maximum d&rsquo;avantages et de long\u00e9vit\u00e9 du produit.<\/p>\n<p>R\u00e9hydrate en toute s\u00e9curit\u00e9 les guitares s\u00e8ches et les \u00e9tuis d&rsquo;instruments<\/p>\n<p>\u00c9limine les incertitudes et l&rsquo;anxi\u00e9t\u00e9 li\u00e9es au maintien du niveau d&rsquo;humidit\u00e9 appropri\u00e9 de vos instruments.<\/p>\n<p>La membrane d&rsquo;osmose inverse ne lib\u00e8re que de la vapeur d&rsquo;eau pure<\/p>\n<p>Une fois la guitare\/\u00e9tui \u00e0 45-50%HR, passez aux packs Humidipak Maintenance<\/p>\n<p>*** Fabriqu\u00e9 sur mesure par Boveda pour D&rsquo;Addario ***<\/p>\n","protected":false},"excerpt":{"rendered":"<p>D&rsquo;Addario Humidipak<\/p>\n<p>Kit de restauration d&rsquo;urgence<\/p>\n<p>PW-HPK-03<\/p>\n<p>&nbsp;<\/p>\n","protected":false},"featured_media":33299,"comment_status":"closed","ping_status":"closed","template":"","meta":{"_mo_disable_npp":""},"product_brand":[],"product_cat":[1052,1328,1329],"product_tag":[1553,1554,1555],"class_list":{"0":"post-33293","1":"product","2":"type-product","3":"status-publish","4":"has-post-thumbnail","6":"product_cat-accessoires","7":"product_cat-humidificateur-pour-guitare","8":"product_cat-humidificateurs","9":"product_tag-boveda-daddario-humidity-control-fr","10":"product_tag-humidipaks-for-guitars-fr","11":"product_tag-humidity-control-for-guitars-fr","12":"sales-flash-overlay","13":"woocommerce-text-align-left","14":"woocommerce-image-align-center","15":"do-quantity-buttons","16":"wc-has-gallery","18":"first","19":"instock","20":"taxable","21":"shipping-taxable","22":"purchasable","23":"product-type-simple"},"_links":{"self":[{"href":"https:\/\/www.grandsalondeguitare.com\/fr\/wp-json\/wp\/v2\/product\/33293","targetHints":{"allow":["GET"]}}],"collection":[{"href":"https:\/\/www.grandsalondeguitare.com\/fr\/wp-json\/wp\/v2\/product"}],"about":[{"href":"https:\/\/www.grandsalondeguitare.com\/fr\/wp-json\/wp\/v2\/types\/product"}],"replies":[{"embeddable":true,"href":"https:\/\/www.grandsalondeguitare.com\/fr\/wp-json\/wp\/v2\/comments?post=33293"}],"wp:featuredmedia":[{"embeddable":true,"href":"https:\/\/www.grandsalondeguitare.com\/fr\/wp-json\/wp\/v2\/media\/33299"}],"wp:attachment":[{"href":"https:\/\/www.grandsalondeguitare.com\/fr\/wp-json\/wp\/v2\/media?parent=33293"}],"wp:term":[{"taxonomy":"product_brand","embeddable":true,"href":"https:\/\/www.grandsalondeguitare.com\/fr\/wp-json\/wp\/v2\/product_brand?post=33293"},{"taxonomy":"product_cat","embeddable":true,"href":"https:\/\/www.grandsalondeguitare.com\/fr\/wp-json\/wp\/v2\/product_cat?post=33293"},{"taxonomy":"product_tag","embeddable":true,"href":"https:\/\/www.grandsalondeguitare.com\/fr\/wp-json\/wp\/v2\/product_tag?post=33293"}],"curies":[{"name":"wp","href":"https:\/\/api.w.org\/{rel}","templated":true}]}}