{"id":33268,"date":"2024-04-16T10:10:29","date_gmt":"2024-04-16T15:10:29","guid":{"rendered":"https:\/\/www.grandsalondeguitare.com\/?post_type=product&#038;p=33268"},"modified":"2025-04-08T16:27:30","modified_gmt":"2025-04-08T21:27:30","slug":"a-371-knobloch-200aqz-nylon-mlt-treble-set-copy","status":"publish","type":"product","link":"https:\/\/www.grandsalondeguitare.com\/fr\/produit\/a-371-knobloch-200aqz-nylon-mlt-treble-set-copy\/","title":{"rendered":"A-372, Knobloch 300AQZ-Nylon MT treble set"},"content":{"rendered":"<p><strong>ACTIVES <\/strong><strong>300AQZ<\/strong><\/p>\n<p><strong>Tension Moyen 33.5 <\/strong><\/p>\n<p><strong>QZ Nylon<\/strong><\/p>\n<p><strong>Set de CORDES AIGU\u00cbS<\/strong><\/p>\n<p>&nbsp;<\/p>\n<p>Nylon Q.Z. nouvelle g\u00e9n\u00e9ration les aigus maintiennent un volume \u00e9quilibr\u00e9 avec un son riche, rond et robuste.<\/p>\n<p><strong>Jouabilit\u00e9\u00a0:<\/strong><\/p>\n<p>Ensemble bien \u00e9quilibr\u00e9, facile \u00e0 jouer aussi bien de la main gauche que de la main droite<br \/>\nLa ligne signature de Knobloch, ACTIVES, pr\u00e9sente toutes les caract\u00e9ristiques de leurs cordes de haute qualit\u00e9\u00a0: une intonation impeccable, une durabilit\u00e9 impressionnante, une projection am\u00e9lior\u00e9e et une grande jouabilit\u00e9.<\/p>\n<p>D\u00e9couvrez la diff\u00e9rence que font ces cordes habilement con\u00e7ues, ressentez la vibration \u00e0 travers vos doigts. Lib\u00e9rez votre cr\u00e9ativit\u00e9 musicale.<\/p>\n","protected":false},"excerpt":{"rendered":"<p><strong>ACTIVES <\/strong><strong>300AQZ<\/strong><\/p>\n<p><strong>Tension Moyen 33.5 <\/strong><\/p>\n<p><strong>Qz Nylon<\/strong><\/p>\n<p><strong>Set de CORDES AIGU\u00cbS<\/strong><\/p>\n","protected":false},"featured_media":33270,"comment_status":"closed","ping_status":"closed","template":"","meta":{"_mo_disable_npp":""},"product_brand":[],"product_cat":[1052,1054,2190],"product_tag":[],"class_list":{"0":"post-33268","1":"product","2":"type-product","3":"status-publish","4":"has-post-thumbnail","6":"product_cat-accessoires","7":"product_cat-cordes","8":"product_cat-half-sets","9":"sales-flash-overlay","10":"woocommerce-text-align-left","11":"woocommerce-image-align-center","12":"do-quantity-buttons","14":"first","15":"instock","16":"taxable","17":"shipping-taxable","18":"purchasable","19":"product-type-simple"},"_links":{"self":[{"href":"https:\/\/www.grandsalondeguitare.com\/fr\/wp-json\/wp\/v2\/product\/33268","targetHints":{"allow":["GET"]}}],"collection":[{"href":"https:\/\/www.grandsalondeguitare.com\/fr\/wp-json\/wp\/v2\/product"}],"about":[{"href":"https:\/\/www.grandsalondeguitare.com\/fr\/wp-json\/wp\/v2\/types\/product"}],"replies":[{"embeddable":true,"href":"https:\/\/www.grandsalondeguitare.com\/fr\/wp-json\/wp\/v2\/comments?post=33268"}],"wp:featuredmedia":[{"embeddable":true,"href":"https:\/\/www.grandsalondeguitare.com\/fr\/wp-json\/wp\/v2\/media\/33270"}],"wp:attachment":[{"href":"https:\/\/www.grandsalondeguitare.com\/fr\/wp-json\/wp\/v2\/media?parent=33268"}],"wp:term":[{"taxonomy":"product_brand","embeddable":true,"href":"https:\/\/www.grandsalondeguitare.com\/fr\/wp-json\/wp\/v2\/product_brand?post=33268"},{"taxonomy":"product_cat","embeddable":true,"href":"https:\/\/www.grandsalondeguitare.com\/fr\/wp-json\/wp\/v2\/product_cat?post=33268"},{"taxonomy":"product_tag","embeddable":true,"href":"https:\/\/www.grandsalondeguitare.com\/fr\/wp-json\/wp\/v2\/product_tag?post=33268"}],"curies":[{"name":"wp","href":"https:\/\/api.w.org\/{rel}","templated":true}]}}