{"id":33246,"date":"2024-04-16T08:33:41","date_gmt":"2024-04-16T13:33:41","guid":{"rendered":"https:\/\/www.grandsalondeguitare.com\/?post_type=product&#038;p=33246"},"modified":"2025-04-08T16:34:14","modified_gmt":"2025-04-08T21:34:14","slug":"a-310-knobloch-300adc-carbon-copy","status":"publish","type":"product","link":"https:\/\/www.grandsalondeguitare.com\/fr\/produit\/a-310-knobloch-300adc-carbon-copy\/","title":{"rendered":"A-367, Knobloch 300ACX-Carbon MT Treble set"},"content":{"rendered":"<p><strong>ACTIVES <\/strong><strong>300ACX<\/strong><\/p>\n<p><strong>Tension Moyenne 33.5 <\/strong><\/p>\n<p><strong>CX Carbon<\/strong><\/p>\n<p><strong>Set de CORDES AIGU\u00cbS :<\/strong><\/p>\n<p>\u00ab\u00a0CX Carbon Brilliant-Singing\u00a0\u00bb\u00a0Con\u00e7u pour les guitaristes qui cherchent \u00e0 ajouter du volume, de la puissance et de la clart\u00e9 \u00e0 leur son de guitare.<\/p>\n<p><strong>Jouabilit\u00e9\u00a0:<\/strong><\/p>\n<p>Ensemble bien \u00e9quilibr\u00e9, facile \u00e0 jouer \u00e0 la fois \u00e0 la main gauche et \u00e0 la main droite<\/p>\n<p>La ligne de signature de Knobloch, ACTIVES, pr\u00e9sente toutes les caract\u00e9ristiques de leurs cordes de haute qualit\u00e9 : intonation impeccable, durabilit\u00e9 impressionnante, projection am\u00e9lior\u00e9e et grande jouabilit\u00e9.<\/p>\n<p>D\u00e9couvrez la diff\u00e9rence que font ces cordes habilement con\u00e7ues, ressentez la vibration \u00e0 travers vos doigts. Lib\u00e9rez votre cr\u00e9ativit\u00e9 musicale.<\/p>\n","protected":false},"excerpt":{"rendered":"<p><strong>ACTIVES <\/strong><strong>300ACX<\/strong><\/p>\n<p><strong>Tension Moyenne 33.5 <\/strong><\/p>\n<p><strong>CX Carbon<\/strong><\/p>\n<p><strong>Set de CORDES AIGU\u00cbS<\/strong><\/p>\n","protected":false},"featured_media":33248,"comment_status":"closed","ping_status":"closed","template":"","meta":{"_mo_disable_npp":""},"product_brand":[],"product_cat":[1052,1054,2190],"product_tag":[],"class_list":{"0":"post-33246","1":"product","2":"type-product","3":"status-publish","4":"has-post-thumbnail","6":"product_cat-accessoires","7":"product_cat-cordes","8":"product_cat-half-sets","9":"sales-flash-overlay","10":"woocommerce-text-align-left","11":"woocommerce-image-align-center","12":"do-quantity-buttons","14":"first","15":"instock","16":"taxable","17":"shipping-taxable","18":"purchasable","19":"product-type-simple"},"_links":{"self":[{"href":"https:\/\/www.grandsalondeguitare.com\/fr\/wp-json\/wp\/v2\/product\/33246","targetHints":{"allow":["GET"]}}],"collection":[{"href":"https:\/\/www.grandsalondeguitare.com\/fr\/wp-json\/wp\/v2\/product"}],"about":[{"href":"https:\/\/www.grandsalondeguitare.com\/fr\/wp-json\/wp\/v2\/types\/product"}],"replies":[{"embeddable":true,"href":"https:\/\/www.grandsalondeguitare.com\/fr\/wp-json\/wp\/v2\/comments?post=33246"}],"wp:featuredmedia":[{"embeddable":true,"href":"https:\/\/www.grandsalondeguitare.com\/fr\/wp-json\/wp\/v2\/media\/33248"}],"wp:attachment":[{"href":"https:\/\/www.grandsalondeguitare.com\/fr\/wp-json\/wp\/v2\/media?parent=33246"}],"wp:term":[{"taxonomy":"product_brand","embeddable":true,"href":"https:\/\/www.grandsalondeguitare.com\/fr\/wp-json\/wp\/v2\/product_brand?post=33246"},{"taxonomy":"product_cat","embeddable":true,"href":"https:\/\/www.grandsalondeguitare.com\/fr\/wp-json\/wp\/v2\/product_cat?post=33246"},{"taxonomy":"product_tag","embeddable":true,"href":"https:\/\/www.grandsalondeguitare.com\/fr\/wp-json\/wp\/v2\/product_tag?post=33246"}],"curies":[{"name":"wp","href":"https:\/\/api.w.org\/{rel}","templated":true}]}}