{"id":33225,"date":"2024-04-15T14:55:56","date_gmt":"2024-04-15T19:55:56","guid":{"rendered":"https:\/\/www.grandsalondeguitare.com\/?post_type=product&#038;p=33225"},"modified":"2025-10-07T19:48:57","modified_gmt":"2025-10-08T00:48:57","slug":"a-361-knobloch-200ads-med-low-bass-set-copy","status":"publish","type":"product","link":"https:\/\/www.grandsalondeguitare.com\/fr\/produit\/a-361-knobloch-200ads-med-low-bass-set-copy\/","title":{"rendered":"A-362, Knobloch \u00ab\u00a0300ADS\u00a0\u00bb MT Bass Set"},"content":{"rendered":"<p><strong>Actives\u00a0<\/strong><strong>Double Silver<\/strong><\/p>\n<p><strong>300ADS<\/strong><\/p>\n<p><strong> 33.5 <\/strong><\/p>\n<p><strong>Tension Moyenne<\/strong><\/p>\n<p><strong>Set de bass seulement\u00a0<\/strong><\/p>\n<p>La ligne signature de Knobloch, ACTIVES, pr\u00e9sente toutes les caract\u00e9ristiques de leurs cordes de haute qualit\u00e9\u00a0: une intonation impeccable, une durabilit\u00e9 impressionnante, une projection am\u00e9lior\u00e9e et une grande jouabilit\u00e9.<\/p>\n<p>D\u00e9couvrez la diff\u00e9rence que font ces cordes habilement con\u00e7ues, ressentez la vibration \u00e0 travers vos doigts.<\/p>\n<p>Lib\u00e9rez votre cr\u00e9ativit\u00e9 musicale.<\/p>\n","protected":false},"excerpt":{"rendered":"<p><strong>Actives\u00a0<\/strong><strong>Double Silver\u00a0<\/strong><\/p>\n<p><strong>300ADS<\/strong><\/p>\n<p><strong> 33.5 <\/strong><\/p>\n<p><strong>Tension Moyenne<\/strong><\/p>\n<p><strong>Set de bass\u00a0seulement<\/strong><\/p>\n","protected":false},"featured_media":33227,"comment_status":"closed","ping_status":"closed","template":"","meta":{"_mo_disable_npp":""},"product_brand":[],"product_cat":[1052,1054,2190],"product_tag":[],"class_list":{"0":"post-33225","1":"product","2":"type-product","3":"status-publish","4":"has-post-thumbnail","6":"product_cat-accessoires","7":"product_cat-cordes","8":"product_cat-half-sets","9":"sales-flash-overlay","10":"woocommerce-text-align-left","11":"woocommerce-image-align-center","12":"do-quantity-buttons","14":"first","15":"instock","16":"taxable","17":"shipping-taxable","18":"purchasable","19":"product-type-simple"},"_links":{"self":[{"href":"https:\/\/www.grandsalondeguitare.com\/fr\/wp-json\/wp\/v2\/product\/33225","targetHints":{"allow":["GET"]}}],"collection":[{"href":"https:\/\/www.grandsalondeguitare.com\/fr\/wp-json\/wp\/v2\/product"}],"about":[{"href":"https:\/\/www.grandsalondeguitare.com\/fr\/wp-json\/wp\/v2\/types\/product"}],"replies":[{"embeddable":true,"href":"https:\/\/www.grandsalondeguitare.com\/fr\/wp-json\/wp\/v2\/comments?post=33225"}],"wp:featuredmedia":[{"embeddable":true,"href":"https:\/\/www.grandsalondeguitare.com\/fr\/wp-json\/wp\/v2\/media\/33227"}],"wp:attachment":[{"href":"https:\/\/www.grandsalondeguitare.com\/fr\/wp-json\/wp\/v2\/media?parent=33225"}],"wp:term":[{"taxonomy":"product_brand","embeddable":true,"href":"https:\/\/www.grandsalondeguitare.com\/fr\/wp-json\/wp\/v2\/product_brand?post=33225"},{"taxonomy":"product_cat","embeddable":true,"href":"https:\/\/www.grandsalondeguitare.com\/fr\/wp-json\/wp\/v2\/product_cat?post=33225"},{"taxonomy":"product_tag","embeddable":true,"href":"https:\/\/www.grandsalondeguitare.com\/fr\/wp-json\/wp\/v2\/product_tag?post=33225"}],"curies":[{"name":"wp","href":"https:\/\/api.w.org\/{rel}","templated":true}]}}