{"id":33191,"date":"2024-04-15T13:28:26","date_gmt":"2024-04-15T18:28:26","guid":{"rendered":"https:\/\/www.grandsalondeguitare.com\/?post_type=product&#038;p=33191"},"modified":"2025-06-13T11:57:55","modified_gmt":"2025-06-13T16:57:55","slug":"a-354-knobloch-lds-33-5-med-bass-set","status":"publish","type":"product","link":"https:\/\/www.grandsalondeguitare.com\/fr\/produit\/a-354-knobloch-lds-33-5-med-bass-set\/","title":{"rendered":"A-354, Knobloch \u00ab\u00a0LDS-33.5\u00a0\u00bb MT Bass Set"},"content":{"rendered":"<p><strong>LUNA FLAMENCA<\/strong><\/p>\n<p><strong>Double Silver<\/strong><\/p>\n<p><strong>LDS 33.5 <\/strong><\/p>\n<p><strong>Tension Moyenne<\/strong><\/p>\n<p><strong>Set de bass<\/strong><\/p>\n<p>&nbsp;<\/p>\n<section>\n<div class=\"tab-content\">\n<div class=\"table-responsive\">\n<table>\n<tbody>\n<tr>\n<th>Note<\/th>\n<th>Gauge (mm)<\/th>\n<th>Tension (Kg)<\/th>\n<th>Gauge (in.)<\/th>\n<th>Tension (lbs)<\/th>\n<th>Material<\/th>\n<\/tr>\n<tr>\n<td>D &#8211; 4<\/td>\n<td>.69<\/td>\n<td>5.33<\/td>\n<td>0.027<\/td>\n<td>11.76<\/td>\n<td>Luna Double Silver<\/td>\n<\/tr>\n<tr>\n<td>A &#8211; 5<\/td>\n<td>.83<\/td>\n<td>5.42<\/td>\n<td>0.033<\/td>\n<td>11.94<\/td>\n<td>Luna Double Silver<\/td>\n<\/tr>\n<tr>\n<td>E &#8211; 6<\/td>\n<td>1.10<\/td>\n<td>6.02<\/td>\n<td>0.043<\/td>\n<td>13.27<\/td>\n<td>Luna Double Silver<\/td>\n<\/tr>\n<\/tbody>\n<\/table>\n<\/div>\n<\/div>\n<\/section>\n<section><\/section>\n<p>La Ligne LUNA est cr\u00e9\u00e9e pour les guitaristes flamenco qui souhaitent un son sonore, sombre et plein.<\/p>\n<p>Le timbre riche et profond v\u00e9hicule, entre autres, un sentiment de myst\u00e8re.<\/p>\n<p>Con\u00e7u pour les musiciens qui cherchent \u00e0 disposer des cordes bien \u00e9quilibr\u00e9es caract\u00e9ristiques de Knobloch pour toutes les occasions, du concert au studio d&rsquo;enregistrement.<\/p>\n","protected":false},"excerpt":{"rendered":"<p><strong>LUNA FLAMENCA<\/strong><\/p>\n<p><strong>Double Silver\u00a0<\/strong><strong>LDS 33.5 <\/strong><\/p>\n<p><strong>Tension Moyenne<\/strong><\/p>\n<p><strong>Set de bass\u00a0seulement<\/strong><\/p>\n","protected":false},"featured_media":33194,"comment_status":"closed","ping_status":"closed","template":"","meta":{"_mo_disable_npp":""},"product_brand":[],"product_cat":[1052,1054,2190],"product_tag":[],"class_list":{"0":"post-33191","1":"product","2":"type-product","3":"status-publish","4":"has-post-thumbnail","6":"product_cat-accessoires","7":"product_cat-cordes","8":"product_cat-half-sets","9":"sales-flash-overlay","10":"woocommerce-text-align-left","11":"woocommerce-image-align-center","12":"do-quantity-buttons","14":"first","15":"instock","16":"taxable","17":"shipping-taxable","18":"purchasable","19":"product-type-simple"},"_links":{"self":[{"href":"https:\/\/www.grandsalondeguitare.com\/fr\/wp-json\/wp\/v2\/product\/33191","targetHints":{"allow":["GET"]}}],"collection":[{"href":"https:\/\/www.grandsalondeguitare.com\/fr\/wp-json\/wp\/v2\/product"}],"about":[{"href":"https:\/\/www.grandsalondeguitare.com\/fr\/wp-json\/wp\/v2\/types\/product"}],"replies":[{"embeddable":true,"href":"https:\/\/www.grandsalondeguitare.com\/fr\/wp-json\/wp\/v2\/comments?post=33191"}],"wp:featuredmedia":[{"embeddable":true,"href":"https:\/\/www.grandsalondeguitare.com\/fr\/wp-json\/wp\/v2\/media\/33194"}],"wp:attachment":[{"href":"https:\/\/www.grandsalondeguitare.com\/fr\/wp-json\/wp\/v2\/media?parent=33191"}],"wp:term":[{"taxonomy":"product_brand","embeddable":true,"href":"https:\/\/www.grandsalondeguitare.com\/fr\/wp-json\/wp\/v2\/product_brand?post=33191"},{"taxonomy":"product_cat","embeddable":true,"href":"https:\/\/www.grandsalondeguitare.com\/fr\/wp-json\/wp\/v2\/product_cat?post=33191"},{"taxonomy":"product_tag","embeddable":true,"href":"https:\/\/www.grandsalondeguitare.com\/fr\/wp-json\/wp\/v2\/product_tag?post=33191"}],"curies":[{"name":"wp","href":"https:\/\/api.w.org\/{rel}","templated":true}]}}