{"id":33067,"date":"2024-04-05T09:23:28","date_gmt":"2024-04-05T14:23:28","guid":{"rendered":"https:\/\/www.grandsalondeguitare.com\/?post_type=product&#038;p=33067"},"modified":"2024-04-27T09:49:32","modified_gmt":"2024-04-27T14:49:32","slug":"c-651-andres-d-marvi-espagne-copy-2","status":"publish","type":"product","link":"https:\/\/www.grandsalondeguitare.com\/fr\/produit\/c-651-andres-d-marvi-espagne-copy-2\/","title":{"rendered":"C-740, Andres D. Marvi (Espagne)"},"content":{"rendered":"<p>Nouvelle guitare classique de concert<\/p>\n<p>Fabriqu\u00e9 en 2024<\/p>\n<p>\u00ab\u00a0Granada\u00a0\u00bb Espagne<\/p>\n<p>N-432C<\/p>\n<p>Mod\u00e8le \u00ab\u00a0Caviuna\u00a0\u00bb<\/p>\n<p>Table en \u00e9pic\u00e9a Allemande<\/p>\n<p>Fond et \u00e9clisses en palissandre Br\u00e9silien<\/p>\n<p>Les c\u00f4t\u00e9s sont doubl\u00e9s \u00e0 l\u2019int\u00e9rieur avec de l\u2019\u00e9rable<\/p>\n<p>Manche en c\u00e8dre du Br\u00e9sil<\/p>\n<p>Touche en \u00e9b\u00e8ne<\/p>\n<p>Reliures en bois d&rsquo;amourette (Snakewood)<\/p>\n<p>Chevalet et plaquage de la tete en palissandre Br\u00e9silien<\/p>\n<p>M\u00e9caniques Scheller avec bouton en \u00e9b\u00e8ne<\/p>\n<p>Finition au tampon \u00e0 la main en polis Fran\u00e7ais<\/p>\n<p>\u00c9tui Hiscox Liteflite Pro II inclus<\/p>\n<p>&nbsp;<\/p>\n<p>Poids de la guitare est 1.8Kg \/ 3.96lbs<\/p>\n<p>La longueur du corps est de 48,5\u00a0cm \/ 19,09 pouces<\/p>\n<p>Le bout sup\u00e9rieur mesure 28,5\u00a0cm\u00a0\/ 11,22\u00a0pouces<\/p>\n<p>La profondeur du corps est de 10,3 cm \/ 4,05 pouces<\/p>\n<p>Le bout inf\u00e9rieur est de 38 cm \/ 14,96 pouces<\/p>\n","protected":false},"excerpt":{"rendered":"[youtube v=BIjB7DE-UOo maxwidth=\"800px\"]\n<p>&nbsp;<\/p>\n<p>Nouvelle guitare de Andres Marvi !!!<\/p>\n<p>Vous pouvez entendre les influences de Fleta, Romanillos et Torres, mais avec la projection d&rsquo;une guitare moderne \u00e0 double table&#8230; un timbre si riche et captivant&#8230; des basses comme un violoncelle \u00a0et des aigus doux et chantants&#8230;\u00a0<\/p>\n<p>Instrument tout simplement incroyable \u00e0 tous points de vue&#8230;<\/p>\n<p>Ses guitares sont jou\u00e9es par Goran Krivokapic, Aniello Desiderio, Graham\u00a0Devine et tant d&rsquo;autres guitaristes classiques de renomm\u00e9e mondiale !!!<\/p>\n<p>Veuillez me contacter pour r\u00e9server les nouvelles guitares qui seront disponible en 2024-2025<\/p>\n","protected":false},"featured_media":33069,"comment_status":"closed","ping_status":"closed","template":"","meta":{"_mo_disable_npp":""},"product_brand":[],"product_cat":[1058,1057],"product_tag":[1712,1713,1714,1715],"class_list":{"0":"post-33067","1":"product","2":"type-product","3":"status-publish","4":"has-post-thumbnail","6":"product_cat-guitares","7":"product_cat-guitares-classique","8":"product_tag-andres-d-marvi-la-taha-granada-spain-fr","9":"product_tag-german-luthier-from-granada-spain-fr","10":"product_tag-hand-made-guitars-granada-spain-fr","11":"product_tag-montreal-high-end-guitars-showroom-fr","12":"sales-flash-overlay","13":"woocommerce-text-align-left","14":"woocommerce-image-align-center","15":"do-quantity-buttons","16":"wc-has-gallery","18":"first","19":"outofstock","20":"taxable","21":"shipping-taxable","22":"product-type-simple"},"_links":{"self":[{"href":"https:\/\/www.grandsalondeguitare.com\/fr\/wp-json\/wp\/v2\/product\/33067","targetHints":{"allow":["GET"]}}],"collection":[{"href":"https:\/\/www.grandsalondeguitare.com\/fr\/wp-json\/wp\/v2\/product"}],"about":[{"href":"https:\/\/www.grandsalondeguitare.com\/fr\/wp-json\/wp\/v2\/types\/product"}],"replies":[{"embeddable":true,"href":"https:\/\/www.grandsalondeguitare.com\/fr\/wp-json\/wp\/v2\/comments?post=33067"}],"wp:featuredmedia":[{"embeddable":true,"href":"https:\/\/www.grandsalondeguitare.com\/fr\/wp-json\/wp\/v2\/media\/33069"}],"wp:attachment":[{"href":"https:\/\/www.grandsalondeguitare.com\/fr\/wp-json\/wp\/v2\/media?parent=33067"}],"wp:term":[{"taxonomy":"product_brand","embeddable":true,"href":"https:\/\/www.grandsalondeguitare.com\/fr\/wp-json\/wp\/v2\/product_brand?post=33067"},{"taxonomy":"product_cat","embeddable":true,"href":"https:\/\/www.grandsalondeguitare.com\/fr\/wp-json\/wp\/v2\/product_cat?post=33067"},{"taxonomy":"product_tag","embeddable":true,"href":"https:\/\/www.grandsalondeguitare.com\/fr\/wp-json\/wp\/v2\/product_tag?post=33067"}],"curies":[{"name":"wp","href":"https:\/\/api.w.org\/{rel}","templated":true}]}}