{"id":32870,"date":"2024-02-20T14:25:06","date_gmt":"2024-02-20T19:25:07","guid":{"rendered":"https:\/\/www.grandsalondeguitare.com\/?post_type=product&#038;p=32870"},"modified":"2024-02-20T14:52:23","modified_gmt":"2024-02-20T19:52:23","slug":"a-137-henriksen-the-bud-six-etats-unis-copy","status":"publish","type":"product","link":"https:\/\/www.grandsalondeguitare.com\/fr\/produit\/a-137-henriksen-the-bud-six-etats-unis-copy\/","title":{"rendered":"A-351, Henriksen The BUD Head"},"content":{"rendered":"<p><strong>\u00ab\u00a0The BUD Head \u00ab\u00a0<\/strong><\/p>\n<p><strong>Toute la sonorit\u00e9, la puissance et les fonctionnalit\u00e9s du Bud,\u00a0sont d\u00e9sormais disponibles dans un emballage d&rsquo;un peu plus de 3 lb\u00a0!<\/strong><\/p>\n<p>Que vous recherchiez un ampli p\u00e9dalier, une t\u00eate d&rsquo;ampli ou une DI amplifi\u00e9e \u00e0 2 canaux, le nouveau Bud Head est fait pour vous. L&rsquo;amplificateur Bud est devenu l&rsquo;ampli incontournable en mati\u00e8re de qualit\u00e9 sonore, de puissance et de polyvalence, offrant une v\u00e9ritable utilit\u00e9 pour les concerts dans le plus petit bo\u00eetier possible.<\/p>\n<p>Vous pouvez d\u00e9sormais emporter tout cela dans votre housse avec le nouveau Bud Head ! Il poss\u00e8de le m\u00eame pr\u00e9ampli \u00e0 2 canaux que le Bud, la m\u00eame puissance, mais ne n\u00e9cessite pas de connexion d&rsquo;un haut-parleur, vous pouvez donc acc\u00e9der directement au syst\u00e8me domestique, au moniteur aliment\u00e9 ou \u00e0 l&rsquo;interface d&rsquo;enregistrement, ou l&rsquo;utiliser pour alimenter un haut-parleur. armoire de votre choix.<\/p>\n<p>&nbsp;<\/p>\n<p><strong>Caract\u00e9ristiques<\/strong><\/p>\n<p>120 watts<\/p>\n<p>3,5 livres<\/p>\n<p>4\u2033 x 9\u2033 x 7\u2033<\/p>\n<p>2 x postes. Haut-parleur<\/p>\n<p>Prise casque<\/p>\n<p>Double canal, \u00e9galiseur et r\u00e9verb\u00e9ration ind\u00e9pendants avec entr\u00e9es combo XLR\/1\/4\u2033 \u00e0 alimentation fant\u00f4me<\/p>\n<p>Sortie ligne de qualit\u00e9 studio (post EQ et r\u00e9verb\u00e9ration, les deux canaux)<\/p>\n<p>1\/8 Aux. saisir<\/p>\n<p>Entr\u00e9e auxiliaire sans fil<\/p>\n<p>&nbsp;<\/p>\n<p><strong>*** Le sac de transport est inclus dans le prix ***<\/strong><\/p>\n<p>&nbsp;<\/p>\n<p>Les amplificateurs Bud sont con\u00e7us pour offrir la plus haute qualit\u00e9 sonore pour les instruments \u00e9lectriques et acoustiques que vous attendez d&rsquo;une situation de studio, avec suffisamment de volume pour couvrir presque tous les concerts. Les amplificateurs Henriksen sont avant tout une question de tonalit\u00e9. La taille incroyablement portable et l&rsquo;ensemble des fonctionnalit\u00e9s du Bud ont \u00e9t\u00e9 d\u00e9velopp\u00e9s autour du son, et non l&rsquo;inverse, et vous pouvez certainement entendre la diff\u00e9rence.<\/p>\n<p>Notre pr\u00e9ampli, de l&rsquo;entr\u00e9e \u00e0 la sortie, est con\u00e7u en utilisant des composants audio de la plus haute qualit\u00e9. Nous proposons un \u00e9galiseur 5 bandes avec des fr\u00e9quences centrales soigneusement choisies et affin\u00e9es \u00e0 l&rsquo;oreille pour r\u00e9pondre aux exigences de diff\u00e9rents environnements de jeu utilisant la gamme la plus large possible d&rsquo;instruments de musique.<\/p>\n<p>Nous vous proposons deux pr\u00e9amplis identiques, chacun avec un \u00e9galiseur et une r\u00e9verb\u00e9ration ind\u00e9pendants et une v\u00e9ritable alimentation fant\u00f4me de 48 volts, ainsi qu&rsquo;une entr\u00e9e auxiliaire sur chaque canal afin que tout ce pour quoi vous l&rsquo;utilisez puisse \u00eatre \u00e9galis\u00e9 s\u00e9par\u00e9ment du signal de votre instrument.<\/p>\n","protected":false},"excerpt":{"rendered":"<p><strong>\u00a0\u00bb The BUD Head \u00ab\u00a0<\/strong><\/p>\n<p><strong>Toute la sonorit\u00e9, la puissance et les fonctionnalit\u00e9s du Bud,\u00a0sont d\u00e9sormais disponibles dans un emballage d&rsquo;un peu plus de 3 lb\u00a0!<\/strong><\/p>\n","protected":false},"featured_media":32878,"comment_status":"closed","ping_status":"closed","template":"","meta":{"_mo_disable_npp":""},"product_brand":[],"product_cat":[1052,1277],"product_tag":[1619,1620,1621,1622],"class_list":{"0":"post-32870","1":"product","2":"type-product","3":"status-publish","4":"has-post-thumbnail","6":"product_cat-accessoires","7":"product_cat-amplificateurs","8":"product_tag-dual-channel-jazz-amp-fr","9":"product_tag-montreal-boutique-amps-fr","10":"product_tag-smallest-jazz-amp-fr","11":"product_tag-the-bud-henriksen-amps-fr","12":"sales-flash-overlay","13":"woocommerce-text-align-left","14":"woocommerce-image-align-center","15":"do-quantity-buttons","16":"wc-has-gallery","18":"first","19":"outofstock","20":"taxable","21":"shipping-taxable","22":"purchasable","23":"product-type-simple"},"_links":{"self":[{"href":"https:\/\/www.grandsalondeguitare.com\/fr\/wp-json\/wp\/v2\/product\/32870","targetHints":{"allow":["GET"]}}],"collection":[{"href":"https:\/\/www.grandsalondeguitare.com\/fr\/wp-json\/wp\/v2\/product"}],"about":[{"href":"https:\/\/www.grandsalondeguitare.com\/fr\/wp-json\/wp\/v2\/types\/product"}],"replies":[{"embeddable":true,"href":"https:\/\/www.grandsalondeguitare.com\/fr\/wp-json\/wp\/v2\/comments?post=32870"}],"wp:featuredmedia":[{"embeddable":true,"href":"https:\/\/www.grandsalondeguitare.com\/fr\/wp-json\/wp\/v2\/media\/32878"}],"wp:attachment":[{"href":"https:\/\/www.grandsalondeguitare.com\/fr\/wp-json\/wp\/v2\/media?parent=32870"}],"wp:term":[{"taxonomy":"product_brand","embeddable":true,"href":"https:\/\/www.grandsalondeguitare.com\/fr\/wp-json\/wp\/v2\/product_brand?post=32870"},{"taxonomy":"product_cat","embeddable":true,"href":"https:\/\/www.grandsalondeguitare.com\/fr\/wp-json\/wp\/v2\/product_cat?post=32870"},{"taxonomy":"product_tag","embeddable":true,"href":"https:\/\/www.grandsalondeguitare.com\/fr\/wp-json\/wp\/v2\/product_tag?post=32870"}],"curies":[{"name":"wp","href":"https:\/\/api.w.org\/{rel}","templated":true}]}}