{"id":32814,"date":"2024-02-16T14:02:40","date_gmt":"2024-02-16T19:02:40","guid":{"rendered":"https:\/\/www.grandsalondeguitare.com\/?post_type=product&#038;p=32814"},"modified":"2026-04-27T08:53:49","modified_gmt":"2026-04-27T13:53:49","slug":"c-692-johannes-kitselis-suede-copy-2","status":"publish","type":"product","link":"https:\/\/www.grandsalondeguitare.com\/fr\/produit\/c-692-johannes-kitselis-suede-copy-2\/","title":{"rendered":"C-737, Johannes Kitselis (Su\u00e8de)"},"content":{"rendered":"<p>Nouvelle guitare classique de concert<\/p>\n<p>Mod\u00e8le double table<\/p>\n<p>Ann\u00e9e 2024<\/p>\n<p>N-81<\/p>\n<p>\u00c9chelle de 650 mm avec sillet de 52 mm<\/p>\n<p>Epic\u00e9a Suisse \/ Epic\u00e9a Allemand<\/p>\n<p>Noyau interne en Nomex<\/p>\n<p>Fond et \u00e9clisses en palissandre de Madagascar (40 ans +)<\/p>\n<p>Dos lamin\u00e9 avec du Madagascar<\/p>\n<p>C\u00f4t\u00e9s lamin\u00e9s avec du Cocobolo<\/p>\n<p>Manche en c\u00e8dre sur\u00e9lev\u00e9<\/p>\n<p>Touche en \u00e9b\u00e8ne avec 20\u00e8me frette<\/p>\n<p>Chevalet en palissandre du Madagascar<\/p>\n<p>Placage de la tete en Ziricote<\/p>\n<p>M\u00e9caniques Alessi fabriqu\u00e9es \u00e0 la main (mod\u00e8le Hauser)<\/p>\n<p>Finition au tampon en polis Fran\u00e7ais<\/p>\n<p>\u00c9tui Hiscox Liteflite PROII inclus<\/p>\n<p>&nbsp;<\/p>\n<p>Le poids de la guitare est de 1,80 kg \/ 3,96 lbs<\/p>\n<p>La longueur du corps est de 49 cm \/ 19,29 pouces<\/p>\n<p>La profondeur du corps est de 9,8 cm \/ 3,858 pouces<\/p>\n<p>Le bout sup\u00e9rieur mesure 28\u00a0cm\u00a0\/ 11,02\u00a0pouces<\/p>\n<p>Le bout inf\u00e9rieur est de 36 cm \/ 14,17 pouces<\/p>\n<p>&nbsp;<\/p>\n<p data-start=\"0\" data-end=\"52\">Johannes Kitselis est un luthier su\u00e9dois n\u00e9 en 1969.<\/p>\n<p data-start=\"54\" data-end=\"257\">Attir\u00e9 par la guitare classique d\u00e8s son plus jeune \u00e2ge, il construit son premier instrument \u00e0 seulement 15 ans, puis perfectionne son savoir-faire aupr\u00e8s du luthier grec de renom Giannis Paleodimopoulos.<\/p>\n<p data-start=\"259\" data-end=\"397\">Il ouvre son premier atelier en 2007 et vit aujourd\u2019hui dans le village d\u2019\u00c4ngelsberg, \u00e0 environ 150 kilom\u00e8tres au nord-ouest de Stockholm.<\/p>\n<p data-start=\"399\" data-end=\"506\">En 2017, il remporte le premier prix de lutherie au Festival International de Guitare de Saint-P\u00e9tersbourg.<\/p>\n<p data-start=\"508\" data-end=\"682\">Aujourd\u2019hui, il se consacre principalement aux guitares \u00e0 double table, recherchant une sonorit\u00e9 claire, vibrante et riche en harmoniques, avec une projection exceptionnelle.<\/p>\n<p data-start=\"684\" data-end=\"775\" data-is-last-node=\"\" data-is-only-node=\"\">Nous sommes fiers d\u2019\u00eatre le distributeur officiel des guitares Johannes Kitselis au Canada.<\/p>\n","protected":false},"excerpt":{"rendered":"[youtube v=ffz7rWn3rhw maxwidth=\"800px\"]\n<p>&nbsp;<\/p>\n<p>Direct de Su\u00e8de,<\/p>\n<p>Une nouvelle double table en \u00e9pic\u00e9a de Johannes Kitselis !!!<\/p>\n","protected":false},"featured_media":32816,"comment_status":"closed","ping_status":"closed","template":"","meta":{"_mo_disable_npp":""},"product_brand":[],"product_cat":[2258,1058,1057],"product_tag":[1062],"class_list":{"0":"post-32814","1":"product","2":"type-product","3":"status-publish","4":"has-post-thumbnail","6":"product_cat-double-tops","7":"product_cat-guitares","8":"product_cat-guitares-classique","9":"product_tag-high-end-guitar-showroom-montreal-canada-fr","10":"sales-flash-overlay","11":"woocommerce-text-align-left","12":"woocommerce-image-align-center","13":"do-quantity-buttons","14":"wc-has-gallery","16":"first","17":"outofstock","18":"sold-individually","19":"taxable","20":"shipping-taxable","21":"product-type-simple"},"_links":{"self":[{"href":"https:\/\/www.grandsalondeguitare.com\/fr\/wp-json\/wp\/v2\/product\/32814","targetHints":{"allow":["GET"]}}],"collection":[{"href":"https:\/\/www.grandsalondeguitare.com\/fr\/wp-json\/wp\/v2\/product"}],"about":[{"href":"https:\/\/www.grandsalondeguitare.com\/fr\/wp-json\/wp\/v2\/types\/product"}],"replies":[{"embeddable":true,"href":"https:\/\/www.grandsalondeguitare.com\/fr\/wp-json\/wp\/v2\/comments?post=32814"}],"wp:featuredmedia":[{"embeddable":true,"href":"https:\/\/www.grandsalondeguitare.com\/fr\/wp-json\/wp\/v2\/media\/32816"}],"wp:attachment":[{"href":"https:\/\/www.grandsalondeguitare.com\/fr\/wp-json\/wp\/v2\/media?parent=32814"}],"wp:term":[{"taxonomy":"product_brand","embeddable":true,"href":"https:\/\/www.grandsalondeguitare.com\/fr\/wp-json\/wp\/v2\/product_brand?post=32814"},{"taxonomy":"product_cat","embeddable":true,"href":"https:\/\/www.grandsalondeguitare.com\/fr\/wp-json\/wp\/v2\/product_cat?post=32814"},{"taxonomy":"product_tag","embeddable":true,"href":"https:\/\/www.grandsalondeguitare.com\/fr\/wp-json\/wp\/v2\/product_tag?post=32814"}],"curies":[{"name":"wp","href":"https:\/\/api.w.org\/{rel}","templated":true}]}}