{"id":32788,"date":"2024-02-14T11:51:36","date_gmt":"2024-02-14T16:51:38","guid":{"rendered":"https:\/\/www.grandsalondeguitare.com\/?post_type=product&#038;p=32788"},"modified":"2024-02-14T12:06:00","modified_gmt":"2024-02-14T17:06:00","slug":"a-272-coussin-mousse-guitarlift-copy","status":"publish","type":"product","link":"https:\/\/www.grandsalondeguitare.com\/fr\/produit\/a-272-coussin-mousse-guitarlift-copy\/","title":{"rendered":"A-350, Xtra Coussin Guitarlift"},"content":{"rendered":"<p>Nouveau coussin suppl\u00e9mentaire<\/p>\n<p>Ce coussin s&rsquo;enroule autour du coussin existant au bas de n&rsquo;importe quel Guitarlift\u00ae, offrant une couche suppl\u00e9mentaire de confort pour votre jambe lors de longues s\u00e9ances d&rsquo;entra\u00eenement ou de performances.<\/p>\n<p>Compatible avec tous les mod\u00e8les.<\/p>\n<p>Le coussin suppl\u00e9mentaire est fabriqu\u00e9 \u00e0 partir de mousse de haute qualit\u00e9 qui r\u00e9siste aux rigueurs d&rsquo;une utilisation quotidienne sans perdre sa forme.<\/p>\n<p>Apr\u00e8s une utilisation longue et intensive, le coussin peut \u00eatre lav\u00e9 \u00e0 30\u00b0C et\/ou l\u00e9g\u00e8rement ponc\u00e9 avec du papier de verre pour lui redonner sa propri\u00e9t\u00e9 antid\u00e9rapante.<\/p>\n<p>Le poids de l&rsquo;article est de 91 grammes<\/p>\n","protected":false},"excerpt":{"rendered":"<p>Nouveau coussin suppl\u00e9mentaire<\/p>\n<p>Ce coussin s&rsquo;enroule autour du coussin existant au bas de n&rsquo;importe quel Guitarlift\u00ae, offrant une couche suppl\u00e9mentaire de confort pour votre jambe lors de longues s\u00e9ances d&rsquo;entra\u00eenement ou de performances.<\/p>\n<p>Compatible avec tous les mod\u00e8les.<\/p>\n","protected":false},"featured_media":32793,"comment_status":"open","ping_status":"closed","template":"","meta":{"_mo_disable_npp":""},"product_brand":[],"product_cat":[1052,1069],"product_tag":[1305,1306],"class_list":{"0":"post-32788","1":"product","2":"type-product","3":"status-publish","4":"has-post-thumbnail","6":"product_cat-accessoires","7":"product_cat-supports-pour-guitare","8":"product_tag-guitarlift-cushions-fr","9":"product_tag-guitarlift-supports-fr","10":"sales-flash-overlay","11":"woocommerce-text-align-left","12":"woocommerce-image-align-center","13":"do-quantity-buttons","14":"wc-has-gallery","16":"first","17":"instock","18":"taxable","19":"shipping-taxable","20":"purchasable","21":"product-type-simple"},"_links":{"self":[{"href":"https:\/\/www.grandsalondeguitare.com\/fr\/wp-json\/wp\/v2\/product\/32788","targetHints":{"allow":["GET"]}}],"collection":[{"href":"https:\/\/www.grandsalondeguitare.com\/fr\/wp-json\/wp\/v2\/product"}],"about":[{"href":"https:\/\/www.grandsalondeguitare.com\/fr\/wp-json\/wp\/v2\/types\/product"}],"replies":[{"embeddable":true,"href":"https:\/\/www.grandsalondeguitare.com\/fr\/wp-json\/wp\/v2\/comments?post=32788"}],"wp:featuredmedia":[{"embeddable":true,"href":"https:\/\/www.grandsalondeguitare.com\/fr\/wp-json\/wp\/v2\/media\/32793"}],"wp:attachment":[{"href":"https:\/\/www.grandsalondeguitare.com\/fr\/wp-json\/wp\/v2\/media?parent=32788"}],"wp:term":[{"taxonomy":"product_brand","embeddable":true,"href":"https:\/\/www.grandsalondeguitare.com\/fr\/wp-json\/wp\/v2\/product_brand?post=32788"},{"taxonomy":"product_cat","embeddable":true,"href":"https:\/\/www.grandsalondeguitare.com\/fr\/wp-json\/wp\/v2\/product_cat?post=32788"},{"taxonomy":"product_tag","embeddable":true,"href":"https:\/\/www.grandsalondeguitare.com\/fr\/wp-json\/wp\/v2\/product_tag?post=32788"}],"curies":[{"name":"wp","href":"https:\/\/api.w.org\/{rel}","templated":true}]}}