{"id":32730,"date":"2024-02-13T09:56:37","date_gmt":"2024-02-13T14:56:37","guid":{"rendered":"https:\/\/www.grandsalondeguitare.com\/?post_type=product&#038;p=32730"},"modified":"2025-10-21T09:23:34","modified_gmt":"2025-10-21T14:23:34","slug":"c-677-jean-noel-lebreton-france-copy-2","status":"publish","type":"product","link":"https:\/\/www.grandsalondeguitare.com\/fr\/produit\/c-677-jean-noel-lebreton-france-copy-2\/","title":{"rendered":"C-736, Jean-Noel Lebreton (France)"},"content":{"rendered":"<p>Nouvelle guitare classique de concert<\/p>\n<p>Mod\u00e8le double table<\/p>\n<p>Ann\u00e9e 2024<\/p>\n<p>N-47-193<\/p>\n<p>\u00c9chelle de 650 mm avec sillet de 52 mm<\/p>\n<p>C\u00e8dre \/ C\u00e8dre<\/p>\n<p>Noyau int\u00e9rieur en m\u00e9lange de Balsa et Nomex<\/p>\n<p>Fond et \u00e9clisses en palissandre Indien<\/p>\n<p>Manche sur\u00e9lev\u00e9 en c\u00e8dre Espagnol<\/p>\n<p>Touche en \u00e9b\u00e8ne avec 20\u00e8me frette<\/p>\n<p>Accoudoir<\/p>\n<p>Chevalet et placage de la t\u00eate en palissandre du Madagascar<\/p>\n<p>M\u00e9caniques Schaller Grand Tune<\/p>\n<p>Table d&rsquo;harmonie finis au tampon en polis Fran\u00e7ais<\/p>\n<p>Balance de la guitare avec vernis cellulosique<\/p>\n<p>\u00c9tui rigide inclus<\/p>\n<p>&nbsp;<\/p>\n<p>Le poids de la guitare est de 1,658 kg \/ 3,655 lb<\/p>\n<p>La longueur du corps est de 49 cm \/ 19,29 pouces<\/p>\n<p>La profondeur du corps est de 10,79 cm \/ 4,25 pouces<\/p>\n<p>Le bout sup\u00e9rieur mesure 28,5\u00a0cm\u00a0\/ 11,22\u00a0pouces<\/p>\n<p>Le bout inf\u00e9rieur est de 37,5 cm \/ 14,76 pouces<\/p>\n<p>&nbsp;<\/p>\n<p>Nous somme fiers d&rsquo;\u00eatre le repr\u00e9sentant exclusif en Am\u00e9rique, des guitares Jean-Noel Lebreton<\/p>\n<pre class=\"tw-data-text tw-text-large tw-ta\" dir=\"ltr\" data-placeholder=\"Translation\"><\/pre>\n","protected":false},"excerpt":{"rendered":"[youtube v=ffz7rWn3rhw maxwidth=\"800px\"]\n<p>&nbsp;<\/p>\n<p>Direct de France !!!<\/p>\n<p>Nouvelle double table du luthier Jean-Noel Lebreton !!!<\/p>\n<p>Noyer int\u00e9rieur special, m\u00e9lange de Balsa et Nomex !!!<\/p>\n<p>Des basses chaudes, puissantes &amp; profondes avec de beaux aigus per\u00e7ants<\/p>\n<p>Excellent balance, separation et sustain avec projection de niveau concert<\/p>\n<p>Un essaie s&rsquo;impose !!!<\/p>\n","protected":false},"featured_media":32732,"comment_status":"closed","ping_status":"closed","template":"","meta":{"_mo_disable_npp":""},"product_brand":[],"product_cat":[2257,1058,1057],"product_tag":[1062],"class_list":{"0":"post-32730","1":"product","2":"type-product","3":"status-publish","4":"has-post-thumbnail","6":"product_cat-double-tables","7":"product_cat-guitares","8":"product_cat-guitares-classique","9":"product_tag-high-end-guitar-showroom-montreal-canada-fr","10":"sales-flash-overlay","11":"woocommerce-text-align-left","12":"woocommerce-image-align-center","13":"do-quantity-buttons","14":"wc-has-gallery","16":"first","17":"outofstock","18":"sold-individually","19":"taxable","20":"shipping-taxable","21":"product-type-simple"},"_links":{"self":[{"href":"https:\/\/www.grandsalondeguitare.com\/fr\/wp-json\/wp\/v2\/product\/32730","targetHints":{"allow":["GET"]}}],"collection":[{"href":"https:\/\/www.grandsalondeguitare.com\/fr\/wp-json\/wp\/v2\/product"}],"about":[{"href":"https:\/\/www.grandsalondeguitare.com\/fr\/wp-json\/wp\/v2\/types\/product"}],"replies":[{"embeddable":true,"href":"https:\/\/www.grandsalondeguitare.com\/fr\/wp-json\/wp\/v2\/comments?post=32730"}],"wp:featuredmedia":[{"embeddable":true,"href":"https:\/\/www.grandsalondeguitare.com\/fr\/wp-json\/wp\/v2\/media\/32732"}],"wp:attachment":[{"href":"https:\/\/www.grandsalondeguitare.com\/fr\/wp-json\/wp\/v2\/media?parent=32730"}],"wp:term":[{"taxonomy":"product_brand","embeddable":true,"href":"https:\/\/www.grandsalondeguitare.com\/fr\/wp-json\/wp\/v2\/product_brand?post=32730"},{"taxonomy":"product_cat","embeddable":true,"href":"https:\/\/www.grandsalondeguitare.com\/fr\/wp-json\/wp\/v2\/product_cat?post=32730"},{"taxonomy":"product_tag","embeddable":true,"href":"https:\/\/www.grandsalondeguitare.com\/fr\/wp-json\/wp\/v2\/product_tag?post=32730"}],"curies":[{"name":"wp","href":"https:\/\/api.w.org\/{rel}","templated":true}]}}