{"id":32640,"date":"2024-01-31T15:37:30","date_gmt":"2024-01-31T20:37:30","guid":{"rendered":"https:\/\/www.grandsalondeguitare.com\/?post_type=product&#038;p=32640"},"modified":"2025-06-09T09:45:19","modified_gmt":"2025-06-09T14:45:19","slug":"c-682-masaki-sakurai-concert-j-copy","status":"publish","type":"product","link":"https:\/\/www.grandsalondeguitare.com\/fr\/produit\/c-682-masaki-sakurai-concert-j-copy\/","title":{"rendered":"C-735, So Kimishima (Stella)"},"content":{"rendered":"<p>Nouvelle guitare classique de concert<\/p>\n<p>Mod\u00e8le \u00ab\u00a0Stella\u00a0\u00bb<\/p>\n<p>Construit en 2024<\/p>\n<p>\u00c9chelle de 650 mm avec sillet de 52 mm<\/p>\n<p>Table en \u00e9pic\u00e9a Engelmann<\/p>\n<p>Fond et \u00e9clisses en palissandre Indien<\/p>\n<p>Manche en c\u00e8dre espagnol avec renfort en \u00e9b\u00e8ne<\/p>\n<p>M\u00e9caniques Gotoh 35G1800 avec boutons en \u00e9b\u00e8ne<\/p>\n<p>Finition laque nitrocellulosique<\/p>\n<p>\u00c9tui rigide inclus<\/p>\n<p>&nbsp;<\/p>\n<p>La longueur totale de la guitare est de 98 cm \/ 38,5 pouces<\/p>\n<p>La longueur du corps est de 48 cm \/ 18,89 pouces<\/p>\n<p>Le bout sup\u00e9rieur mesure 28,5 cm \/ 11,22 pouces<\/p>\n<p>Le bout inf\u00e9rieur est de 37 cm \/ 14,56 pouces<\/p>\n<p>La largeur est de 10 cm \/ 3,937 pouces<\/p>\n<p>Le poids de la guitare est de 1,70 kg \/ 3,747 lb<\/p>\n<p>&nbsp;<\/p>\n<p>So Kimishima est le petit-fils du l\u00e9gendaire luthier japonais Masaru Kohno.<\/p>\n<p>Il a travaill\u00e9 pour Masaki Sakurai au cours des 15 derni\u00e8res ann\u00e9es jusqu&rsquo;\u00e0 ce qu&rsquo;il d\u00e9cide finalement de cr\u00e9er ses propres mod\u00e8les, qui font partie de la gamme Kohno Guitar Manufacturing.<\/p>\n<p>Kimishima b\u00e9n\u00e9ficie de la recherche et de l&rsquo;exp\u00e9rience de Masaru Kohno et Masaki Sakurai pour continuer \u00e0 am\u00e9liorer la qualit\u00e9 de leurs guitares mais aussi pour challenger de nouvelles techniques et d\u00e9velopper de nouveaux mod\u00e8les.<\/p>\n<p>Comme tout autre excellent artisan, Kimishima accorde une attention particuli\u00e8re aux d\u00e9tails et \u00e0 la finition de la guitare.<\/p>\n<p>Le mod\u00e8le \u00ab\u00a0Stella\u00a0\u00bb rend hommage aux l\u00e9gendaires guitares Masaru Kohno des ann\u00e9es\u00a01950 et\u00a01960, capturant l&rsquo;essence et le savoir-faire qui ont fait la renomm\u00e9e de ces instruments.<\/p>\n<p>Au c\u0153ur de cette guitare se trouve une table d&rsquo;harmonie en \u00e9pic\u00e9a magnifiquement travaill\u00e9e, renforc\u00e9e par six croisillons en \u00e9ventail pour garantir durabilit\u00e9 et fid\u00e9lit\u00e9 sonore. Elle offre des qualit\u00e9s sonores charmantes et un \u00e9quilibre incroyable dans toutes les sonorit\u00e9s.<\/p>\n<p>La rosace signature de Kimishima vient \u00e9l\u00e9gamment compl\u00e9ter ce mod\u00e8le, t\u00e9moignant du souci du d\u00e9tail qui caract\u00e9rise son travail.<\/p>\n<p>Le choix du palissandre indien pour le dos et les \u00e9clisses rehausse non seulement l&rsquo;esth\u00e9tique de la guitare, mais contribue \u00e9galement \u00e0 sa sonorit\u00e9 chaleureuse et r\u00e9sonnante. Fid\u00e8le \u00e0 la tradition de Kohno Guitar Manufacturing, le mod\u00e8le \u00ab\u00a0Stella\u00a0\u00bb incarne le summum de la lutherie, t\u00e9moignant d&rsquo;une ex\u00e9cution irr\u00e9prochable et d&rsquo;un engagement ind\u00e9fectible envers la qualit\u00e9 \u00e0 chaque \u00e9tape de sa fabrication.<\/p>\n<p>Les doubles bandes de renfort en \u00e9b\u00e8ne \u00e0 l&rsquo;arri\u00e8re du manche permettent un r\u00e9glage tr\u00e8s pr\u00e9cis, pour une action basse et facile, sans bourdonnement. Le manche plus rigide am\u00e9liore \u00e9galement le sustain.<\/p>\n<p>La puissance est amplement suffisante pour toutes les situations de concert, y compris les formations. En r\u00e9sum\u00e9, un instrument charmant que nous recommandons \u00e0 tous ceux qui recherchent un instrument de concert de qualit\u00e9 sup\u00e9rieure.<\/p>\n<p>Comme tous les instruments Kohno Guitar Manufacturing, cette guitare t\u00e9moigne d&rsquo;une ex\u00e9cution parfaite et d&rsquo;un savoir-faire de haut niveau.<\/p>\n","protected":false},"excerpt":{"rendered":"[youtube v=8nyU6bOxpu4 maxwidth=\"800px\"]\n<p>&nbsp;<\/p>\n<p>So Kimishima est le petit-fils du l\u00e9gendaire luthier japonais Masaru Kohno.<\/p>\n<p>Il a travaill\u00e9 pour Masaki Sakurai au cours des 15 derni\u00e8res ann\u00e9es jusqu&rsquo;\u00e0 ce qu&rsquo;il d\u00e9cide finalement de cr\u00e9er ses propres mod\u00e8les, qui font partie de la gamme Kohno Guitar Manufacturing.<\/p>\n<p>Au-del\u00e0 de son esth\u00e9tique, la guitare \u00ab\u00a0Stella\u00a0\u00bb se distingue par sa qualit\u00e9 sonore captivante, qui atteint un \u00e9quilibre remarquable dans tous les registres. Cette harmonie, associ\u00e9e \u00e0 une excellente jouabilit\u00e9, fait de cet instrument un v\u00e9ritable plaisir pour tout guitariste.<\/p>\n<p>Que vous jouiez seul ou en public, le mod\u00e8le \u00ab\u00a0Stella\u00a0\u00bb offre une exp\u00e9rience de jeu \u00e0 la fois satisfaisante et inspirante.<\/p>\n","protected":false},"featured_media":32644,"comment_status":"closed","ping_status":"closed","template":"","meta":{"_mo_disable_npp":""},"product_brand":[],"product_cat":[1058,1057],"product_tag":[],"class_list":{"0":"post-32640","1":"product","2":"type-product","3":"status-publish","4":"has-post-thumbnail","6":"product_cat-guitares","7":"product_cat-guitares-classique","8":"sales-flash-overlay","9":"woocommerce-text-align-left","10":"woocommerce-image-align-center","11":"do-quantity-buttons","12":"wc-has-gallery","14":"first","15":"outofstock","16":"taxable","17":"shipping-taxable","18":"product-type-simple"},"_links":{"self":[{"href":"https:\/\/www.grandsalondeguitare.com\/fr\/wp-json\/wp\/v2\/product\/32640","targetHints":{"allow":["GET"]}}],"collection":[{"href":"https:\/\/www.grandsalondeguitare.com\/fr\/wp-json\/wp\/v2\/product"}],"about":[{"href":"https:\/\/www.grandsalondeguitare.com\/fr\/wp-json\/wp\/v2\/types\/product"}],"replies":[{"embeddable":true,"href":"https:\/\/www.grandsalondeguitare.com\/fr\/wp-json\/wp\/v2\/comments?post=32640"}],"wp:featuredmedia":[{"embeddable":true,"href":"https:\/\/www.grandsalondeguitare.com\/fr\/wp-json\/wp\/v2\/media\/32644"}],"wp:attachment":[{"href":"https:\/\/www.grandsalondeguitare.com\/fr\/wp-json\/wp\/v2\/media?parent=32640"}],"wp:term":[{"taxonomy":"product_brand","embeddable":true,"href":"https:\/\/www.grandsalondeguitare.com\/fr\/wp-json\/wp\/v2\/product_brand?post=32640"},{"taxonomy":"product_cat","embeddable":true,"href":"https:\/\/www.grandsalondeguitare.com\/fr\/wp-json\/wp\/v2\/product_cat?post=32640"},{"taxonomy":"product_tag","embeddable":true,"href":"https:\/\/www.grandsalondeguitare.com\/fr\/wp-json\/wp\/v2\/product_tag?post=32640"}],"curies":[{"name":"wp","href":"https:\/\/api.w.org\/{rel}","templated":true}]}}